{"id":14590,"date":"2025-02-05T16:50:09","date_gmt":"2025-02-05T15:50:09","guid":{"rendered":"https:\/\/www.vollcom-digital.com\/digital-transformation\/"},"modified":"2025-11-27T17:38:28","modified_gmt":"2025-11-27T16:38:28","slug":"datengetriebene-transformation","status":"publish","type":"page","link":"https:\/\/www.vollcom-digital.com\/de\/dienstleistungen\/tech-data-consulting\/datengetriebene-transformation\/","title":{"rendered":"Datengetriebene Transformation"},"content":{"rendered":"\n<section id=\"intro\" class=\"wp-block-group py-5 mb-5 mb-lg-10 has-dark-blue-background-color is-layout-constrained wp-block-group-is-layout-constrained\"><div class=\"wp-bootstrap-blocks-container container mb-5 py-5 mt-5\">\n\t\n<div class=\"wp-bootstrap-blocks-container container mb-0\">\n\t\n<div class=\"wp-bootstrap-blocks-row row align-items-center\">\n\t\n\n<div class=\"col-12 col-md-5 mb-5 mb-lg-0\">\n\t\t\t\n\n<h1 class=\"wp-block-heading fw-bold mb-4 has-white-color has-text-color\">Datengetriebene Transformation<\/h1>\n\n\n\n<h2 class=\"wp-block-heading h4 text-opacity-75 mb-4 has-white-color has-text-color has-link-color wp-elements-b544e3cf352d2e9e4702aee3232fd477\">Begleitung Ihrer Organisation durch datengest\u00fctzte Technologieeinf\u00fchrung<\/h2>\n\n\n\n<p class=\"text-opacity-75 mb-5 has-white-color has-text-color has-link-color wp-elements-46c05255e106c81453577c8258ea9dc8\">Transformieren Sie Ihr Unternehmen mit Vertrauen, indem Sie Daten als Kompass nutzen. Unsere Services f\u00fcr datengetriebene Transformation nutzen Analytik und Erkenntnisse, um strategische Technologieeinf\u00fchrung zu steuern und sicherzustellen, dass jede digitale Initiative durch Evidenz untermauert und auf messbare Gesch\u00e4ftsergebnisse ausgerichtet ist.<\/p>\n\n\n<div class=\"wp-bootstrap-blocks-button\">\n\t<a\n\t\thref=\"https:\/\/www.vollcom-digital.com\/de\/erstgespraech\/\"\n\t\t\t\t\t\tclass=\"btn btn-lg btn-primary\"\n\t>\n\t\tKostenloses Erstberatungsgespr\u00e4ch vereinbaren\t<\/a>\n<\/div>\n\n\t<\/div>\n\n\n\n<div class=\"col-12 col-md-7 d-none d-md-flex justify-content-center\">\n\t\t\t\n\n<figure class=\"wp-block-image size-full\"><img decoding=\"async\" width=\"512\" height=\"250\" src=\"https:\/\/www.vollcom-digital.com\/wp-content\/uploads\/2025\/02\/business-presentation-data-discussion.png\" alt=\"Eine professionelle Diskussion mit einer Pr\u00e4sentation an einem Whiteboard.\" class=\"wp-image-14063\" style=\"object-fit:cover\" title=\"\" srcset=\"https:\/\/www.vollcom-digital.com\/wp-content\/uploads\/2025\/02\/business-presentation-data-discussion.png 512w, https:\/\/www.vollcom-digital.com\/wp-content\/uploads\/2025\/02\/business-presentation-data-discussion-150x73.png 150w\" sizes=\"(max-width: 512px) 100vw, 512px\" \/><\/figure>\n\n\t<\/div>\n\n<\/div>\n\n<\/div>\n\n<\/div>\n<\/section>\n\n\n\n<section id=\"usp\" class=\"wp-block-group mb-lg-10 mb-5 is-layout-constrained wp-block-group-is-layout-constrained\" data-mdb-animation-init=\"\" data-mdb-animation-start=\"onScroll\" data-mdb-animation=\"fade-in\" data-mdb-animation-offset=\"300\"><div class=\"wp-bootstrap-blocks-container container mb-0 mt-5\">\n\t\n<div class=\"wp-bootstrap-blocks-container container mb-0\">\n\t\n<div class=\"wp-bootstrap-blocks-row row text-center animation fade-in\">\n\t\n\n<div class=\"col-12\">\n\t\t\t\n\n<p class=\"text-uppercase mb-4 text-link-left-turquoise has-turquoise-color has-text-color\"><a href=\"https:\/\/www.vollcom-digital.com\/de\/ueber-uns\/\" data-type=\"page\" data-id=\"14614\">\u00dcber das Unternehmen<\/a><\/p>\n\n\n\n<h2 class=\"wp-block-heading mb-5\">Warum unsere Services f\u00fcr datengetriebene Transformation w\u00e4hlen?<\/h2>\n\n\t<\/div>\n\n<\/div>\n\n<\/div>\n\n\n<div class=\"wp-bootstrap-blocks-container container mb-0\">\n\t\n<div class=\"wp-bootstrap-blocks-row row animation fade-in\">\n\t\n\n<div class=\"col-12 col-md-4 mb-5\">\n\t\t\t\n\n<div class=\"wp-block-group d-flex align-items-start is-layout-constrained wp-block-group-is-layout-constrained\">\n<div class=\"flex-shrink-0 mt-1\"><i class=\"fas fa-check-circle fa-lg text-success fa-fw\"><\/i><\/div>\n\n\n\n<div class=\"wp-block-group flex-grow-1 ms-3 is-layout-constrained wp-block-group-is-layout-constrained\">\n<h3 class=\"wp-block-heading mb-1\">Evidenzbasierte Entscheidungen<\/h3>\n\n\n\n<p class=\"text-muted mb-0\">Jede Transformationsinitiative wird durch umfassende Datenanalyse untermauert und gew\u00e4hrleistet, dass Technologieinvestitionen messbaren ROI und strategischen Wert liefern.<\/p>\n<\/div>\n<\/div>\n\n\t<\/div>\n\n\n\n<div class=\"col-12 col-md-4 mb-5\">\n\t\t\t\n\n<div class=\"wp-block-group d-flex align-items-start is-layout-constrained wp-block-group-is-layout-constrained\">\n<div class=\"flex-shrink-0 mt-1\"><i class=\"fas fa-check-circle fa-lg text-success fa-fw\"><\/i><\/div>\n\n\n\n<div class=\"wp-block-group flex-grow-1 ms-3 is-layout-constrained wp-block-group-is-layout-constrained\">\n<h3 class=\"wp-block-heading mb-1\">Pr\u00e4diktive Erkenntnisse<\/h3>\n\n\n\n<p class=\"text-muted mb-0\">Nutzen Sie fortschrittliche Analytik zur Vorhersage von Ergebnissen, Risikoidentifikation und Optimierung von Technologieeinf\u00fchrungspfaden vor Implementierungsbeginn.<\/p>\n<\/div>\n<\/div>\n\n\t<\/div>\n\n\n\n<div class=\"col-12 col-md-4\">\n\t\t\t\n\n<div class=\"wp-block-group d-flex align-items-start is-layout-constrained wp-block-group-is-layout-constrained\">\n<div class=\"flex-shrink-0 mt-1\"><i class=\"fas fa-check-circle fa-lg text-success fa-fw\"><\/i><\/div>\n\n\n\n<div class=\"wp-block-group flex-grow-1 ms-3 is-layout-constrained wp-block-group-is-layout-constrained\">\n<h3 class=\"wp-block-heading mb-1\">Kontinuierliche Optimierung<\/h3>\n\n\n\n<p class=\"text-muted mb-0\">Echtzeit-Daten\u00fcberwachung und Analytik erm\u00f6glichen kontinuierliche Verfeinerung von Prozessen und Technologien f\u00fcr nachhaltigen Wettbewerbsvorteil.<\/p>\n<\/div>\n<\/div>\n\n\t<\/div>\n\n<\/div>\n\n<\/div>\n\n<\/div>\n<\/section>\n\n\n\n<section id=\"services\" class=\"wp-block-group py-5 mb-lg-10 mb-5 has-light-blue-background-color is-layout-constrained wp-block-group-is-layout-constrained\" data-mdb-animation-init=\"\" data-mdb-animation-start=\"onScroll\" data-mdb-animation=\"fade-in\" data-mdb-animation-offset=\"300\"><div class=\"wp-bootstrap-blocks-container container mb-0 pt-5\">\n\t\n<div class=\"wp-bootstrap-blocks-row row text-center animation fade-in\">\n\t\n\n<div class=\"col-12\">\n\t\t\t\n\n<h2 class=\"wp-block-heading mb-5\">Unsere Services f\u00fcr datengetriebene Transformation<\/h2>\n\n\t<\/div>\n\n<\/div>\n\n<\/div>\n\n\n<div class=\"wp-bootstrap-blocks-container container mb-5\">\n\t\n<div class=\"wp-bootstrap-blocks-row row\">\n\t\n\n<div class=\"col-12 col-md-6 mb-5\">\n\t\t\t\n\n<div class=\"wp-block-group card h-100 hover-shadow is-layout-flow wp-block-group-is-layout-flow\">\n<div class=\"wp-block-group card-body is-layout-flow wp-block-group-is-layout-flow\">\n<div class=\"wp-block-group d-flex align-items-center mb-4 is-layout-flow wp-block-group-is-layout-flow\">\n<div class=\"flex-shrink-0\">\n<span class=\"fa-stack d-flex align-items-center\" style=\"width: 60px; height: 48px;\">\n  <svg class=\"fa-stack-2x\" viewBox=\"0 0 100 100\" aria-hidden=\"true\">\n    <polygon points=\"25,10 75,10 100,50 75,90 25,90 0,50\" fill=\"#E5EAF4\"><\/polygon>\n  <\/svg>\n  <i class=\"fa-solid fa-chart-line fa-stack-1x has-dark-blue-color fa-inverse\"><\/i>\n<\/span>\n<\/div>\n\n\n\n<h3 class=\"wp-block-heading flex-grow-1 ms-3 card-title mb-0\">Datenreifegrad-Bewertung<\/h3>\n<\/div>\n\n\n\n<p>Umfassende Evaluierung Ihrer aktuellen Datenf\u00e4higkeiten, Infrastruktur und Analytik-Reife zur Identifikation von Transformationsm\u00f6glichkeiten und Technologiel\u00fccken.<\/p>\n<\/div>\n<\/div>\n\n\t<\/div>\n\n\n\n<div class=\"col-12 col-md-6 mb-5\">\n\t\t\t\n\n<div class=\"wp-block-group card h-100 hover-shadow is-layout-flow wp-block-group-is-layout-flow\">\n<div class=\"wp-block-group card-body is-layout-flow wp-block-group-is-layout-flow\">\n<div class=\"wp-block-group d-flex align-items-center mb-4 is-layout-flow wp-block-group-is-layout-flow\">\n<div class=\"flex-shrink-0\">\n<span class=\"fa-stack d-flex align-items-center\" style=\"width: 60px; height: 48px;\">\n  <svg class=\"fa-stack-2x\" viewBox=\"0 0 100 100\" aria-hidden=\"true\">\n    <polygon points=\"25,10 75,10 100,50 75,90 25,90 0,50\" fill=\"#E5EAF4\"><\/polygon>\n  <\/svg>\n  <i class=\"fa-solid fa-database fa-stack-1x has-dark-blue-color fa-inverse\"><\/i>\n<\/span>\n<\/div>\n\n\n\n<h3 class=\"wp-block-heading flex-grow-1 ms-3 card-title mb-0\">Analytik getriebene Strategieentwicklung<\/h3>\n<\/div>\n\n\n\n<p>Entwicklung von Transformations-Roadmaps basierend auf Datenerkenntnissen, pr\u00e4diktiver Modellierung und Business Intelligence zur Steuerung von Technologieauswahl und Implementierungspriorit\u00e4ten.<\/p>\n<\/div>\n<\/div>\n\n\t<\/div>\n\n<\/div>\n\n\n<div class=\"wp-bootstrap-blocks-row row\">\n\t\n\n<div class=\"col-12 col-md-6 mb-5\">\n\t\t\t\n\n<div class=\"wp-block-group card h-100 hover-shadow is-layout-flow wp-block-group-is-layout-flow\">\n<div class=\"wp-block-group card-body is-layout-flow wp-block-group-is-layout-flow\">\n<div class=\"wp-block-group d-flex align-items-center mb-4 is-layout-flow wp-block-group-is-layout-flow\">\n<div class=\"flex-shrink-0\">\n<span class=\"fa-stack d-flex align-items-center\" style=\"width: 60px; height: 48px;\">\n  <svg class=\"fa-stack-2x\" viewBox=\"0 0 100 100\" aria-hidden=\"true\">\n    <polygon points=\"25,10 75,10 100,50 75,90 25,90 0,50\" fill=\"#E5EAF4\"><\/polygon>\n  <\/svg>\n  <i class=\"fa-solid fa-cogs fa-stack-1x has-dark-blue-color fa-inverse\"><\/i>\n<\/span>\n<\/div>\n\n\n\n<h3 class=\"wp-block-heading flex-grow-1 ms-3 card-title mb-0\">Intelligente Prozessneugestaltung<\/h3>\n<\/div>\n\n\n\n<p>Daten informierte Prozessoptimierung, die Automatisierung, KI und fortschrittliche Analytik nutzt, um effiziente, skalierbare und intelligente Gesch\u00e4ftsabl\u00e4ufe zu schaffen.<\/p>\n<\/div>\n<\/div>\n\n\t<\/div>\n\n\n\n<div class=\"col-12 col-md-6 mb-5\">\n\t\t\t\n\n<div class=\"wp-block-group card h-100 hover-shadow is-layout-flow wp-block-group-is-layout-flow\">\n<div class=\"wp-block-group card-body is-layout-flow wp-block-group-is-layout-flow\">\n<div class=\"wp-block-group d-flex align-items-center mb-4 is-layout-flow wp-block-group-is-layout-flow\">\n<div class=\"flex-shrink-0\">\n<span class=\"fa-stack d-flex align-items-center\" style=\"width: 60px; height: 48px;\">\n  <svg class=\"fa-stack-2x\" viewBox=\"0 0 100 100\" aria-hidden=\"true\">\n    <polygon points=\"25,10 75,10 100,50 75,90 25,90 0,50\" fill=\"#E5EAF4\"><\/polygon>\n  <\/svg>\n  <i class=\"fa-solid fa-brain fa-stack-1x has-dark-blue-color fa-inverse\"><\/i>\n<\/span>\n<\/div>\n\n\n\n<h3 class=\"wp-block-heading flex-grow-1 ms-3 card-title mb-0\">Daten zentriertes Change Management<\/h3>\n<\/div>\n\n\n\n<p>Evidenzbasierte Change-Management-Strategien, die Verhaltensanalytik und Nutzerdaten verwenden, um erfolgreiche Adoption neuer Technologien und Prozesse sicherzustellen.<\/p>\n<\/div>\n<\/div>\n\n\t<\/div>\n\n<\/div>\n\n\n<div class=\"wp-bootstrap-blocks-row row\">\n\t\n\n<div class=\"col-12 col-md-6 mb-5 mb-lg-0\">\n\t\t\t\n\n<div class=\"wp-block-group card h-100 hover-shadow is-layout-flow wp-block-group-is-layout-flow\">\n<div class=\"wp-block-group card-body is-layout-flow wp-block-group-is-layout-flow\">\n<div class=\"wp-block-group d-flex align-items-center mb-4 is-layout-flow wp-block-group-is-layout-flow\">\n<div class=\"flex-shrink-0\">\n<span class=\"fa-stack d-flex align-items-center\" style=\"width: 60px; height: 48px;\">\n  <svg class=\"fa-stack-2x\" viewBox=\"0 0 100 100\" aria-hidden=\"true\">\n    <polygon points=\"25,10 75,10 100,50 75,90 25,90 0,50\" fill=\"#E5EAF4\"><\/polygon>\n  <\/svg>\n  <i class=\"fa-solid fa-tachometer-alt fa-stack-1x has-dark-blue-color fa-inverse\"><\/i>\n<\/span>\n<\/div>\n\n\n\n<h3 class=\"wp-block-heading flex-grow-1 ms-3 card-title mb-0\">Performance-Analytik &amp; Monitoring<\/h3>\n<\/div>\n\n\n\n<p>Echtzeit-\u00dcberwachung und Analytik-Dashboards zur Verfolgung von Transformationserfolg-Metriken, die kontinuierliche Optimierung und datengetriebene Entscheidungsfindung erm\u00f6glichen.<\/p>\n<\/div>\n<\/div>\n\n\t<\/div>\n\n\n\n<div class=\"col-12 col-md-6\">\n\t\t\t\t<\/div>\n\n<\/div>\n\n<\/div>\n<\/section>\n\n\n\n<section id=\"benefits\" class=\"wp-block-group mb-5 mb-lg-10 is-layout-constrained wp-block-group-is-layout-constrained\" data-mdb-animation-init=\"\" data-mdb-animation-start=\"onScroll\" data-mdb-animation=\"fade-in\" data-mdb-animation-offset=\"300\"><div class=\"wp-bootstrap-blocks-container container mb-0\">\n\t\n<div class=\"wp-bootstrap-blocks-container container mb-0\">\n\t\n<div class=\"wp-bootstrap-blocks-row row text-center animation fade-in\">\n\t\n\n<div class=\"col-12\">\n\t\t\t\n\n<p class=\"text-uppercase mb-4 text-link-left-turquoise has-turquoise-color has-text-color has-link-color wp-elements-cd3451e382ed4a7ce1e2325303d7233a\"><a href=\"https:\/\/www.vollcom-digital.com\/de\/ueber-uns\/\" data-type=\"page\" data-id=\"14614\">Mehr \u00fcber uns<\/a><\/p>\n\n\n\n<h2 class=\"wp-block-heading mb-5\">Ihre datengetriebenen Vorteile auf einen Blick<\/h2>\n\n\t<\/div>\n\n<\/div>\n\n<\/div>\n\n\n<div class=\"wp-bootstrap-blocks-container container mb-0\">\n\t\n<div class=\"wp-bootstrap-blocks-row row align-items-center\">\n\t\n\n<div class=\"col-12 col-md-12 col-lg-4\">\n\t\t\t\n<div class=\"wp-bootstrap-blocks-row row mb-4\">\n\t\n\n<div class=\"col-3\">\n\t\t\t\n\n<div class=\"d-flex align-items-center justify-content-center mx-auto\">\n<span class=\"fa-stack d-flex align-items-center\" style=\"width: 60px; height: 48px;\">\n  <svg class=\"fa-stack-2x\" viewBox=\"0 0 100 100\" aria-hidden=\"true\">\n    <polygon points=\"25,10 75,10 100,50 75,90 25,90 0,50\" fill=\"#E5EAF4\"><\/polygon>\n  <\/svg>\n  <i class=\"fa-solid fa-chart-bar fa-stack-1x has-dark-blue-color fa-inverse\"><\/i>\n<\/span><\/div>\n\n\t<\/div>\n\n\n\n<div class=\"col-9 mb-2\">\n\t\t\t\n\n<h3 class=\"wp-block-heading\">Messbarer ROI<\/h3>\n\n\n\n<p>Verfolgen und quantifizieren Sie Transformationserfolg mit umfassenden Metriken und KPIs, die klaren Gesch\u00e4ftswert und Kapitalrendite demonstrieren.<\/p>\n\n\t<\/div>\n\n<\/div>\n\n\n<div class=\"wp-bootstrap-blocks-row row mb-4\">\n\t\n\n<div class=\"col-3\">\n\t\t\t\n\n<div class=\"d-flex align-items-center justify-content-center mx-auto\">\n    <span class=\"fa-stack d-flex align-items-center\" style=\"width: 60px; height: 48px;\">\n        <svg class=\"fa-stack-2x\" viewBox=\"0 0 100 100\" aria-hidden=\"true\">\n            <polygon points=\"25,10 75,10 100,50 75,90 25,90 0,50\" fill=\"#E5EAF4\"><\/polygon>\n        <\/svg>\n        <i class=\"fa-solid fa-lightbulb fa-stack-1x has-dark-blue-color fa-inverse\"><\/i>\n    <\/span>\n<\/div>\n\n\t<\/div>\n\n\n\n<div class=\"col-9 mb-2\">\n\t\t\t\n\n<h3 class=\"wp-block-heading\">Pr\u00e4diktive Intelligenz<\/h3>\n\n\n\n<p>Nutzen Sie fortschrittliche Analytik und Machine Learning, um Trends, Risiken und Chancen zu antizipieren, bevor sie Ihr Unternehmen beeinflussen.<\/p>\n\n\t<\/div>\n\n<\/div>\n\n\t<\/div>\n\n\n\n<div class=\"col-12 col-md-12 col-lg-4 text-center px-5 mb-5 mb-lg-0\">\n\t\t\t\n\n<figure class=\"wp-block-image size-full\"><img decoding=\"async\" width=\"512\" height=\"820\" src=\"https:\/\/www.vollcom-digital.com\/wp-content\/uploads\/2025\/02\/nighttime-coding-software-engineering.png\" alt=\"\" class=\"wp-image-14105\" title=\"\" srcset=\"https:\/\/www.vollcom-digital.com\/wp-content\/uploads\/2025\/02\/nighttime-coding-software-engineering.png 512w, https:\/\/www.vollcom-digital.com\/wp-content\/uploads\/2025\/02\/nighttime-coding-software-engineering-360x576.png 360w, https:\/\/www.vollcom-digital.com\/wp-content\/uploads\/2025\/02\/nighttime-coding-software-engineering-150x240.png 150w\" sizes=\"(max-width: 512px) 100vw, 512px\" \/><\/figure>\n\n\t<\/div>\n\n\n\n<div class=\"col-12 col-md-12 col-lg-4\">\n\t\t\t\n<div class=\"wp-bootstrap-blocks-row row mb-4\">\n\t\n\n<div class=\"col-3\">\n\t\t\t\n\n<div class=\"d-flex align-items-center justify-content-center mx-auto\">\n<span class=\"fa-stack d-flex align-items-center\" style=\"width: 60px; height: 48px;\">\n  <svg class=\"fa-stack-2x\" viewBox=\"0 0 100 100\" aria-hidden=\"true\">\n    <polygon points=\"25,10 75,10 100,50 75,90 25,90 0,50\" fill=\"#E5EAF4\"><\/polygon>\n  <\/svg>\n  <i class=\"fa-solid fa-rocket fa-stack-1x has-dark-blue-color fa-inverse\"><\/i>\n<\/span><\/div>\n\n\t<\/div>\n\n\n\n<div class=\"col-9 mb-2\">\n\t\t\t\n\n<h3 class=\"wp-block-heading\">Beschleunigte Innovation<\/h3>\n\n\n\n<p>Nutzen Sie Datenerkenntnisse zur Identifikation von Innovationsm\u00f6glichkeiten und zur raschen Prototypenerstellung, Testing und Deployment neuer L\u00f6sungen mit Vertrauen.<\/p>\n\n\t<\/div>\n\n<\/div>\n\n\n<div class=\"wp-bootstrap-blocks-row row mb-4\">\n\t\n\n<div class=\"col-3\">\n\t\t\t\n\n<div class=\"d-flex align-items-center justify-content-center mx-auto\">\n<span class=\"fa-stack d-flex align-items-center\" style=\"width: 60px; height: 48px;\">\n  <svg class=\"fa-stack-2x\" viewBox=\"0 0 100 100\" aria-hidden=\"true\">\n    <polygon points=\"25,10 75,10 100,50 75,90 25,90 0,50\" fill=\"#E5EAF4\"><\/polygon>\n  <\/svg>\n  <i class=\"fa-solid fa-users fa-stack-1x has-dark-blue-color fa-inverse\"><\/i>\n<\/span><\/div>\n\n\t<\/div>\n\n\n\n<div class=\"col-9 mb-2\">\n\t\t\t\n\n<h3 class=\"wp-block-heading\">Verbesserte Entscheidungsfindung<\/h3>\n\n\n\n<p>St\u00e4rken Sie Ihre Teams mit Echtzeit-Analytik und Datenvisualisierungstools, die schnellere, fundiertere strategische Entscheidungen erm\u00f6glichen.<\/p>\n\n\t<\/div>\n\n<\/div>\n\n\t<\/div>\n\n<\/div>\n\n<\/div>\n\n<\/div>\n<\/section>\n\n\n\n<section id=\"process\" class=\"wp-block-group py-5 has-light-blue-background-color has-slate-50-background-color is-layout-constrained wp-block-group-is-layout-constrained\" data-mdb-animation-init=\"\" data-mdb-animation-start=\"onScroll\" data-mdb-animation=\"fade-in\" data-mdb-animation-offset=\"300\"><div class=\"wp-bootstrap-blocks-container container mb-0 mt-5 mb-5\">\n\t\n<div class=\"wp-bootstrap-blocks-container container mb-0\">\n\t\n<div class=\"wp-bootstrap-blocks-row row text-center animation fade-in\">\n\t\n\n<div class=\"col-12\">\n\t\t\t\n\n<p class=\"text-uppercase mb-4 text-link-left-turquoise has-turquoise-color has-text-color has-link-color wp-elements-cd3451e382ed4a7ce1e2325303d7233a\"><a href=\"https:\/\/www.vollcom-digital.com\/de\/ueber-uns\/\" data-type=\"page\" data-id=\"14614\">Mehr \u00fcber uns<\/a><\/p>\n\n\n\n<h2 class=\"wp-block-heading mb-5\">Wie wir arbeiten<\/h2>\n\n\t<\/div>\n\n<\/div>\n\n<\/div>\n\n\n<div class=\"wp-bootstrap-blocks-container container mb-0\">\n\t\n<div class=\"wp-bootstrap-blocks-row row\">\n\t\n\n<div class=\"col-12\">\n\t\t\t\n\t<!-- STEPPER DEBUG: Function called with 5 steps -->\n\t<ul class=\"timeline-with-icons mb-7 ms-3\">\n\t\t\t\t\t<li class=\"timeline-item mb-5\" >\n\t\t\t\t<span class=\"timeline-icon badge-primary\">\n\t\t\t\t\t<i class=\"fa-solid fa-cubes fa-sm fa-fw\" style=\"color: #181347;\"><\/i>\n\t\t\t\t<\/span>\n\t\t\t\t<p class=\"text-muted mb-2 fw-bold\">Step 1.<\/p>\n\t\t\t\t<h5 class=\"fw-bold\">Datenerfassung &amp; Baseline-Analyse<\/h5>\n\t\t\t\t<p class=\"text-muted\">\n\t\t\t\t\tUmfassende Bewertung Ihrer aktuellen Datenlandschaft, Technologie-Stack und Gesch\u00e4ftsprozesse zur Etablierung von Transformations-Baselines und Chancenidentifikation.\t\t\t\t<\/p>\n\t\t\t\t\t\t\t\t\t\t\t<\/li>\n\t\t\t\t\t<li class=\"timeline-item mb-5\" >\n\t\t\t\t<span class=\"timeline-icon badge-primary\">\n\t\t\t\t\t<i class=\"fa-solid fa-cubes fa-sm fa-fw\" style=\"color: #181347;\"><\/i>\n\t\t\t\t<\/span>\n\t\t\t\t<p class=\"text-muted mb-2 fw-bold\">Step 2.<\/p>\n\t\t\t\t<h5 class=\"fw-bold\">Analytikgetriebene Strategieentwicklung<\/h5>\n\t\t\t\t<p class=\"text-muted\">\n\t\t\t\t\tErstellung einer dateninformierten Transformations-Roadmap unter Verwendung pr\u00e4diktiver Modellierung, Business Intelligence und Stakeholder-Erkenntnisse zur Priorisierung von Initiativen.\t\t\t\t<\/p>\n\t\t\t\t\t\t\t\t\t\t\t<\/li>\n\t\t\t\t\t<li class=\"timeline-item mb-5\" >\n\t\t\t\t<span class=\"timeline-icon badge-primary\">\n\t\t\t\t\t<i class=\"fa-solid fa-cubes fa-sm fa-fw\" style=\"color: #181347;\"><\/i>\n\t\t\t\t<\/span>\n\t\t\t\t<p class=\"text-muted mb-2 fw-bold\">Step 3.<\/p>\n\t\t\t\t<h5 class=\"fw-bold\">Pilotimplementierung &amp; Testing<\/h5>\n\t\t\t\t<p class=\"text-muted\">\n\t\t\t\t\tDeployment von Proof-of-Concepts und Pilotprogrammen mit integrierten Analytik-Funktionen zur Validierung von Ans\u00e4tzen und Verfeinerung von Strategien basierend auf realen Daten.\t\t\t\t<\/p>\n\t\t\t\t\t\t\t\t\t\t\t<\/li>\n\t\t\t\t\t<li class=\"timeline-item mb-5\" >\n\t\t\t\t<span class=\"timeline-icon badge-primary\">\n\t\t\t\t\t<i class=\"fa-solid fa-cubes fa-sm fa-fw\" style=\"color: #181347;\"><\/i>\n\t\t\t\t<\/span>\n\t\t\t\t<p class=\"text-muted mb-2 fw-bold\">Step 4.<\/p>\n\t\t\t\t<h5 class=\"fw-bold\">Skaliertes Deployment &amp; Monitoring<\/h5>\n\t\t\t\t<p class=\"text-muted\">\n\t\t\t\t\tVollst\u00e4ndige Implementierung mit kontinuierlicher Performance-\u00dcberwachung, Echtzeit-Analytik und adaptiver Optimierung basierend auf entstehenden Datenmustern.\t\t\t\t<\/p>\n\t\t\t\t\t\t\t\t\t\t\t<\/li>\n\t\t\t\t\t<li class=\"timeline-item mb-5\" >\n\t\t\t\t<span class=\"timeline-icon badge-primary\">\n\t\t\t\t\t<i class=\"fa-solid fa-cubes fa-sm fa-fw\" style=\"color: #181347;\"><\/i>\n\t\t\t\t<\/span>\n\t\t\t\t<p class=\"text-muted mb-2 fw-bold\">Step 5.<\/p>\n\t\t\t\t<h5 class=\"fw-bold\">Kontinuierliche Intelligenz &amp; Evolution<\/h5>\n\t\t\t\t<p class=\"text-muted\">\n\t\t\t\t\tLaufende datengetriebene Verfeinerung und strategische Evolution zur Aufrechterhaltung des Wettbewerbsvorteils und Anpassung an ver\u00e4ndernde Marktbedingungen.\t\t\t\t<\/p>\n\t\t\t\t\t\t\t\t\t\t\t<\/li>\n\t\t\t<\/ul>\n\n\t<\/div>\n\n<\/div>\n\n<\/div>\n\n<\/div>\n<\/section>\n\n\n\n<section id=\"resources\" class=\"wp-block-group py-5 mb-5 mb-lg-10 has-slate-50-background-color is-layout-constrained wp-block-group-is-layout-constrained\" data-mdb-animation-init=\"\" data-mdb-animation-start=\"onScroll\" data-mdb-animation=\"fade-in\" data-mdb-animation-offset=\"300\"><div class=\"wp-bootstrap-blocks-container container mb-0 pt-5\">\n\t\n<div class=\"wp-bootstrap-blocks-container container mb-0\">\n\t\n<div class=\"wp-bootstrap-blocks-row row text-center animation fade-in\">\n\t\n\n<div class=\"col-12\">\n\t\t\t\n\n<p class=\"text-uppercase mb-4 text-link-left-turquoise has-turquoise-color has-text-color has-link-color wp-elements-9c3a062a9252401199c4a7d7de0fe6b9\"><a href=\"https:\/\/www.vollcom-digital.com\/de\/ressourcen\/\" data-type=\"page\" data-id=\"14615\">Data Intelligence Wissenszentrum<\/a><\/p>\n\n\n\n<h2 class=\"wp-block-heading mb-4\">Zus\u00e4tzliche Ressourcen<\/h2>\n\n\n\n<p class=\"text-muted mb-5\">Bleiben Sie informiert mit unseren neuesten Erkenntnissen und Artikeln zu datengetriebenen Transformationsstrategien, Analytik-Best-Practices und aufkommenden Technologietrends.<\/p>\n\n\t<\/div>\n\n<\/div>\n\n<\/div>\n\n\n<div class=\"wp-bootstrap-blocks-container container mb-0\">\n\t\n<div class=\"wp-bootstrap-blocks-row row\">\n\t\n\n<div class=\"col-12\">\n\t\t\t\n<p>No posts found for the selected category.<\/p>\n\t<\/div>\n\n<\/div>\n\n<\/div>\n\n<\/div>\n<\/section>\n\n\n\n<section id=\"contact\" class=\"wp-block-group py-5 has-light-blue-background-color is-layout-constrained wp-block-group-is-layout-constrained\"><div class=\"wp-bootstrap-blocks-container container mb-0 mt-5 mb-5\">\n\t\n<div class=\"wp-bootstrap-blocks-container container mb-0\">\n\t\n<div class=\"wp-bootstrap-blocks-row row align-items-center\">\n\t\n\n<div class=\"col-12 col-md-7 d-none d-md-flex justify-content-center\">\n\t\t\t\n\n<figure class=\"wp-block-image size-medium\"><img decoding=\"async\" width=\"360\" height=\"576\" src=\"https:\/\/www.vollcom-digital.com\/wp-content\/uploads\/2025\/02\/confident-businesswoman-holding-tablet-360x576.png\" alt=\"\" class=\"wp-image-14071\" style=\"object-fit:cover\" title=\"\" srcset=\"https:\/\/www.vollcom-digital.com\/wp-content\/uploads\/2025\/02\/confident-businesswoman-holding-tablet-360x576.png 360w, https:\/\/www.vollcom-digital.com\/wp-content\/uploads\/2025\/02\/confident-businesswoman-holding-tablet-150x240.png 150w, https:\/\/www.vollcom-digital.com\/wp-content\/uploads\/2025\/02\/confident-businesswoman-holding-tablet.png 512w\" sizes=\"(max-width: 360px) 100vw, 360px\" \/><\/figure>\n\n\t<\/div>\n\n\n\n<div class=\"col-12 col-md-5 mb-5 mb-lg-0\">\n\t\t\t\n\n<h2 class=\"wp-block-heading fw-bold mb-3\">Bereit f\u00fcr Transformation mit Datenintelligenz?<\/h2>\n\n\n\n<h3 class=\"wp-block-heading h4 text-opacity-75 mb-3\">Vereinbaren Sie Ihre Datenstrategie-Beratung<\/h3>\n\n\n\n<p class=\"text-opacity-75 mb-5\">Kontaktieren Sie uns, um zu erfahren, wie unsere Services f\u00fcr datengetriebene Transformation das Potenzial Ihrer Organisation durch strategische Technologieeinf\u00fchrung und analytikgest\u00fctzte Entscheidungsfindung freisetzen k\u00f6nnen.<\/p>\n\n\n<div class=\"wp-bootstrap-blocks-button\">\n\t<a\n\t\thref=\"https:\/\/www.vollcom-digital.com\/de\/erstgespraech\/\"\n\t\t\t\t\t\tclass=\"btn btn-lg btn-primary\"\n\t>\n\t\tKostenloses Erstberatungsgespr\u00e4ch vereinbaren\t<\/a>\n<\/div>\n\n\t<\/div>\n\n<\/div>\n\n<\/div>\n\n<\/div>\n<\/section>\n","protected":false},"excerpt":{"rendered":"","protected":false},"author":1,"featured_media":0,"parent":14598,"menu_order":2,"comment_status":"closed","ping_status":"closed","template":"","meta":{"inline_featured_image":false,"footnotes":""},"class_list":["post-14590","page","type-page","status-publish","hentry"],"_links":{"self":[{"href":"https:\/\/www.vollcom-digital.com\/de\/wp-json\/wp\/v2\/pages\/14590","targetHints":{"allow":["GET"]}}],"collection":[{"href":"https:\/\/www.vollcom-digital.com\/de\/wp-json\/wp\/v2\/pages"}],"about":[{"href":"https:\/\/www.vollcom-digital.com\/de\/wp-json\/wp\/v2\/types\/page"}],"author":[{"embeddable":true,"href":"https:\/\/www.vollcom-digital.com\/de\/wp-json\/wp\/v2\/users\/1"}],"replies":[{"embeddable":true,"href":"https:\/\/www.vollcom-digital.com\/de\/wp-json\/wp\/v2\/comments?post=14590"}],"version-history":[{"count":7,"href":"https:\/\/www.vollcom-digital.com\/de\/wp-json\/wp\/v2\/pages\/14590\/revisions"}],"predecessor-version":[{"id":15812,"href":"https:\/\/www.vollcom-digital.com\/de\/wp-json\/wp\/v2\/pages\/14590\/revisions\/15812"}],"up":[{"embeddable":true,"href":"https:\/\/www.vollcom-digital.com\/de\/wp-json\/wp\/v2\/pages\/14598"}],"wp:attachment":[{"href":"https:\/\/www.vollcom-digital.com\/de\/wp-json\/wp\/v2\/media?parent=14590"}],"curies":[{"name":"wp","href":"https:\/\/api.w.org\/{rel}","templated":true}]}}