{"id":14592,"date":"2025-02-05T14:22:04","date_gmt":"2025-02-05T13:22:04","guid":{"rendered":"https:\/\/www.vollcom-digital.com\/it-strategy-consulting\/"},"modified":"2025-11-27T17:29:57","modified_gmt":"2025-11-27T16:29:57","slug":"intelligence-strategieentwicklung","status":"publish","type":"page","link":"https:\/\/www.vollcom-digital.com\/de\/dienstleistungen\/tech-data-consulting\/intelligence-strategieentwicklung\/","title":{"rendered":"Intelligence-Strategieentwicklung"},"content":{"rendered":"\n<section id=\"intro\" class=\"wp-block-group py-5 mb-5 mb-lg-10 has-dark-blue-background-color is-layout-constrained wp-block-group-is-layout-constrained\"><div class=\"wp-bootstrap-blocks-container container mb-5 py-5 mt-5\">\n\t\n<div class=\"wp-bootstrap-blocks-container container mb-0\">\n\t\n<div class=\"wp-bootstrap-blocks-row row align-items-center\">\n\t\n\n<div class=\"col-12 col-md-5 mb-5 mb-lg-0\">\n\t\t\t\n\n<h1 class=\"wp-block-heading fw-bold mb-4 has-white-color has-text-color\">Intelligence-Strategieentwicklung<\/h1>\n\n\n\n<h2 class=\"wp-block-heading h4 text-opacity-75 mb-4 has-white-color has-text-color has-link-color wp-elements-5446edc672c8086979bc677e75e4543f\">Abstimmung von Technologie-Initiativen mit Ihren Gesch\u00e4ftszielen f\u00fcr strategische Intelligence<\/h2>\n\n\n\n<p class=\"text-opacity-75 mb-5 has-white-color has-text-color has-link-color wp-elements-113478cf01c014b0373dda3a45efe89d\">Transformieren Sie die Entscheidungsf\u00e4higkeiten Ihres Unternehmens durch strategische Intelligence-Entwicklung. Unsere Intelligence-Strategieentwicklungsservices schaffen umfassende Frameworks, die Datenanalyse, Business Intelligence und Technologie-Initiativen nahtlos integrieren, um fundierte Entscheidungsfindung und Wettbewerbsvorteile in Ihrem gesamten Unternehmen zu f\u00f6rdern.<\/p>\n\n\n<div class=\"wp-bootstrap-blocks-button\">\n\t<a\n\t\thref=\"https:\/\/www.vollcom-digital.com\/de\/erstgespraech\/\"\n\t\t\t\t\t\tclass=\"btn btn-lg btn-primary\"\n\t>\n\t\tKostenloses Strategiegespr\u00e4ch vereinbaren\t<\/a>\n<\/div>\n\n\t<\/div>\n\n\n\n<div class=\"col-12 col-md-7 d-none d-md-flex justify-content-center\">\n\t\t\t\n\n<figure class=\"wp-block-image size-full\"><img decoding=\"async\" width=\"512\" height=\"250\" src=\"https:\/\/www.vollcom-digital.com\/wp-content\/uploads\/2025\/02\/business-presentation-data-discussion.png\" alt=\"Eine professionelle Diskussion mit einer Pr\u00e4sentation an einem Whiteboard.\" class=\"wp-image-14063\" style=\"object-fit:cover\" title=\"\" srcset=\"https:\/\/www.vollcom-digital.com\/wp-content\/uploads\/2025\/02\/business-presentation-data-discussion.png 512w, https:\/\/www.vollcom-digital.com\/wp-content\/uploads\/2025\/02\/business-presentation-data-discussion-150x73.png 150w\" sizes=\"(max-width: 512px) 100vw, 512px\" \/><\/figure>\n\n\t<\/div>\n\n<\/div>\n\n<\/div>\n\n<\/div>\n<\/section>\n\n\n\n<section id=\"usp\" class=\"wp-block-group mb-lg-10 mb-5 is-layout-constrained wp-block-group-is-layout-constrained\" data-mdb-animation-init=\"\" data-mdb-animation-start=\"onScroll\" data-mdb-animation=\"fade-in\" data-mdb-animation-offset=\"300\"><div class=\"wp-bootstrap-blocks-container container mb-0 mt-5\">\n\t\n<div class=\"wp-bootstrap-blocks-container container mb-0\">\n\t\n<div class=\"wp-bootstrap-blocks-row row text-center animation fade-in\">\n\t\n\n<div class=\"col-12\">\n\t\t\t\n\n<p class=\"text-uppercase mb-4 text-link-left-turquoise has-turquoise-color has-text-color\"><a href=\"https:\/\/www.vollcom-digital.com\/de\/ueber-uns\/\" data-type=\"page\" data-id=\"14614\">\u00dcber das Unternehmen<\/a><\/p>\n\n\n\n<h2 class=\"wp-block-heading mb-5\">Warum unsere Intelligence-Strategieentwicklungsservices w\u00e4hlen?<\/h2>\n\n\t<\/div>\n\n<\/div>\n\n<\/div>\n\n\n<div class=\"wp-bootstrap-blocks-container container mb-0\">\n\t\n<div class=\"wp-bootstrap-blocks-row row animation fade-in\">\n\t\n\n<div class=\"col-12 col-md-4 mb-5\">\n\t\t\t\n\n<div class=\"wp-block-group d-flex align-items-start is-layout-constrained wp-block-group-is-layout-constrained\">\n<div class=\"flex-shrink-0 mt-1\"><i class=\"fas fa-check-circle fa-lg text-success fa-fw\"><\/i><\/div>\n\n\n\n<div class=\"wp-block-group flex-grow-1 ms-3 is-layout-constrained wp-block-group-is-layout-constrained\">\n<h3 class=\"wp-block-heading mb-1\">Datengesteuerte Intelligence<\/h3>\n\n\n\n<p class=\"text-muted mb-0\">Wir entwickeln umfassende Intelligence-Frameworks, die Rohdaten in handlungsrelevante Erkenntnisse umwandeln und sicherstellen, dass Ihre Technologie-Investitionen strategische Entscheidungsfindung direkt unterst\u00fctzen.<\/p>\n<\/div>\n<\/div>\n\n\t<\/div>\n\n\n\n<div class=\"col-12 col-md-4 mb-5\">\n\t\t\t\n\n<div class=\"wp-block-group d-flex align-items-start is-layout-constrained wp-block-group-is-layout-constrained\">\n<div class=\"flex-shrink-0 mt-1\"><i class=\"fas fa-check-circle fa-lg text-success fa-fw\"><\/i><\/div>\n\n\n\n<div class=\"wp-block-group flex-grow-1 ms-3 is-layout-constrained wp-block-group-is-layout-constrained\">\n<h3 class=\"wp-block-heading mb-1\">Strategische Technologie-Ausrichtung<\/h3>\n\n\n\n<p class=\"text-muted mb-0\">Unser Ansatz gew\u00e4hrleistet, dass jede Technologie-Initiative mit Ihren Gesch\u00e4ftszielen abgestimmt ist und eine nahtlose Integration zwischen Intelligence-F\u00e4higkeiten und Organisationszielen schafft.<\/p>\n<\/div>\n<\/div>\n\n\t<\/div>\n\n\n\n<div class=\"col-12 col-md-4\">\n\t\t\t\n\n<div class=\"wp-block-group d-flex align-items-start is-layout-constrained wp-block-group-is-layout-constrained\">\n<div class=\"flex-shrink-0 mt-1\"><i class=\"fas fa-check-circle fa-lg text-success fa-fw\"><\/i><\/div>\n\n\n\n<div class=\"wp-block-group flex-grow-1 ms-3 is-layout-constrained wp-block-group-is-layout-constrained\">\n<h3 class=\"wp-block-heading mb-1\">Competitive Intelligence<\/h3>\n\n\n\n<p class=\"text-muted mb-0\">Wir entwickeln Intelligence-Strategien, die Echtzeit-Markteinblicke und Wettbewerbsanalysen liefern und proaktive Gesch\u00e4ftsreaktionen sowie strategische Positionierung erm\u00f6glichen.<\/p>\n<\/div>\n<\/div>\n\n\t<\/div>\n\n<\/div>\n\n<\/div>\n\n<\/div>\n<\/section>\n\n\n\n<section id=\"services\" class=\"wp-block-group py-5 mb-lg-10 mb-5 has-light-blue-background-color is-layout-constrained wp-block-group-is-layout-constrained\" data-mdb-animation-init=\"\" data-mdb-animation-start=\"onScroll\" data-mdb-animation=\"fade-in\" data-mdb-animation-offset=\"300\"><div class=\"wp-bootstrap-blocks-container container mb-0 pt-5\">\n\t\n<div class=\"wp-bootstrap-blocks-row row text-center animation fade-in\">\n\t\n\n<div class=\"col-12\">\n\t\t\t\n\n<h2 class=\"wp-block-heading mb-5\">Unsere Intelligence-Strategieentwicklungsservices<\/h2>\n\n\t<\/div>\n\n<\/div>\n\n<\/div>\n\n\n<div class=\"wp-bootstrap-blocks-container container mb-5\">\n\t\n<div class=\"wp-bootstrap-blocks-row row\">\n\t\n\n<div class=\"col-12 col-md-6 mb-5\">\n\t\t\t\n\n<div class=\"wp-block-group card h-100 hover-shadow is-layout-flow wp-block-group-is-layout-flow\">\n<div class=\"wp-block-group card-body is-layout-flow wp-block-group-is-layout-flow\">\n<div class=\"wp-block-group d-flex align-items-center mb-4 is-layout-flow wp-block-group-is-layout-flow\">\n<div class=\"flex-shrink-0\">\n<span class=\"fa-stack d-flex align-items-center\" style=\"width: 60px; height: 48px;\">\n  <svg class=\"fa-stack-2x\" viewBox=\"0 0 100 100\" aria-hidden=\"true\">\n    <polygon points=\"25,10 75,10 100,50 75,90 25,90 0,50\" fill=\"#E5EAF4\"><\/polygon>\n  <\/svg>\n  <i class=\"fa-solid fa-brain fa-stack-1x has-dark-blue-color fa-inverse\"><\/i>\n<\/span>\n<\/div>\n\n\n\n<h3 class=\"wp-block-heading flex-grow-1 ms-3 card-title mb-0\">Business Intelligence Architektur<\/h3>\n<\/div>\n\n\n\n<p>Entwicklung umfassender BI-Frameworks, die Datenquellen, Analytics-Plattformen und Reporting-Systeme integrieren, um einheitliche Intelligence-\u00d6kosysteme zu schaffen, die mit Gesch\u00e4ftszielen abgestimmt sind.<\/p>\n<\/div>\n<\/div>\n\n\t<\/div>\n\n\n\n<div class=\"col-12 col-md-6 mb-5\">\n\t\t\t\n\n<div class=\"wp-block-group card h-100 hover-shadow is-layout-flow wp-block-group-is-layout-flow\">\n<div class=\"wp-block-group card-body is-layout-flow wp-block-group-is-layout-flow\">\n<div class=\"wp-block-group d-flex align-items-center mb-4 is-layout-flow wp-block-group-is-layout-flow\">\n<div class=\"flex-shrink-0\">\n<span class=\"fa-stack d-flex align-items-center\" style=\"width: 60px; height: 48px;\">\n  <svg class=\"fa-stack-2x\" viewBox=\"0 0 100 100\" aria-hidden=\"true\">\n    <polygon points=\"25,10 75,10 100,50 75,90 25,90 0,50\" fill=\"#E5EAF4\"><\/polygon>\n  <\/svg>\n  <i class=\"fa-solid fa-bullseye fa-stack-1x has-dark-blue-color fa-inverse\"><\/i>\n<\/span>\n<\/div>\n\n\n\n<h3 class=\"wp-block-heading flex-grow-1 ms-3 card-title mb-0\">Strategische KPI-Framework-Entwicklung<\/h3>\n<\/div>\n\n\n\n<p>Etablierung intelligenter Leistungskennzahlen und Metriken, die Technologie-Investitionen direkt mit messbaren Gesch\u00e4ftsergebnissen und strategischen Zielen verkn\u00fcpfen.<\/p>\n<\/div>\n<\/div>\n\n\t<\/div>\n\n<\/div>\n\n\n<div class=\"wp-bootstrap-blocks-row row\">\n\t\n\n<div class=\"col-12 col-md-6 mb-5\">\n\t\t\t\n\n<div class=\"wp-block-group card h-100 hover-shadow is-layout-flow wp-block-group-is-layout-flow\">\n<div class=\"wp-block-group card-body is-layout-flow wp-block-group-is-layout-flow\">\n<div class=\"wp-block-group d-flex align-items-center mb-4 is-layout-flow wp-block-group-is-layout-flow\">\n<div class=\"flex-shrink-0\">\n<span class=\"fa-stack d-flex align-items-center\" style=\"width: 60px; height: 48px;\">\n  <svg class=\"fa-stack-2x\" viewBox=\"0 0 100 100\" aria-hidden=\"true\">\n    <polygon points=\"25,10 75,10 100,50 75,90 25,90 0,50\" fill=\"#E5EAF4\"><\/polygon>\n  <\/svg>\n  <i class=\"fa-solid fa-chart-line fa-stack-1x has-dark-blue-color fa-inverse\"><\/i>\n<\/span>\n<\/div>\n\n\n\n<h3 class=\"wp-block-heading flex-grow-1 ms-3 card-title mb-0\">Predictive Analytics Strategie<\/h3>\n<\/div>\n\n\n\n<p>Implementierung fortschrittlicher Analytics-F\u00e4higkeiten, die Markttrends, Kundenverhalten und operative Herausforderungen antizipieren, um proaktive strategische Entscheidungsfindung zu erm\u00f6glichen.<\/p>\n<\/div>\n<\/div>\n\n\t<\/div>\n\n\n\n<div class=\"col-12 col-md-6 mb-5\">\n\t\t\t\n\n<div class=\"wp-block-group card h-100 hover-shadow is-layout-flow wp-block-group-is-layout-flow\">\n<div class=\"wp-block-group card-body is-layout-flow wp-block-group-is-layout-flow\">\n<div class=\"wp-block-group d-flex align-items-center mb-4 is-layout-flow wp-block-group-is-layout-flow\">\n<div class=\"flex-shrink-0\">\n<span class=\"fa-stack d-flex align-items-center\" style=\"width: 60px; height: 48px;\">\n  <svg class=\"fa-stack-2x\" viewBox=\"0 0 100 100\" aria-hidden=\"true\">\n    <polygon points=\"25,10 75,10 100,50 75,90 25,90 0,50\" fill=\"#E5EAF4\"><\/polygon>\n  <\/svg>\n  <i class=\"fa-solid fa-shield-alt fa-stack-1x has-dark-blue-color fa-inverse\"><\/i>\n<\/span>\n<\/div>\n\n\n\n<h3 class=\"wp-block-heading flex-grow-1 ms-3 card-title mb-0\">Data Governance &amp; Intelligence-Sicherheit<\/h3>\n<\/div>\n\n\n\n<p>Etablierung robuster Data Governance Frameworks, die gew\u00e4hrleisten, dass Intelligence-Assets sicher, konform und f\u00fcr autorisierte Stakeholder im gesamten Unternehmen zug\u00e4nglich sind.<\/p>\n<\/div>\n<\/div>\n\n\t<\/div>\n\n<\/div>\n\n\n<div class=\"wp-bootstrap-blocks-row row\">\n\t\n\n<div class=\"col-12 col-md-6 mb-5 mb-lg-0\">\n\t\t\t\n\n<div class=\"wp-block-group card h-100 hover-shadow is-layout-flow wp-block-group-is-layout-flow\">\n<div class=\"wp-block-group card-body is-layout-flow wp-block-group-is-layout-flow\">\n<div class=\"wp-block-group d-flex align-items-center mb-4 is-layout-flow wp-block-group-is-layout-flow\">\n<div class=\"flex-shrink-0\">\n<span class=\"fa-stack d-flex align-items-center\" style=\"width: 60px; height: 48px;\">\n  <svg class=\"fa-stack-2x\" viewBox=\"0 0 100 100\" aria-hidden=\"true\">\n    <polygon points=\"25,10 75,10 100,50 75,90 25,90 0,50\" fill=\"#E5EAF4\"><\/polygon>\n  <\/svg>\n  <i class=\"fa-solid fa-rocket fa-stack-1x has-dark-blue-color fa-inverse\"><\/i>\n<\/span>\n<\/div>\n\n\n\n<h3 class=\"wp-block-heading flex-grow-1 ms-3 card-title mb-0\">KI &amp; Machine Learning Integration<\/h3>\n<\/div>\n\n\n\n<p>Entwicklung von Strategien zur Integration k\u00fcnstlicher Intelligenz und Machine Learning F\u00e4higkeiten, die Business Intelligence verbessern und strategische Erkenntnisgewinnung automatisieren.<\/p>\n<\/div>\n<\/div>\n\n\t<\/div>\n\n\n\n<div class=\"col-12 col-md-6\">\n\t\t\t\t<\/div>\n\n<\/div>\n\n<\/div>\n<\/section>\n\n\n\n<section id=\"benefits\" class=\"wp-block-group mb-5 mb-lg-10 is-layout-constrained wp-block-group-is-layout-constrained\" data-mdb-animation-init=\"\" data-mdb-animation-start=\"onScroll\" data-mdb-animation=\"fade-in\" data-mdb-animation-offset=\"300\"><div class=\"wp-bootstrap-blocks-container container mb-0\">\n\t\n<div class=\"wp-bootstrap-blocks-container container mb-0\">\n\t\n<div class=\"wp-bootstrap-blocks-row row text-center animation fade-in\">\n\t\n\n<div class=\"col-12\">\n\t\t\t\n\n<p class=\"text-uppercase mb-4 text-link-left-turquoise has-turquoise-color has-text-color has-link-color wp-elements-cd3451e382ed4a7ce1e2325303d7233a\"><a href=\"https:\/\/www.vollcom-digital.com\/de\/ueber-uns\/\" data-type=\"page\" data-id=\"14614\">Mehr \u00fcber uns<\/a><\/p>\n\n\n\n<h2 class=\"wp-block-heading mb-5\">Ihre strategischen Intelligence-Vorteile<\/h2>\n\n\t<\/div>\n\n<\/div>\n\n<\/div>\n\n\n<div class=\"wp-bootstrap-blocks-container container mb-0\">\n\t\n<div class=\"wp-bootstrap-blocks-row row align-items-center\">\n\t\n\n<div class=\"col-12 col-md-12 col-lg-4\">\n\t\t\t\n<div class=\"wp-bootstrap-blocks-row row mb-4\">\n\t\n\n<div class=\"col-3\">\n\t\t\t\n\n<div class=\"d-flex align-items-center justify-content-center mx-auto\">\n<span class=\"fa-stack d-flex align-items-center\" style=\"width: 60px; height: 48px;\">\n  <svg class=\"fa-stack-2x\" viewBox=\"0 0 100 100\" aria-hidden=\"true\">\n    <polygon points=\"25,10 75,10 100,50 75,90 25,90 0,50\" fill=\"#E5EAF4\"><\/polygon>\n  <\/svg>\n  <i class=\"fa-solid fa-eye fa-stack-1x has-dark-blue-color fa-inverse\"><\/i>\n<\/span><\/div>\n\n\t<\/div>\n\n\n\n<div class=\"col-9 mb-2\">\n\t\t\t\n\n<h3 class=\"wp-block-heading\">Verbesserte Entscheidungsklarheit<\/h3>\n\n\n\n<p>Gewinnen Sie umfassende Einblicke in die Gesch\u00e4ftsleistung mit Echtzeit-Intelligence-Dashboards und strategischen Analytics.<\/p>\n\n\t<\/div>\n\n<\/div>\n\n\n<div class=\"wp-bootstrap-blocks-row row mb-4\">\n\t\n\n<div class=\"col-3\">\n\t\t\t\n\n<div class=\"d-flex align-items-center justify-content-center mx-auto\">\n    <span class=\"fa-stack d-flex align-items-center\" style=\"width: 60px; height: 48px;\">\n        <svg class=\"fa-stack-2x\" viewBox=\"0 0 100 100\" aria-hidden=\"true\">\n            <polygon points=\"25,10 75,10 100,50 75,90 25,90 0,50\" fill=\"#E5EAF4\"><\/polygon>\n        <\/svg>\n        <i class=\"fa-solid fa-sync-alt fa-stack-1x has-dark-blue-color fa-inverse\"><\/i>\n    <\/span>\n<\/div>\n\n\t<\/div>\n\n\n\n<div class=\"col-9 mb-2\">\n\t\t\t\n\n<h3 class=\"wp-block-heading\">Beschleunigte Reaktionszeiten<\/h3>\n\n\n\n<p>Reagieren Sie schneller auf Marktchancen und Herausforderungen mit automatisierten Intelligence-Alerts und pr\u00e4diktiven Erkenntnissen.<\/p>\n\n\t<\/div>\n\n<\/div>\n\n\t<\/div>\n\n\n\n<div class=\"col-12 col-md-12 col-lg-4 text-center px-5 mb-5 mb-lg-0\">\n\t\t\t\n\n<figure class=\"wp-block-image size-full\"><img decoding=\"async\" width=\"512\" height=\"820\" src=\"https:\/\/www.vollcom-digital.com\/wp-content\/uploads\/2025\/02\/nighttime-coding-software-engineering.png\" alt=\"\" class=\"wp-image-14105\" title=\"\" srcset=\"https:\/\/www.vollcom-digital.com\/wp-content\/uploads\/2025\/02\/nighttime-coding-software-engineering.png 512w, https:\/\/www.vollcom-digital.com\/wp-content\/uploads\/2025\/02\/nighttime-coding-software-engineering-360x576.png 360w, https:\/\/www.vollcom-digital.com\/wp-content\/uploads\/2025\/02\/nighttime-coding-software-engineering-150x240.png 150w\" sizes=\"(max-width: 512px) 100vw, 512px\" \/><\/figure>\n\n\t<\/div>\n\n\n\n<div class=\"col-12 col-md-12 col-lg-4\">\n\t\t\t\n<div class=\"wp-bootstrap-blocks-row row mb-4\">\n\t\n\n<div class=\"col-3\">\n\t\t\t\n\n<div class=\"d-flex align-items-center justify-content-center mx-auto\">\n<span class=\"fa-stack d-flex align-items-center\" style=\"width: 60px; height: 48px;\">\n  <svg class=\"fa-stack-2x\" viewBox=\"0 0 100 100\" aria-hidden=\"true\">\n    <polygon points=\"25,10 75,10 100,50 75,90 25,90 0,50\" fill=\"#E5EAF4\"><\/polygon>\n  <\/svg>\n  <i class=\"fa-solid fa-bullseye fa-stack-1x has-dark-blue-color fa-inverse\"><\/i>\n<\/span><\/div>\n\n\t<\/div>\n\n\n\n<div class=\"col-9 mb-2\">\n\t\t\t\n\n<h3 class=\"wp-block-heading\">Strategische Zielausrichtung<\/h3>\n\n\n\n<p>Stellen Sie sicher, dass alle Technologie-Initiativen Gesch\u00e4ftsziele durch intelligente Strategieframeworks direkt unterst\u00fctzen.<\/p>\n\n\t<\/div>\n\n<\/div>\n\n\n<div class=\"wp-bootstrap-blocks-row row mb-4\">\n\t\n\n<div class=\"col-3\">\n\t\t\t\n\n<div class=\"d-flex align-items-center justify-content-center mx-auto\">\n<span class=\"fa-stack d-flex align-items-center\" style=\"width: 60px; height: 48px;\">\n  <svg class=\"fa-stack-2x\" viewBox=\"0 0 100 100\" aria-hidden=\"true\">\n    <polygon points=\"25,10 75,10 100,50 75,90 25,90 0,50\" fill=\"#E5EAF4\"><\/polygon>\n  <\/svg>\n  <i class=\"fa-solid fa-trophy fa-stack-1x has-dark-blue-color fa-inverse\"><\/i>\n<\/span><\/div>\n\n\t<\/div>\n\n\n\n<div class=\"col-9 mb-2\">\n\t\t\t\n\n<h3 class=\"wp-block-heading\">Wettbewerbsvorteile<\/h3>\n\n\n\n<p>Nutzen Sie fortschrittliche Intelligence-F\u00e4higkeiten, um Wettbewerber zu \u00fcbertreffen und neue Marktchancen zu identifizieren.<\/p>\n\n\t<\/div>\n\n<\/div>\n\n\t<\/div>\n\n<\/div>\n\n<\/div>\n\n<\/div>\n<\/section>\n\n\n\n<section id=\"process\" class=\"wp-block-group py-5 has-light-blue-background-color has-slate-50-background-color is-layout-constrained wp-block-group-is-layout-constrained\" data-mdb-animation-init=\"\" data-mdb-animation-start=\"onScroll\" data-mdb-animation=\"fade-in\" data-mdb-animation-offset=\"300\"><div class=\"wp-bootstrap-blocks-container container mb-0 mt-5 mb-5\">\n\t\n<div class=\"wp-bootstrap-blocks-container container mb-0\">\n\t\n<div class=\"wp-bootstrap-blocks-row row text-center animation fade-in\">\n\t\n\n<div class=\"col-12\">\n\t\t\t\n\n<p class=\"text-uppercase mb-4 text-link-left-turquoise has-turquoise-color has-text-color has-link-color wp-elements-cd3451e382ed4a7ce1e2325303d7233a\"><a href=\"https:\/\/www.vollcom-digital.com\/de\/ueber-uns\/\" data-type=\"page\" data-id=\"14614\">Mehr \u00fcber uns<\/a><\/p>\n\n\n\n<h2 class=\"wp-block-heading mb-5\">Unser Intelligence-Strategieentwicklungsprozess<\/h2>\n\n\t<\/div>\n\n<\/div>\n\n<\/div>\n\n\n<div class=\"wp-bootstrap-blocks-container container mb-0\">\n\t\n<div class=\"wp-bootstrap-blocks-row row\">\n\t\n\n<div class=\"col-12\">\n\t\t\t\n\t<!-- STEPPER DEBUG: Function called with 5 steps -->\n\t<ul class=\"timeline-with-icons mb-7 ms-3\">\n\t\t\t\t\t<li class=\"timeline-item mb-5\" >\n\t\t\t\t<span class=\"timeline-icon badge-primary\">\n\t\t\t\t\t<i class=\"fa-solid fa-cubes fa-sm fa-fw\" style=\"color: #181347;\"><\/i>\n\t\t\t\t<\/span>\n\t\t\t\t<p class=\"text-muted mb-2 fw-bold\">Step 1.<\/p>\n\t\t\t\t<h5 class=\"fw-bold\">Intelligence-Bewertung<\/h5>\n\t\t\t\t<p class=\"text-muted\">\n\t\t\t\t\tWir f\u00fchren eine umfassende Analyse Ihrer aktuellen Datenlandschaft, Technologie-Infrastruktur und Business Intelligence F\u00e4higkeiten durch, um strategische Chancen zu identifizieren.\t\t\t\t<\/p>\n\t\t\t\t\t\t\t\t\t\t\t<\/li>\n\t\t\t\t\t<li class=\"timeline-item mb-5\" >\n\t\t\t\t<span class=\"timeline-icon badge-primary\">\n\t\t\t\t\t<i class=\"fa-solid fa-cubes fa-sm fa-fw\" style=\"color: #181347;\"><\/i>\n\t\t\t\t<\/span>\n\t\t\t\t<p class=\"text-muted mb-2 fw-bold\">Step 2.<\/p>\n\t\t\t\t<h5 class=\"fw-bold\">Strategisches Framework-Design<\/h5>\n\t\t\t\t<p class=\"text-muted\">\n\t\t\t\t\tUnser Team entwickelt ein ma\u00dfgeschneidertes Intelligence-Strategieframework, das Dateninitiativen mit Ihren spezifischen Gesch\u00e4ftszielen und Wachstumszielen abstimmt.\t\t\t\t<\/p>\n\t\t\t\t\t\t\t\t\t\t\t<\/li>\n\t\t\t\t\t<li class=\"timeline-item mb-5\" >\n\t\t\t\t<span class=\"timeline-icon badge-primary\">\n\t\t\t\t\t<i class=\"fa-solid fa-cubes fa-sm fa-fw\" style=\"color: #181347;\"><\/i>\n\t\t\t\t<\/span>\n\t\t\t\t<p class=\"text-muted mb-2 fw-bold\">Step 3.<\/p>\n\t\t\t\t<h5 class=\"fw-bold\">Technologie-Integrationsplanung<\/h5>\n\t\t\t\t<p class=\"text-muted\">\n\t\t\t\t\tWir erstellen detaillierte Umsetzungsroadmaps, die neue Intelligence-Technologien nahtlos mit bestehenden Systemen und Prozessen integrieren.\t\t\t\t<\/p>\n\t\t\t\t\t\t\t\t\t\t\t<\/li>\n\t\t\t\t\t<li class=\"timeline-item mb-5\" >\n\t\t\t\t<span class=\"timeline-icon badge-primary\">\n\t\t\t\t\t<i class=\"fa-solid fa-cubes fa-sm fa-fw\" style=\"color: #181347;\"><\/i>\n\t\t\t\t<\/span>\n\t\t\t\t<p class=\"text-muted mb-2 fw-bold\">Step 4.<\/p>\n\t\t\t\t<h5 class=\"fw-bold\">Implementierung &amp; Bereitstellung<\/h5>\n\t\t\t\t<p class=\"text-muted\">\n\t\t\t\t\tUnsere Experten leiten die Bereitstellung von Intelligence-L\u00f6sungen und gew\u00e4hrleisten ordnungsgem\u00e4\u00dfe Konfiguration, Tests und Benutzerschulungen f\u00fcr maximale Akzeptanz.\t\t\t\t<\/p>\n\t\t\t\t\t\t\t\t\t\t\t<\/li>\n\t\t\t\t\t<li class=\"timeline-item mb-5\" >\n\t\t\t\t<span class=\"timeline-icon badge-primary\">\n\t\t\t\t\t<i class=\"fa-solid fa-cubes fa-sm fa-fw\" style=\"color: #181347;\"><\/i>\n\t\t\t\t<\/span>\n\t\t\t\t<p class=\"text-muted mb-2 fw-bold\">Step 5.<\/p>\n\t\t\t\t<h5 class=\"fw-bold\">Leistungsoptimierung<\/h5>\n\t\t\t\t<p class=\"text-muted\">\n\t\t\t\t\tWir \u00fcberwachen kontinuierlich die Intelligence-Leistung, verfeinern Strategien basierend auf realen Ergebnissen und passen uns an sich entwickelnde Gesch\u00e4ftsanforderungen an.\t\t\t\t<\/p>\n\t\t\t\t\t\t\t\t\t\t\t<\/li>\n\t\t\t<\/ul>\n\n\t<\/div>\n\n<\/div>\n\n<\/div>\n\n<\/div>\n<\/section>\n\n\n\n<section id=\"resources\" class=\"wp-block-group py-5 mb-5 mb-lg-10 has-slate-50-background-color is-layout-constrained wp-block-group-is-layout-constrained\" data-mdb-animation-init=\"\" data-mdb-animation-start=\"onScroll\" data-mdb-animation=\"fade-in\" data-mdb-animation-offset=\"300\"><div class=\"wp-bootstrap-blocks-container container mb-0 pt-5\">\n\t\n<div class=\"wp-bootstrap-blocks-container container mb-0\">\n\t\n<div class=\"wp-bootstrap-blocks-row row text-center animation fade-in\">\n\t\n\n<div class=\"col-12\">\n\t\t\t\n\n<p class=\"text-uppercase mb-4 text-link-left-turquoise has-turquoise-color has-text-color has-link-color wp-elements-3b95823d3728bb0fe6e75e5836bb6b31\"><a href=\"https:\/\/www.vollcom-digital.com\/de\/ressourcen\/\" data-type=\"page\" data-id=\"14615\">Intelligence-Strategie Wissenszentrum<\/a><\/p>\n\n\n\n<h2 class=\"wp-block-heading mb-4\">Strategische Intelligence-Ressourcen<\/h2>\n\n\n\n<p class=\"text-muted mb-5\">Entdecken Sie unsere neuesten Erkenntnisse zur Intelligence-Strategieentwicklung, Technologie-Ausrichtung und bew\u00e4hrten Praktiken f\u00fcr datengetriebene Entscheidungsfindung.<\/p>\n\n\t<\/div>\n\n<\/div>\n\n<\/div>\n\n\n<div class=\"wp-bootstrap-blocks-container container mb-0\">\n\t\n<div class=\"wp-bootstrap-blocks-row row\">\n\t\n\n<div class=\"col-12\">\n\t\t\t\n<p>No posts found for the selected category.<\/p>\n\t<\/div>\n\n<\/div>\n\n<\/div>\n\n<\/div>\n<\/section>\n\n\n\n<section id=\"contact\" class=\"wp-block-group py-5 has-light-blue-background-color is-layout-constrained wp-block-group-is-layout-constrained\"><div class=\"wp-bootstrap-blocks-container container mb-0 mt-5 mb-5\">\n\t\n<div class=\"wp-bootstrap-blocks-container container mb-0\">\n\t\n<div class=\"wp-bootstrap-blocks-row row align-items-center\">\n\t\n\n<div class=\"col-12 col-md-7 d-none d-md-flex justify-content-center\">\n\t\t\t\n\n<figure class=\"wp-block-image size-medium\"><img decoding=\"async\" width=\"360\" height=\"576\" src=\"https:\/\/www.vollcom-digital.com\/wp-content\/uploads\/2025\/02\/confident-businesswoman-holding-tablet-360x576.png\" alt=\"\" class=\"wp-image-14071\" style=\"object-fit:cover\" title=\"\" srcset=\"https:\/\/www.vollcom-digital.com\/wp-content\/uploads\/2025\/02\/confident-businesswoman-holding-tablet-360x576.png 360w, https:\/\/www.vollcom-digital.com\/wp-content\/uploads\/2025\/02\/confident-businesswoman-holding-tablet-150x240.png 150w, https:\/\/www.vollcom-digital.com\/wp-content\/uploads\/2025\/02\/confident-businesswoman-holding-tablet.png 512w\" sizes=\"(max-width: 360px) 100vw, 360px\" \/><\/figure>\n\n\t<\/div>\n\n\n\n<div class=\"col-12 col-md-5 mb-5 mb-lg-0\">\n\t\t\t\n\n<h2 class=\"wp-block-heading fw-bold mb-3\">Bereit, Intelligence mit Strategie abzustimmen?<\/h2>\n\n\n\n<h3 class=\"wp-block-heading h4 text-opacity-75 mb-3\">Transformieren Sie Ihr Unternehmen mit strategischer Intelligence<\/h3>\n\n\n\n<p class=\"text-opacity-75 mb-5\">Kontaktieren Sie uns, um zu erfahren, wie unsere Intelligence-Strategieentwicklungsservices Ihre Technologie-Initiativen mit Gesch\u00e4ftszielen abstimmen k\u00f6nnen, um messbare Ergebnisse und Wettbewerbsvorteile zu erzielen.<\/p>\n\n\n<div class=\"wp-bootstrap-blocks-button\">\n\t<a\n\t\thref=\"https:\/\/www.vollcom-digital.com\/de\/erstgespraech\/\"\n\t\t\t\t\t\tclass=\"btn btn-lg btn-primary\"\n\t>\n\t\tKostenloses Strategiegespr\u00e4ch vereinbaren\t<\/a>\n<\/div>\n\n\t<\/div>\n\n<\/div>\n\n<\/div>\n\n<\/div>\n<\/section>\n","protected":false},"excerpt":{"rendered":"","protected":false},"author":1,"featured_media":0,"parent":14598,"menu_order":1,"comment_status":"closed","ping_status":"closed","template":"","meta":{"inline_featured_image":false,"footnotes":""},"class_list":["post-14592","page","type-page","status-publish","hentry"],"_links":{"self":[{"href":"https:\/\/www.vollcom-digital.com\/de\/wp-json\/wp\/v2\/pages\/14592","targetHints":{"allow":["GET"]}}],"collection":[{"href":"https:\/\/www.vollcom-digital.com\/de\/wp-json\/wp\/v2\/pages"}],"about":[{"href":"https:\/\/www.vollcom-digital.com\/de\/wp-json\/wp\/v2\/types\/page"}],"author":[{"embeddable":true,"href":"https:\/\/www.vollcom-digital.com\/de\/wp-json\/wp\/v2\/users\/1"}],"replies":[{"embeddable":true,"href":"https:\/\/www.vollcom-digital.com\/de\/wp-json\/wp\/v2\/comments?post=14592"}],"version-history":[{"count":9,"href":"https:\/\/www.vollcom-digital.com\/de\/wp-json\/wp\/v2\/pages\/14592\/revisions"}],"predecessor-version":[{"id":15809,"href":"https:\/\/www.vollcom-digital.com\/de\/wp-json\/wp\/v2\/pages\/14592\/revisions\/15809"}],"up":[{"embeddable":true,"href":"https:\/\/www.vollcom-digital.com\/de\/wp-json\/wp\/v2\/pages\/14598"}],"wp:attachment":[{"href":"https:\/\/www.vollcom-digital.com\/de\/wp-json\/wp\/v2\/media?parent=14592"}],"curies":[{"name":"wp","href":"https:\/\/api.w.org\/{rel}","templated":true}]}}