{"id":14594,"date":"2025-02-05T14:15:54","date_gmt":"2025-02-05T13:15:54","guid":{"rendered":"https:\/\/www.vollcom-digital.com\/data-pipeline-development\/"},"modified":"2025-11-27T16:56:17","modified_gmt":"2025-11-27T15:56:17","slug":"intelligente-daten-pipelines","status":"publish","type":"page","link":"https:\/\/www.vollcom-digital.com\/de\/dienstleistungen\/data-engineering\/intelligente-daten-pipelines\/","title":{"rendered":"Intelligente Daten-Pipelines"},"content":{"rendered":"\n<section id=\"intro\" class=\"wp-block-group py-5 mb-5 mb-lg-10 has-dark-blue-background-color is-layout-constrained wp-block-group-is-layout-constrained\"><div class=\"wp-bootstrap-blocks-container container mb-5 py-5 mt-5\">\n\t\n<div class=\"wp-bootstrap-blocks-container container mb-0\">\n\t\n<div class=\"wp-bootstrap-blocks-row row align-items-center\">\n\t\n\n<div class=\"col-12 col-md-5 mb-5 mb-lg-0\">\n\t\t\t\n\n<h1 class=\"wp-block-heading fw-bold mb-4 has-white-color has-text-color\">Intelligente Daten-Pipelines<\/h1>\n\n\n\n<h2 class=\"wp-block-heading h4 text-opacity-75 mb-4 has-white-color has-text-color has-link-color wp-elements-2dbac88e466bc88e61b6f1592833db82\">Design und Implementierung robuster Daten-Pipelines f\u00fcr nahtlosen Datenfluss<\/h2>\n\n\n\n<p class=\"text-opacity-75 mb-5 has-white-color has-text-color has-link-color wp-elements-c6105e56fbee60e17badab4b65c7810b\">Transformieren Sie Ihre Dateninfrastruktur mit intelligenten, selbst\u00fcberwachenden Pipelines, die sich an Ihre Gesch\u00e4ftsanforderungen anpassen.<br>Unsere intelligenten Daten-Pipeline-L\u00f6sungen kombinieren fortschrittliche Automatisierung, Machine-Learning-Funktionen und robuste Architektur, um nahtlose Datenfl\u00fcsse in Ihrem gesamten Unternehmen zu schaffen. Wir entwickeln smarte ETL-Prozesse, die Daten nicht nur effizient bewegen, sondern auch aus Mustern lernen, Anomalien erkennen und die Leistung automatisch optimieren.\u200b<\/p>\n\n\n<div class=\"wp-bootstrap-blocks-button\">\n\t<a\n\t\thref=\"https:\/\/www.vollcom-digital.com\/de\/erstgespraech\/\"\n\t\t\t\t\t\tclass=\"btn btn-lg btn-primary\"\n\t>\n\t\tKostenloses Erstberatungsgespr\u00e4ch vereinbaren\t<\/a>\n<\/div>\n\n\t<\/div>\n\n\n\n<div class=\"col-12 col-md-7 d-none d-md-flex justify-content-center\">\n\t\t\t\n\n<figure class=\"wp-block-image size-full\"><img decoding=\"async\" width=\"512\" height=\"250\" src=\"https:\/\/www.vollcom-digital.com\/wp-content\/uploads\/2025\/02\/data-analytics-dashboard-reporting.png\" alt=\"Eine Person analysiert Gesch\u00e4ftskennzahlen auf einem Laptop-Bildschirm.\" class=\"wp-image-14089\" style=\"object-fit:cover\" title=\"\" srcset=\"https:\/\/www.vollcom-digital.com\/wp-content\/uploads\/2025\/02\/data-analytics-dashboard-reporting.png 512w, https:\/\/www.vollcom-digital.com\/wp-content\/uploads\/2025\/02\/data-analytics-dashboard-reporting-150x73.png 150w\" sizes=\"(max-width: 512px) 100vw, 512px\" \/><\/figure>\n\n\t<\/div>\n\n<\/div>\n\n<\/div>\n\n<\/div>\n<\/section>\n\n\n\n<section id=\"usp\" class=\"wp-block-group mb-lg-10 mb-5 is-layout-constrained wp-block-group-is-layout-constrained\" data-mdb-animation-init=\"\" data-mdb-animation-start=\"onScroll\" data-mdb-animation=\"fade-in\" data-mdb-animation-offset=\"300\"><div class=\"wp-bootstrap-blocks-container container mb-0 mt-5\">\n\t\n<div class=\"wp-bootstrap-blocks-container container mb-0\">\n\t\n<div class=\"wp-bootstrap-blocks-row row text-center animation fade-in\">\n\t\n\n<div class=\"col-12\">\n\t\t\t\n\n<p class=\"text-uppercase mb-4 text-link-left-turquoise has-turquoise-color has-text-color\"><a href=\"https:\/\/www.vollcom-digital.com\/de\/ueber-uns\/\" data-type=\"page\" data-id=\"14614\">\u00dcber das Unternehmen<\/a><\/p>\n\n\n\n<h2 class=\"wp-block-heading mb-5\">Warum unsere intelligenten Daten-Pipeline-L\u00f6sungen w\u00e4hlen?<\/h2>\n\n\t<\/div>\n\n<\/div>\n\n<\/div>\n\n\n<div class=\"wp-bootstrap-blocks-container container mb-0\">\n\t\n<div class=\"wp-bootstrap-blocks-row row animation fade-in\">\n\t\n\n<div class=\"col-12 col-md-4 mb-5\">\n\t\t\t\n\n<div class=\"wp-block-group d-flex align-items-start is-layout-constrained wp-block-group-is-layout-constrained\">\n<div class=\"flex-shrink-0 mt-1\"><i class=\"fas fa-check-circle fa-lg text-success fa-fw\"><\/i><\/div>\n\n\n\n<div class=\"wp-block-group flex-grow-1 ms-3 is-layout-constrained wp-block-group-is-layout-constrained\">\n<h3 class=\"wp-block-heading mb-1\">Selbstheilende &amp; adaptive Intelligenz<\/h3>\n\n\n\n<p class=\"text-muted mb-0\">Intelligente Pipelines, die automatisch Probleme erkennen, sich von Ausf\u00e4llen erholen und sich an ver\u00e4nderte Datenmuster ohne manuellen Eingriff anpassen.<\/p>\n<\/div>\n<\/div>\n\n\t<\/div>\n\n\n\n<div class=\"col-12 col-md-4 mb-5\">\n\t\t\t\n\n<div class=\"wp-block-group d-flex align-items-start is-layout-constrained wp-block-group-is-layout-constrained\">\n<div class=\"flex-shrink-0 mt-1\"><i class=\"fas fa-check-circle fa-lg text-success fa-fw\"><\/i><\/div>\n\n\n\n<div class=\"wp-block-group flex-grow-1 ms-3 is-layout-constrained wp-block-group-is-layout-constrained\">\n<h3 class=\"wp-block-heading mb-1\">Nahtlose Multi-Cloud-Architektur<\/h3>\n\n\n\n<p class=\"text-muted mb-0\">Robuste, cloud-agnostische Pipelines, die unterbrechungsfreien Datenfluss in hybriden und Multi-Cloud-Umgebungen gew\u00e4hrleisten.\u200b<\/p>\n<\/div>\n<\/div>\n\n\t<\/div>\n\n\n\n<div class=\"col-12 col-md-4\">\n\t\t\t\n\n<div class=\"wp-block-group d-flex align-items-start is-layout-constrained wp-block-group-is-layout-constrained\">\n<div class=\"flex-shrink-0 mt-1\"><i class=\"fas fa-check-circle fa-lg text-success fa-fw\"><\/i><\/div>\n\n\n\n<div class=\"wp-block-group flex-grow-1 ms-3 is-layout-constrained wp-block-group-is-layout-constrained\">\n<h3 class=\"wp-block-heading mb-1\">Echtzeit-Intelligenz &amp; Analytics<\/h3>\n\n\n\n<p class=\"text-muted mb-0\">Integrierte Analytics- und ML-Funktionen, die Echtzeit-Einblicke liefern und gleichzeitig Datenqualit\u00e4t und Herkunftsverfolgung gew\u00e4hrleisten.<\/p>\n<\/div>\n<\/div>\n\n\t<\/div>\n\n<\/div>\n\n<\/div>\n\n<\/div>\n<\/section>\n\n\n\n<section id=\"services\" class=\"wp-block-group py-5 mb-lg-10 mb-5 has-light-blue-background-color is-layout-constrained wp-block-group-is-layout-constrained\" data-mdb-animation-init=\"\" data-mdb-animation-start=\"onScroll\" data-mdb-animation=\"fade-in\" data-mdb-animation-offset=\"300\"><div class=\"wp-bootstrap-blocks-container container mb-0 pt-5\">\n\t\n<div class=\"wp-bootstrap-blocks-row row text-center animation fade-in\">\n\t\n\n<div class=\"col-12\">\n\t\t\t\n\n<h2 class=\"wp-block-heading mb-5\">Unsere intelligenten Daten-Pipeline-Services<\/h2>\n\n\t<\/div>\n\n<\/div>\n\n<\/div>\n\n\n<div class=\"wp-bootstrap-blocks-container container mb-5\">\n\t\n<div class=\"wp-bootstrap-blocks-row row\">\n\t\n\n<div class=\"col-12 col-md-6 mb-5\">\n\t\t\t\n\n<div class=\"wp-block-group card h-100 hover-shadow is-layout-flow wp-block-group-is-layout-flow\">\n<div class=\"wp-block-group card-body is-layout-flow wp-block-group-is-layout-flow\">\n<div class=\"wp-block-group d-flex align-items-center mb-4 is-layout-flow wp-block-group-is-layout-flow\">\n<div class=\"flex-shrink-0\">\n<span class=\"fa-stack d-flex align-items-center\" style=\"width: 60px; height: 48px;\">\n  <svg class=\"fa-stack-2x\" viewBox=\"0 0 100 100\" aria-hidden=\"true\">\n    <polygon points=\"25,10 75,10 100,50 75,90 25,90 0,50\" fill=\"#E5EAF4\"><\/polygon>\n  <\/svg>\n  <i class=\"fa-solid fa-brain fa-stack-1x has-dark-blue-color fa-inverse\"><\/i>\n<\/span>\n<\/div>\n\n\n\n<h3 class=\"wp-block-heading flex-grow-1 ms-3 card-title mb-0\">KI-gest\u00fctztes ETL-Design &amp; -Entwicklung<\/h3>\n<\/div>\n\n\n\n<p>Intelligente ETL-Prozesse, die automatisch Transformationslogik optimieren, Datenanomalien erkennen und sich in Echtzeit an Schema\u00e4nderungen anpassen.\u200b<\/p>\n<\/div>\n<\/div>\n\n\t<\/div>\n\n\n\n<div class=\"col-12 col-md-6 mb-5\">\n\t\t\t\n\n<div class=\"wp-block-group card h-100 hover-shadow is-layout-flow wp-block-group-is-layout-flow\">\n<div class=\"wp-block-group card-body is-layout-flow wp-block-group-is-layout-flow\">\n<div class=\"wp-block-group d-flex align-items-center mb-4 is-layout-flow wp-block-group-is-layout-flow\">\n<div class=\"flex-shrink-0\">\n<span class=\"fa-stack d-flex align-items-center\" style=\"width: 60px; height: 48px;\">\n  <svg class=\"fa-stack-2x\" viewBox=\"0 0 100 100\" aria-hidden=\"true\">\n    <polygon points=\"25,10 75,10 100,50 75,90 25,90 0,50\" fill=\"#E5EAF4\"><\/polygon>\n  <\/svg>\n  <i class=\"fa-solid fa-project-diagram fa-stack-1x has-dark-blue-color fa-inverse\"><\/i>\n<\/span>\n<\/div>\n\n\n\n<h3 class=\"wp-block-heading flex-grow-1 ms-3 card-title mb-0\">Intelligente Workflow-Orchestrierung<\/h3>\n<\/div>\n\n\n\n<p>Intelligente Orchestrierung, die Pipeline-Ausf\u00fchrung dynamisch basierend auf Datenvolumen, Systemlast und Gesch\u00e4ftspriorit\u00e4ten f\u00fcr optimale Leistung anpasst.\u200b<\/p>\n<\/div>\n<\/div>\n\n\t<\/div>\n\n<\/div>\n\n\n<div class=\"wp-bootstrap-blocks-row row\">\n\t\n\n<div class=\"col-12 col-md-6 mb-5\">\n\t\t\t\n\n<div class=\"wp-block-group card h-100 hover-shadow is-layout-flow wp-block-group-is-layout-flow\">\n<div class=\"wp-block-group card-body is-layout-flow wp-block-group-is-layout-flow\">\n<div class=\"wp-block-group d-flex align-items-center mb-4 is-layout-flow wp-block-group-is-layout-flow\">\n<div class=\"flex-shrink-0\">\n<span class=\"fa-stack d-flex align-items-center\" style=\"width: 60px; height: 48px;\">\n  <svg class=\"fa-stack-2x\" viewBox=\"0 0 100 100\" aria-hidden=\"true\">\n    <polygon points=\"25,10 75,10 100,50 75,90 25,90 0,50\" fill=\"#E5EAF4\"><\/polygon>\n  <\/svg>\n  <i class=\"fa-solid fa-link fa-stack-1x has-dark-blue-color fa-inverse\"><\/i>\n<\/span>\n<\/div>\n\n\n\n<h3 class=\"wp-block-heading flex-grow-1 ms-3 card-title mb-0\">Nahtlose Datenintegration &amp; API-Management<\/h3>\n<\/div>\n\n\n\n<p>Robuste Integrationsschicht, die automatisch verschiedene Datenquellen entdeckt, katalogisiert und verbindet und dabei nahtlosen Datenfluss zwischen Systemen aufrechterh\u00e4lt.\u200b<\/p>\n<\/div>\n<\/div>\n\n\t<\/div>\n\n\n\n<div class=\"col-12 col-md-6 mb-5\">\n\t\t\t\n\n<div class=\"wp-block-group card h-100 hover-shadow is-layout-flow wp-block-group-is-layout-flow\">\n<div class=\"wp-block-group card-body is-layout-flow wp-block-group-is-layout-flow\">\n<div class=\"wp-block-group d-flex align-items-center mb-4 is-layout-flow wp-block-group-is-layout-flow\">\n<div class=\"flex-shrink-0\">\n<span class=\"fa-stack d-flex align-items-center\" style=\"width: 60px; height: 48px;\">\n  <svg class=\"fa-stack-2x\" viewBox=\"0 0 100 100\" aria-hidden=\"true\">\n    <polygon points=\"25,10 75,10 100,50 75,90 25,90 0,50\" fill=\"#E5EAF4\"><\/polygon>\n  <\/svg>\n  <i class=\"fa-solid fa-chart-line fa-stack-1x has-dark-blue-color fa-inverse\"><\/i>\n<\/span>\n<\/div>\n\n\n\n<h3 class=\"wp-block-heading flex-grow-1 ms-3 card-title mb-0\">Vorausschauende Leistungsoptimierung<\/h3>\n<\/div>\n\n\n\n<p>Machine-Learning-Algorithmen, die Leistungsengp\u00e4sse vorhersagen, Ressourcen automatisch skalieren und Pipeline-Konfigurationen f\u00fcr maximale Effizienz optimieren.\u200b<\/p>\n<\/div>\n<\/div>\n\n\t<\/div>\n\n<\/div>\n\n\n<div class=\"wp-bootstrap-blocks-row row\">\n\t\n\n<div class=\"col-12 col-md-6 mb-5 mb-lg-0\">\n\t\t\t\n\n<div class=\"wp-block-group card h-100 hover-shadow is-layout-flow wp-block-group-is-layout-flow\">\n<div class=\"wp-block-group card-body is-layout-flow wp-block-group-is-layout-flow\">\n<div class=\"wp-block-group d-flex align-items-center mb-4 is-layout-flow wp-block-group-is-layout-flow\">\n<div class=\"flex-shrink-0\">\n<span class=\"fa-stack d-flex align-items-center\" style=\"width: 60px; height: 48px;\">\n  <svg class=\"fa-stack-2x\" viewBox=\"0 0 100 100\" aria-hidden=\"true\">\n    <polygon points=\"25,10 75,10 100,50 75,90 25,90 0,50\" fill=\"#E5EAF4\"><\/polygon>\n  <\/svg>\n  <i class=\"fa-solid fa-shield-alt fa-stack-1x has-dark-blue-color fa-inverse\"><\/i>\n<\/span>\n<\/div>\n\n\n\n<h3 class=\"wp-block-heading flex-grow-1 ms-3 card-title mb-0\">Intelligente \u00dcberwachung &amp; Selbstheilung<\/h3>\n<\/div>\n\n\n\n<p>Erweiterte \u00dcberwachung mit vorausschauenden Alarmen und automatisierten Wiederherstellungsmechanismen, die kontinuierlichen, unterbrechungsfreien Daten-Pipeline-Betrieb gew\u00e4hrleisten.\u200b<\/p>\n<\/div>\n<\/div>\n\n\t<\/div>\n\n\n\n<div class=\"col-12 col-md-6\">\n\t\t\t\n\n<div class=\"wp-block-group card h-100 hover-shadow is-layout-flow wp-block-group-is-layout-flow\">\n<div class=\"wp-block-group card-body is-layout-flow wp-block-group-is-layout-flow\">\n<div class=\"wp-block-group d-flex align-items-center mb-4 is-layout-flow wp-block-group-is-layout-flow\">\n<div class=\"flex-shrink-0\">\n<span class=\"fa-stack d-flex align-items-center\" style=\"width: 60px; height: 48px;\">\n  <svg class=\"fa-stack-2x\" viewBox=\"0 0 100 100\" aria-hidden=\"true\">\n    <polygon points=\"25,10 75,10 100,50 75,90 25,90 0,50\" fill=\"#E5EAF4\"><\/polygon>\n  <\/svg>\n  <i class=\"fa-solid fa-certificate fa-stack-1x has-dark-blue-color fa-inverse\"><\/i>\n<\/span>\n<\/div>\n\n\n\n<h3 class=\"wp-block-heading flex-grow-1 ms-3 card-title mb-0\">Automatisierte Datenqualit\u00e4t &amp; Herkunftsverfolgung<\/h3>\n<\/div>\n\n\n\n<p>Intelligente Datenprofilierung, Qualit\u00e4tsbewertung und automatisierte Herkunftsverfolgung, die Datenvertrauensw\u00fcrdigkeit durch die gesamte Pipeline gew\u00e4hrleistet.\u200b<\/p>\n<\/div>\n<\/div>\n\n\t<\/div>\n\n<\/div>\n\n<\/div>\n<\/section>\n\n\n\n<section id=\"benefits\" class=\"wp-block-group mb-5 mb-lg-10 is-layout-constrained wp-block-group-is-layout-constrained\" data-mdb-animation-init=\"\" data-mdb-animation-start=\"onScroll\" data-mdb-animation=\"fade-in\" data-mdb-animation-offset=\"300\"><div class=\"wp-bootstrap-blocks-container container mb-0\">\n\t\n<div class=\"wp-bootstrap-blocks-container container mb-0\">\n\t\n<div class=\"wp-bootstrap-blocks-row row text-center animation fade-in\">\n\t\n\n<div class=\"col-12\">\n\t\t\t\n\n<p class=\"text-uppercase mb-4 text-link-left-turquoise has-turquoise-color has-text-color has-link-color wp-elements-cd3451e382ed4a7ce1e2325303d7233a\"><a href=\"https:\/\/www.vollcom-digital.com\/de\/ueber-uns\/\" data-type=\"page\" data-id=\"14614\">Mehr \u00fcber uns<\/a><\/p>\n\n\n\n<h2 class=\"wp-block-heading mb-5\">Transformieren Sie Ihre Datenoperationen<\/h2>\n\n\t<\/div>\n\n<\/div>\n\n<\/div>\n\n\n<div class=\"wp-bootstrap-blocks-container container mb-0\">\n\t\n<div class=\"wp-bootstrap-blocks-row row align-items-center\">\n\t\n\n<div class=\"col-12 col-md-12 col-lg-4\">\n\t\t\t\n<div class=\"wp-bootstrap-blocks-row row mb-4\">\n\t\n\n<div class=\"col-3\">\n\t\t\t\n\n<div class=\"d-flex align-items-center justify-content-center mx-auto\">\n<span class=\"fa-stack d-flex align-items-center\" style=\"width: 60px; height: 48px;\">\n  <svg class=\"fa-stack-2x\" viewBox=\"0 0 100 100\" aria-hidden=\"true\">\n    <polygon points=\"25,10 75,10 100,50 75,90 25,90 0,50\" fill=\"#E5EAF4\"><\/polygon>\n  <\/svg>\n  <i class=\"fa-solid fa-magic fa-stack-1x has-dark-blue-color fa-inverse\"><\/i>\n<\/span><\/div>\n\n\t<\/div>\n\n\n\n<div class=\"col-9 mb-2\">\n\t\t\t\n\n<h3 class=\"wp-block-heading\">Intelligente Automatisierung &amp; Zero-Downtime<\/h3>\n\n\n\n<p>Selbstverwaltende Pipelines, die nahtlosen Datenfluss mit intelligenter Fehlerbehebung und automatischer Leistungsoptimierung gew\u00e4hrleisten.\u200b<\/p>\n\n\t<\/div>\n\n<\/div>\n\n\n<div class=\"wp-bootstrap-blocks-row row mb-4\">\n\t\n\n<div class=\"col-3\">\n\t\t\t\n\n<div class=\"d-flex align-items-center justify-content-center mx-auto\">\n    <span class=\"fa-stack d-flex align-items-center\" style=\"width: 60px; height: 48px;\">\n        <svg class=\"fa-stack-2x\" viewBox=\"0 0 100 100\" aria-hidden=\"true\">\n            <polygon points=\"25,10 75,10 100,50 75,90 25,90 0,50\" fill=\"#E5EAF4\"><\/polygon>\n        <\/svg>\n        <i class=\"fa-solid fa-expand-arrows-alt fa-stack-1x has-dark-blue-color fa-inverse\"><\/i>\n    <\/span>\n<\/div>\n\n\t<\/div>\n\n\n\n<div class=\"col-9 mb-2\">\n\t\t\t\n\n<h3 class=\"wp-block-heading\">Elastische &amp; zukunftssichere Architektur<\/h3>\n\n\n\n<p>Robustes, Cloud-natives Design, das automatisch mit Ihren Datenvolumen skaliert und sich an neue Technologien und Anforderungen anpasst.\u200b<\/p>\n\n\t<\/div>\n\n<\/div>\n\n\t<\/div>\n\n\n\n<div class=\"col-12 col-md-12 col-lg-4 text-center px-5 mb-5 mb-lg-0\">\n\t\t\t\n\n<figure class=\"wp-block-image size-full\"><img decoding=\"async\" width=\"512\" height=\"820\" src=\"https:\/\/www.vollcom-digital.com\/wp-content\/uploads\/2025\/02\/nighttime-coding-software-engineering.png\" alt=\"\" class=\"wp-image-14105\" title=\"\" srcset=\"https:\/\/www.vollcom-digital.com\/wp-content\/uploads\/2025\/02\/nighttime-coding-software-engineering.png 512w, https:\/\/www.vollcom-digital.com\/wp-content\/uploads\/2025\/02\/nighttime-coding-software-engineering-360x576.png 360w, https:\/\/www.vollcom-digital.com\/wp-content\/uploads\/2025\/02\/nighttime-coding-software-engineering-150x240.png 150w\" sizes=\"(max-width: 512px) 100vw, 512px\" \/><\/figure>\n\n\t<\/div>\n\n\n\n<div class=\"col-12 col-md-12 col-lg-4\">\n\t\t\t\n<div class=\"wp-bootstrap-blocks-row row mb-4\">\n\t\n\n<div class=\"col-3\">\n\t\t\t\n\n<div class=\"d-flex align-items-center justify-content-center mx-auto\">\n<span class=\"fa-stack d-flex align-items-center\" style=\"width: 60px; height: 48px;\">\n  <svg class=\"fa-stack-2x\" viewBox=\"0 0 100 100\" aria-hidden=\"true\">\n    <polygon points=\"25,10 75,10 100,50 75,90 25,90 0,50\" fill=\"#E5EAF4\"><\/polygon>\n  <\/svg>\n  <i class=\"fa-solid fa-gem fa-stack-1x has-dark-blue-color fa-inverse\"><\/i>\n<\/span><\/div>\n\n\t<\/div>\n\n\n\n<div class=\"col-9 mb-2\">\n\t\t\t\n\n<h3 class=\"wp-block-heading\">Premium-Datenqualit\u00e4t &amp; Vertrauen<\/h3>\n\n\n\n<p>Integrierte Intelligenz gew\u00e4hrleistet au\u00dfergew\u00f6hnliche Datenqualit\u00e4t mit automatisierter Validierung, Bereinigung und vollst\u00e4ndiger Herkunftsverfolgung.\u200b<\/p>\n\n\t<\/div>\n\n<\/div>\n\n\n<div class=\"wp-bootstrap-blocks-row row mb-4\">\n\t\n\n<div class=\"col-3\">\n\t\t\t\n\n<div class=\"d-flex align-items-center justify-content-center mx-auto\">\n<span class=\"fa-stack d-flex align-items-center\" style=\"width: 60px; height: 48px;\">\n  <svg class=\"fa-stack-2x\" viewBox=\"0 0 100 100\" aria-hidden=\"true\">\n    <polygon points=\"25,10 75,10 100,50 75,90 25,90 0,50\" fill=\"#E5EAF4\"><\/polygon>\n  <\/svg>\n  <i class=\"fa-solid fa-bolt fa-stack-1x has-dark-blue-color fa-inverse\"><\/i>\n<\/span><\/div>\n\n\t<\/div>\n\n\n\n<div class=\"col-9 mb-2\">\n\t\t\t\n\n<h3 class=\"wp-block-heading\">Echtzeit-Intelligenz &amp; Erkenntnisse<\/h3>\n\n\n\n<p>Nahtloser Datenfluss erm\u00f6glicht sofortigen Zugang zu Erkenntnissen mit vorausschauenden Analytics und intelligenter Anomalieerkennung in jeder Pipeline.<\/p>\n\n\t<\/div>\n\n<\/div>\n\n\t<\/div>\n\n<\/div>\n\n<\/div>\n\n<\/div>\n<\/section>\n\n\n\n<section id=\"process\" class=\"wp-block-group py-5 has-light-blue-background-color has-slate-50-background-color is-layout-constrained wp-block-group-is-layout-constrained\" data-mdb-animation-init=\"\" data-mdb-animation-start=\"onScroll\" data-mdb-animation=\"fade-in\" data-mdb-animation-offset=\"300\"><div class=\"wp-bootstrap-blocks-container container mb-0 mt-5 mb-5\">\n\t\n<div class=\"wp-bootstrap-blocks-container container mb-0\">\n\t\n<div class=\"wp-bootstrap-blocks-row row text-center animation fade-in\">\n\t\n\n<div class=\"col-12\">\n\t\t\t\n\n<p class=\"text-uppercase mb-4 text-link-left-turquoise has-turquoise-color has-text-color has-link-color wp-elements-cd3451e382ed4a7ce1e2325303d7233a\"><a href=\"https:\/\/www.vollcom-digital.com\/de\/ueber-uns\/\" data-type=\"page\" data-id=\"14614\">Mehr \u00fcber uns<\/a><\/p>\n\n\n\n<h2 class=\"wp-block-heading mb-5\">Unser Intelligenz-First-Ansatz<\/h2>\n\n\t<\/div>\n\n<\/div>\n\n<\/div>\n\n\n<div class=\"wp-bootstrap-blocks-container container mb-0\">\n\t\n<div class=\"wp-bootstrap-blocks-row row\">\n\t\n\n<div class=\"col-12\">\n\t\t\t\n\t<!-- STEPPER DEBUG: Function called with 4 steps -->\n\t<ul class=\"timeline-with-icons mb-7 ms-3\">\n\t\t\t\t\t<li class=\"timeline-item mb-5\" >\n\t\t\t\t<span class=\"timeline-icon badge-primary\">\n\t\t\t\t\t<i class=\"fas fa-cubes fa-sm fa-fw\" style=\"color: #181347;\"><\/i>\n\t\t\t\t<\/span>\n\t\t\t\t<p class=\"text-muted mb-2 fw-bold\">Step 1.<\/p>\n\t\t\t\t<h5 class=\"fw-bold\">Create a free account<\/h5>\n\t\t\t\t<p class=\"text-muted\">\n\t\t\t\t\t30 seconds, a few clicks, and it&#039;s done.\t\t\t\t<\/p>\n\t\t\t\t\t\t\t\t\t<p class=\"text-muted\">\n\t\t\t\t\t\tIf you already have an account, you can just use that.\t\t\t\t\t<\/p>\n\t\t\t\t\t\t\t\t\t\t\t<\/li>\n\t\t\t\t\t<li class=\"timeline-item mb-5\" >\n\t\t\t\t<span class=\"timeline-icon badge-primary\">\n\t\t\t\t\t<i class=\"fas fa-cubes fa-sm fa-fw\" style=\"color: #181347;\"><\/i>\n\t\t\t\t<\/span>\n\t\t\t\t<p class=\"text-muted mb-2 fw-bold\">Step 2.<\/p>\n\t\t\t\t<h5 class=\"fw-bold\">Install the MDB CLI<\/h5>\n\t\t\t\t<p class=\"text-muted\">\n\t\t\t\t\tOpen your terminal and install the MDB CLI globally by entering the command below.\t\t\t\t<\/p>\n\t\t\t\t\t\t\t\t\t\t\t<\/li>\n\t\t\t\t\t<li class=\"timeline-item mb-5\" >\n\t\t\t\t<span class=\"timeline-icon badge-primary\">\n\t\t\t\t\t<i class=\"fas fa-cubes fa-sm fa-fw\" style=\"color: #181347;\"><\/i>\n\t\t\t\t<\/span>\n\t\t\t\t<p class=\"text-muted mb-2 fw-bold\">Step 3.<\/p>\n\t\t\t\t<h5 class=\"fw-bold\">Log in<\/h5>\n\t\t\t\t<p class=\"text-muted\">\n\t\t\t\t\tEnter the following command in the terminal, and then log in using your details from step 1.\t\t\t\t<\/p>\n\t\t\t\t\t\t\t\t\t\t\t<\/li>\n\t\t\t\t\t<li class=\"timeline-item mb-5\" >\n\t\t\t\t<span class=\"timeline-icon badge-primary\">\n\t\t\t\t\t<i class=\"fas fa-cubes fa-sm fa-fw\" style=\"color: #181347;\"><\/i>\n\t\t\t\t<\/span>\n\t\t\t\t<p class=\"text-muted mb-2 fw-bold\">Step 4.<\/p>\n\t\t\t\t<h5 class=\"fw-bold\">Publish your project<\/h5>\n\t\t\t\t<p class=\"text-muted\">\n\t\t\t\t\tIn the terminal, go to the folder where your project is located. Then enter the command below.\t\t\t\t<\/p>\n\t\t\t\t\t\t\t\t\t\t\t<\/li>\n\t\t\t<\/ul>\n\n\t<\/div>\n\n<\/div>\n\n<\/div>\n\n<\/div>\n<\/section>\n\n\n\n<section id=\"resources\" class=\"wp-block-group py-5 mb-5 mb-lg-10 has-slate-50-background-color is-layout-constrained wp-block-group-is-layout-constrained\" data-mdb-animation-init=\"\" data-mdb-animation-start=\"onScroll\" data-mdb-animation=\"fade-in\" data-mdb-animation-offset=\"300\"><div class=\"wp-bootstrap-blocks-container container mb-0 pt-5\">\n\t\n<div class=\"wp-bootstrap-blocks-container container mb-0\">\n\t\n<div class=\"wp-bootstrap-blocks-row row text-center animation fade-in\">\n\t\n\n<div class=\"col-12\">\n\t\t\t\n\n<p class=\"text-uppercase mb-4 text-link-left-turquoise has-turquoise-color has-text-color has-link-color wp-elements-9c3a062a9252401199c4a7d7de0fe6b9\"><a href=\"https:\/\/www.vollcom-digital.com\/de\/ressourcen\/\" data-type=\"page\" data-id=\"14615\">Data Intelligence Wissenszentrum<\/a><\/p>\n\n\n\n<h2 class=\"wp-block-heading mb-4\">Experteneinblicke &amp; Ressourcen<\/h2>\n\n\n\n<p class=\"text-muted mb-5\">Entdecken Sie die neuesten Trends bei intelligenten Daten-Pipelines, KI-gest\u00fctzten ETL-Prozessen und Best Practices f\u00fcr robuste Datenarchitektur.\u200b<\/p>\n\n\t<\/div>\n\n<\/div>\n\n<\/div>\n\n\n<div class=\"wp-bootstrap-blocks-container container mb-0\">\n\t\n<div class=\"wp-bootstrap-blocks-row row\">\n\t\n\n<div class=\"col-12\">\n\t\t\t\n<p>No posts found for the selected category.<\/p>\n\t<\/div>\n\n<\/div>\n\n<\/div>\n\n<\/div>\n<\/section>\n\n\n\n<section id=\"contact\" class=\"wp-block-group py-5 has-light-blue-background-color is-layout-constrained wp-block-group-is-layout-constrained\"><div class=\"wp-bootstrap-blocks-container container mb-0 mt-5 mb-5\">\n\t\n<div class=\"wp-bootstrap-blocks-container container mb-0\">\n\t\n<div class=\"wp-bootstrap-blocks-row row align-items-center\">\n\t\n\n<div class=\"col-12 col-md-7 d-none d-md-flex justify-content-center\">\n\t\t\t\n\n<figure class=\"wp-block-image size-medium\"><img decoding=\"async\" width=\"360\" height=\"576\" src=\"https:\/\/www.vollcom-digital.com\/wp-content\/uploads\/2025\/02\/confident-businesswoman-holding-tablet-360x576.png\" alt=\"\" class=\"wp-image-14071\" style=\"object-fit:cover\" title=\"\" srcset=\"https:\/\/www.vollcom-digital.com\/wp-content\/uploads\/2025\/02\/confident-businesswoman-holding-tablet-360x576.png 360w, https:\/\/www.vollcom-digital.com\/wp-content\/uploads\/2025\/02\/confident-businesswoman-holding-tablet-150x240.png 150w, https:\/\/www.vollcom-digital.com\/wp-content\/uploads\/2025\/02\/confident-businesswoman-holding-tablet.png 512w\" sizes=\"(max-width: 360px) 100vw, 360px\" \/><\/figure>\n\n\t<\/div>\n\n\n\n<div class=\"col-12 col-md-5 mb-5 mb-lg-0\">\n\t\t\t\n\n<h2 class=\"wp-block-heading fw-bold mb-3\">Bereit f\u00fcr intelligente Datentransformation?<\/h2>\n\n\n\n<h3 class=\"wp-block-heading h4 text-opacity-75 mb-3\">Beginnen Sie mit dem Aufbau robuster, nahtloser Daten-Pipelines<\/h3>\n\n\n\n<p class=\"text-opacity-75 mb-5\">Lassen Sie uns besprechen, wie unsere intelligenten Daten-Pipeline-L\u00f6sungen Ihre Datenoperationen mit robuster Architektur und nahtlosem Fluss transformieren k\u00f6nnen.\u200b<\/p>\n\n\n<div class=\"wp-bootstrap-blocks-button\">\n\t<a\n\t\thref=\"https:\/\/www.vollcom-digital.com\/de\/erstgespraech\/\"\n\t\t\t\t\t\tclass=\"btn btn-lg btn-primary\"\n\t>\n\t\tKostenloses Erstberatungsgespr\u00e4ch vereinbaren\t<\/a>\n<\/div>\n\n\t<\/div>\n\n<\/div>\n\n<\/div>\n\n<\/div>\n<\/section>\n","protected":false},"excerpt":{"rendered":"","protected":false},"author":1,"featured_media":0,"parent":14599,"menu_order":1,"comment_status":"closed","ping_status":"closed","template":"","meta":{"inline_featured_image":false,"footnotes":""},"class_list":["post-14594","page","type-page","status-publish","hentry"],"_links":{"self":[{"href":"https:\/\/www.vollcom-digital.com\/de\/wp-json\/wp\/v2\/pages\/14594","targetHints":{"allow":["GET"]}}],"collection":[{"href":"https:\/\/www.vollcom-digital.com\/de\/wp-json\/wp\/v2\/pages"}],"about":[{"href":"https:\/\/www.vollcom-digital.com\/de\/wp-json\/wp\/v2\/types\/page"}],"author":[{"embeddable":true,"href":"https:\/\/www.vollcom-digital.com\/de\/wp-json\/wp\/v2\/users\/1"}],"replies":[{"embeddable":true,"href":"https:\/\/www.vollcom-digital.com\/de\/wp-json\/wp\/v2\/comments?post=14594"}],"version-history":[{"count":7,"href":"https:\/\/www.vollcom-digital.com\/de\/wp-json\/wp\/v2\/pages\/14594\/revisions"}],"predecessor-version":[{"id":15800,"href":"https:\/\/www.vollcom-digital.com\/de\/wp-json\/wp\/v2\/pages\/14594\/revisions\/15800"}],"up":[{"embeddable":true,"href":"https:\/\/www.vollcom-digital.com\/de\/wp-json\/wp\/v2\/pages\/14599"}],"wp:attachment":[{"href":"https:\/\/www.vollcom-digital.com\/de\/wp-json\/wp\/v2\/media?parent=14594"}],"curies":[{"name":"wp","href":"https:\/\/api.w.org\/{rel}","templated":true}]}}