{"id":14598,"date":"2025-02-03T18:14:22","date_gmt":"2025-02-03T17:14:22","guid":{"rendered":"https:\/\/www.vollcom-digital.com\/tech-data-consulting\/"},"modified":"2025-11-27T17:18:22","modified_gmt":"2025-11-27T16:18:22","slug":"tech-data-consulting","status":"publish","type":"page","link":"https:\/\/www.vollcom-digital.com\/de\/dienstleistungen\/tech-data-consulting\/","title":{"rendered":"Tech &#038; Data Consulting"},"content":{"rendered":"\n<section id=\"intro\" class=\"wp-block-group py-5 has-dark-blue-background-color is-layout-constrained wp-block-group-is-layout-constrained\"><div class=\"wp-bootstrap-blocks-container container mb-5 py-5 mt-5\">\n\t\n<div class=\"wp-bootstrap-blocks-container container mb-0\">\n\t\n<div class=\"wp-bootstrap-blocks-row row align-items-center\">\n\t\n\n<div class=\"col-12 col-md-5 mb-5 mb-lg-0\">\n\t\t\t\n\n<h1 class=\"wp-block-heading fw-bold mb-4 has-white-color has-text-color\">Tech &amp; Daten Beratung<\/h1>\n\n\n\n<h2 class=\"wp-block-heading h4 text-opacity-75 mb-4 has-white-color has-text-color has-link-color wp-elements-b16855674c8bd9f10ba7b27663cb6d55\">Strategische Intelligence-orientierte L\u00f6sungen f\u00fcr Unternehmenswachstum<\/h2>\n\n\n\n<p class=\"text-opacity-75 mb-5 has-white-color has-text-color has-link-color wp-elements-e1e30b613bfb88ca3dd41f8f64a7f977\">Transformieren Sie Ihr Unternehmen mit datengetriebenen Strategien, die Technologie-Initiativen mit Ihren Kernzielen abstimmen. Bei Vollcom Digital spezialisieren wir uns auf Intelligence-Strategieentwicklung, nahtlose datengetriebene Transformation und umfassende Sicherheits-Compliance, um sicherzustellen, dass Ihr Unternehmen in der heutigen digitalen Landschaft erfolgreich ist.\u200b<\/p>\n\n\n<div class=\"wp-bootstrap-blocks-button\">\n\t<a\n\t\thref=\"https:\/\/www.vollcom-digital.com\/de\/erstgespraech\/\"\n\t\t\t\t\t\tclass=\"btn btn-lg btn-primary\"\n\t>\n\t\tKostenloses Erstberatungsgespr\u00e4ch vereinbaren\t<\/a>\n<\/div>\n\n\t<\/div>\n\n\n\n<div class=\"col-12 col-md-7 d-none d-md-flex justify-content-center\">\n\t\t\t\n\n<figure class=\"wp-block-image size-full\"><img decoding=\"async\" width=\"512\" height=\"250\" src=\"https:\/\/www.vollcom-digital.com\/wp-content\/uploads\/2025\/02\/business-presentation-data-discussion.png\" alt=\"Eine professionelle Diskussion mit einer Pr\u00e4sentation an einem Whiteboard.\" class=\"wp-image-14063\" style=\"object-fit:cover\" title=\"\" srcset=\"https:\/\/www.vollcom-digital.com\/wp-content\/uploads\/2025\/02\/business-presentation-data-discussion.png 512w, https:\/\/www.vollcom-digital.com\/wp-content\/uploads\/2025\/02\/business-presentation-data-discussion-150x73.png 150w\" sizes=\"(max-width: 512px) 100vw, 512px\" \/><\/figure>\n\n\t<\/div>\n\n<\/div>\n\n<\/div>\n\n<\/div>\n<\/section>\n\n\n\n<section id=\"services\" class=\"wp-block-group py-5 mb-5 mb-lg-10 has-light-blue-background-color is-layout-constrained wp-block-group-is-layout-constrained\" data-mdb-animation-init=\"\" data-mdb-animation-start=\"onScroll\" data-mdb-animation=\"fade-in\" data-mdb-animation-offset=\"300\"><div class=\"wp-bootstrap-blocks-container container mb-0 mt-5\">\n\t\n<div class=\"wp-bootstrap-blocks-container container mb-0\">\n\t\n<div class=\"wp-bootstrap-blocks-row row text-center animation fade-in\">\n\t\n\n<div class=\"col-12\">\n\t\t\t\n\n<h2 class=\"wp-block-heading mb-5\">Unsere Tech &amp; Daten Beratungsleistungen<\/h2>\n\n\t<\/div>\n\n<\/div>\n\n<\/div>\n\n\n<div class=\"wp-bootstrap-blocks-container container mb-0\">\n\t\n<div class=\"wp-bootstrap-blocks-row row\">\n\t\n\n<div class=\"col-12 col-lg-4 mb-5\">\n\t\t\t\n\n<div class=\"wp-block-group card h-100 hover-shadow is-layout-flow wp-block-group-is-layout-flow\">\n<div class=\"wp-block-group card-body is-layout-flow wp-block-group-is-layout-flow\">\n<div class=\"wp-block-group d-flex align-items-center mb-4 is-layout-flow wp-block-group-is-layout-flow\">\n<div class=\"flex-shrink-0\">\n<span class=\"fa-stack d-flex align-items-center\" style=\"width: 60px; height: 48px;\">\n  <svg class=\"fa-stack-2x\" viewBox=\"0 0 100 100\" aria-hidden=\"true\">\n    <polygon points=\"25,10 75,10 100,50 75,90 25,90 0,50\" fill=\"#E5EAF4\"><\/polygon>\n  <\/svg>\n  <i class=\"fa-solid fa-lightbulb fa-stack-1x has-dark-blue-color fa-inverse\"><\/i>\n<\/span><\/div>\n\n\n\n<h3 class=\"wp-block-heading flex-grow-1 ms-3 card-title mb-0\">Intelligence-Strategieentwicklung<\/h3>\n<\/div>\n\n\n\n<p class=\"mb-0\">Abstimmung von Technologie-Initiativen mit Ihren Gesch\u00e4ftszielen durch umfassende Intelligence-Strategien, die messbare Ergebnisse und nachhaltiges Wachstum f\u00f6rdern.\u200b<\/p>\n<\/div>\n\n\n\n<div class=\"wp-block-group card-footer has-dark-blue-background-color is-layout-flow wp-block-group-is-layout-flow\">\n<p class=\"mb-0 has-white-color has-text-color has-link-color wp-elements-27c9d1582e464c7dc01d9cc3777cb979\"><a href=\"https:\/\/www.vollcom-digital.com\/de\/dienstleistungen\/tech-data-consulting\/intelligence-strategieentwicklung\/\" data-type=\"page\" data-id=\"14592\">Mehr erfahren<\/a><\/p>\n<\/div>\n<\/div>\n\n\t<\/div>\n\n\n\n<div class=\"col-12 col-lg-4 mb-5\">\n\t\t\t\n\n<div class=\"wp-block-group card h-100 hover-shadow is-layout-flow wp-block-group-is-layout-flow\">\n<div class=\"wp-block-group card-body is-layout-flow wp-block-group-is-layout-flow\">\n<div class=\"wp-block-group d-flex align-items-center mb-4 is-layout-flow wp-block-group-is-layout-flow\">\n<div class=\"flex-shrink-0\">\n<span class=\"fa-stack d-flex align-items-center\" style=\"width: 60px; height: 48px;\">\n  <svg class=\"fa-stack-2x\" viewBox=\"0 0 100 100\" aria-hidden=\"true\">\n    <polygon points=\"25,10 75,10 100,50 75,90 25,90 0,50\" fill=\"#E5EAF4\"><\/polygon>\n  <\/svg>\n  <i class=\"fa-solid fa-chart-line fa-stack-1x has-dark-blue-color fa-inverse\"><\/i>\n<\/span><\/div>\n\n\n\n<h3 class=\"wp-block-heading flex-grow-1 ms-3 card-title mb-0\">Datengetriebene Transformation<\/h3>\n<\/div>\n\n\n\n<p class=\"mb-0\">Begleitung Ihrer Organisation bei der Einf\u00fchrung neuer Technologien und Prozesse mit datengetriebenen Einblicken, die Leistung optimieren und Innovation beschleunigen.\u200b<\/p>\n<\/div>\n\n\n\n<div class=\"wp-block-group card-footer has-dark-blue-background-color is-layout-flow wp-block-group-is-layout-flow\">\n<p class=\"mb-0 has-white-color has-text-color has-link-color wp-elements-7827994fc4b9e0bc2de462eb1470d668\"><a href=\"https:\/\/www.vollcom-digital.com\/de\/dienstleistungen\/tech-data-consulting\/datengetriebene-transformation\/\" data-type=\"page\" data-id=\"14590\">Mehr erfahren<\/a><\/p>\n<\/div>\n<\/div>\n\n\t<\/div>\n\n\n\n<div class=\"col-12 col-lg-4 mb-5\">\n\t\t\t\n\n<div class=\"wp-block-group card h-100 hover-shadow is-layout-flow wp-block-group-is-layout-flow\">\n<div class=\"wp-block-group card-body is-layout-flow wp-block-group-is-layout-flow\">\n<div class=\"wp-block-group d-flex align-items-center mb-4 is-layout-flow wp-block-group-is-layout-flow\">\n<div class=\"flex-shrink-0\"><span class=\"fa-stack d-flex align-items-center\" style=\"width: 60px; height: 48px;\">\n  <svg class=\"fa-stack-2x\" viewBox=\"0 0 100 100\" aria-hidden=\"true\">\n    <polygon points=\"25,10 75,10 100,50 75,90 25,90 0,50\" fill=\"#E5EAF4\"><\/polygon>\n  <\/svg>\n  <i class=\"fa-solid fa-shield-halved fa-stack-1x has-dark-blue-color fa-inverse\"><\/i>\n<\/span><\/div>\n\n\n\n<h3 class=\"wp-block-heading flex-grow-1 ms-3 card-title mb-0\">Datensicherheit &amp; Compliance<\/h3>\n<\/div>\n\n\n\n<p class=\"mb-0\">Implementierung von Strategien zum Schutz Ihrer Daten-Assets und zur Gew\u00e4hrleistung der Einhaltung von Vorschriften bei gleichzeitiger Aufrechterhaltung operativer Exzellenz und Vertrauen der Stakeholder.\u200b<\/p>\n<\/div>\n\n\n\n<div class=\"wp-block-group card-footer has-dark-blue-background-color is-layout-constrained wp-block-group-is-layout-constrained\">\n<p class=\"mb-0 has-white-color has-text-color has-link-color wp-elements-f45d3f1a35a6ce322c4d728881873c7e\"><a href=\"https:\/\/www.vollcom-digital.com\/de\/dienstleistungen\/tech-data-consulting\/datensicherheit-compliance\/\" data-type=\"page\" data-id=\"14604\">Mehr erfahren<\/a><\/p>\n<\/div>\n<\/div>\n\n\t<\/div>\n\n<\/div>\n\n<\/div>\n\n<\/div>\n<\/section>\n\n\n\n<section id=\"benefits\" class=\"wp-block-group mb-5 mb-lg-10 is-layout-constrained wp-block-group-is-layout-constrained\" data-mdb-animation-init=\"\" data-mdb-animation-start=\"onScroll\" data-mdb-animation=\"fade-in\" data-mdb-animation-offset=\"300\"><div class=\"wp-bootstrap-blocks-container container mb-0\">\n\t\n<div class=\"wp-bootstrap-blocks-container container mb-0\">\n\t\n<div class=\"wp-bootstrap-blocks-row row text-center animation fade-in\">\n\t\n\n<div class=\"col-12\">\n\t\t\t\n\n<p class=\"text-uppercase mb-4 text-link-left-turquoise has-turquoise-color has-text-color has-link-color wp-elements-cd3451e382ed4a7ce1e2325303d7233a\"><a href=\"https:\/\/www.vollcom-digital.com\/de\/ueber-uns\/\" data-type=\"page\" data-id=\"14614\">Mehr \u00fcber uns<\/a><\/p>\n\n\n\n<h2 class=\"wp-block-heading mb-5\">Vorteile unserer Tech &amp; Daten Beratungsleistungen<\/h2>\n\n\t<\/div>\n\n<\/div>\n\n<\/div>\n\n\n<div class=\"wp-bootstrap-blocks-container container mb-0\">\n\t\n<div class=\"wp-bootstrap-blocks-row row align-items-center\">\n\t\n\n<div class=\"col-12 col-md-12 col-lg-4\">\n\t\t\t\n<div class=\"wp-bootstrap-blocks-row row mb-4\">\n\t\n\n<div class=\"col-3\">\n\t\t\t\n\n<div class=\"d-flex align-items-center justify-content-center mx-auto\">\n<span class=\"fa-stack d-flex align-items-center\" style=\"width: 60px; height: 48px;\">\n  <svg class=\"fa-stack-2x\" viewBox=\"0 0 100 100\" aria-hidden=\"true\">\n    <polygon points=\"25,10 75,10 100,50 75,90 25,90 0,50\" fill=\"#E5EAF4\"><\/polygon>\n  <\/svg>\n  <i class=\"fa-solid fa-bullseye fa-stack-1x has-dark-blue-color fa-inverse\"><\/i>\n<\/span><\/div>\n\n\t<\/div>\n\n\n\n<div class=\"col-9 mb-2\">\n\t\t\t\n\n<h3 class=\"wp-block-heading\">Strategische Technologie-Ausrichtung<\/h3>\n\n\n\n<p>Stellen Sie sicher, dass Ihre Technologie-Initiativen Ihre Gesch\u00e4ftsziele direkt unterst\u00fctzen und beschleunigen durch intelligente Strategieentwicklung.\u200b<\/p>\n\n\t<\/div>\n\n<\/div>\n\n\n<div class=\"wp-bootstrap-blocks-row row mb-4\">\n\t\n\n<div class=\"col-3\">\n\t\t\t\n\n<div class=\"d-flex align-items-center justify-content-center mx-auto\">\n    <span class=\"fa-stack d-flex align-items-center\" style=\"width: 60px; height: 48px;\">\n        <svg class=\"fa-stack-2x\" viewBox=\"0 0 100 100\" aria-hidden=\"true\">\n            <polygon points=\"25,10 75,10 100,50 75,90 25,90 0,50\" fill=\"#E5EAF4\"><\/polygon>\n        <\/svg>\n        <i class=\"fa-solid fa-shield-halved fa-stack-1x has-dark-blue-color fa-inverse\"><\/i>\n    <\/span>\n<\/div>\n\n\t<\/div>\n\n\n\n<div class=\"col-9 mb-2\">\n\t\t\t\n\n<h3 class=\"wp-block-heading\">Umfassender Datenschutz<\/h3>\n\n\n\n<p>Sch\u00fctzen Sie die Daten-Assets Ihres Unternehmens mit robusten Sicherheitsma\u00dfnahmen und gew\u00e4hrleisten Sie die Einhaltung von Branchenvorschriften.<\/p>\n\n\t<\/div>\n\n<\/div>\n\n\t<\/div>\n\n\n\n<div class=\"col-12 col-md-12 col-lg-4 text-center px-5 mb-5 mb-lg-0\">\n\t\t\t\n\n<figure class=\"wp-block-image size-full\"><img decoding=\"async\" width=\"512\" height=\"820\" src=\"https:\/\/www.vollcom-digital.com\/wp-content\/uploads\/2025\/02\/tech-workshop-group-discussion.png\" alt=\"\" class=\"wp-image-14141\" title=\"\" srcset=\"https:\/\/www.vollcom-digital.com\/wp-content\/uploads\/2025\/02\/tech-workshop-group-discussion.png 512w, https:\/\/www.vollcom-digital.com\/wp-content\/uploads\/2025\/02\/tech-workshop-group-discussion-360x576.png 360w, https:\/\/www.vollcom-digital.com\/wp-content\/uploads\/2025\/02\/tech-workshop-group-discussion-150x240.png 150w\" sizes=\"(max-width: 512px) 100vw, 512px\" \/><\/figure>\n\n\t<\/div>\n\n\n\n<div class=\"col-12 col-md-12 col-lg-4\">\n\t\t\t\n<div class=\"wp-bootstrap-blocks-row row mb-4\">\n\t\n\n<div class=\"col-3\">\n\t\t\t\n\n<div class=\"d-flex align-items-center justify-content-center mx-auto\">\n<span class=\"fa-stack d-flex align-items-center\" style=\"width: 60px; height: 48px;\">\n  <svg class=\"fa-stack-2x\" viewBox=\"0 0 100 100\" aria-hidden=\"true\">\n    <polygon points=\"25,10 75,10 100,50 75,90 25,90 0,50\" fill=\"#E5EAF4\"><\/polygon>\n  <\/svg>\n  <i class=\"fa-solid fa-rocket fa-stack-1x has-dark-blue-color fa-inverse\"><\/i>\n<\/span><\/div>\n\n\t<\/div>\n\n\n\n<div class=\"col-9 mb-2\">\n\t\t\t\n\n<h3 class=\"wp-block-heading\">Beschleunigte Innovation<\/h3>\n\n\n\n<p>F\u00f6rdern Sie datengetriebene Transformation, die Prozesse optimiert, Kosten reduziert und Ihr Unternehmen f\u00fcr zuk\u00fcnftiges Wachstum positioniert.\u200b<\/p>\n\n\t<\/div>\n\n<\/div>\n\n\t<\/div>\n\n<\/div>\n\n<\/div>\n\n<\/div>\n<\/section>\n\n\n\n<section id=\"process\" class=\"wp-block-group py-5 has-light-blue-background-color has-slate-50-background-color is-layout-constrained wp-block-group-is-layout-constrained\" data-mdb-animation-init=\"\" data-mdb-animation-start=\"onScroll\" data-mdb-animation=\"fade-in\" data-mdb-animation-offset=\"300\"><div class=\"wp-bootstrap-blocks-container container mb-5 mt-5\">\n\t\n<div class=\"wp-bootstrap-blocks-container container mb-5\">\n\t\n<div class=\"wp-bootstrap-blocks-row row text-md-center\">\n\t\n\n<div class=\"col-12\">\n\t\t\t\n\n<p class=\"text-uppercase mb-4 text-link-left-turquoise has-turquoise-color has-text-color has-link-color wp-elements-cd3451e382ed4a7ce1e2325303d7233a\"><a href=\"https:\/\/www.vollcom-digital.com\/de\/ueber-uns\/\" data-type=\"page\" data-id=\"14614\">Mehr \u00fcber uns<\/a><\/p>\n\n\n\n<h2 class=\"wp-block-heading\">Wie wir arbeiten<\/h2>\n\n\t<\/div>\n\n<\/div>\n\n<\/div>\n\n\n<div class=\"wp-bootstrap-blocks-container container mb-0\">\n\t\n<div class=\"wp-bootstrap-blocks-row row\">\n\t\n\n<div class=\"col-12\">\n\t\t\t\n\t<!-- STEPPER DEBUG: Function called with 3 steps -->\n\t<ul class=\"timeline-with-icons mb-7 ms-3\">\n\t\t\t\t\t<li class=\"timeline-item mb-5\" >\n\t\t\t\t<span class=\"timeline-icon badge-primary\">\n\t\t\t\t\t<i class=\"fa-solid fa-cubes fa-sm fa-fw\" style=\"color: #181347;\"><\/i>\n\t\t\t\t<\/span>\n\t\t\t\t<p class=\"text-muted mb-2 fw-bold\">Step 1.<\/p>\n\t\t\t\t<h5 class=\"fw-bold\">Intelligence-Strategie-Bewertung<\/h5>\n\t\t\t\t<p class=\"text-muted\">\n\t\t\t\t\tWir analysieren Ihre aktuelle Technologielandschaft und Gesch\u00e4ftsziele, um intelligente Strategien zu entwickeln, die mit Ihren Zielen \u00fcbereinstimmen und messbare Ergebnisse erzielen.\u200b\t\t\t\t<\/p>\n\t\t\t\t\t\t\t\t\t\t\t<\/li>\n\t\t\t\t\t<li class=\"timeline-item mb-5\" >\n\t\t\t\t<span class=\"timeline-icon badge-primary\">\n\t\t\t\t\t<i class=\"fa-solid fa-cubes fa-sm fa-fw\" style=\"color: #181347;\"><\/i>\n\t\t\t\t<\/span>\n\t\t\t\t<p class=\"text-muted mb-2 fw-bold\">Step 2.<\/p>\n\t\t\t\t<h5 class=\"fw-bold\">Datengetriebene Umsetzung<\/h5>\n\t\t\t\t<p class=\"text-muted\">\n\t\t\t\t\tUnsere Experten setzen ma\u00dfgeschneiderte Transformationsl\u00f6sungen unter Verwendung von Datenerkenntnissen ein, um Prozesse zu optimieren und die operative Effizienz in Ihrem Unternehmen zu verbessern.\u200b\t\t\t\t<\/p>\n\t\t\t\t\t\t\t\t\t\t\t<\/li>\n\t\t\t\t\t<li class=\"timeline-item mb-5\" >\n\t\t\t\t<span class=\"timeline-icon badge-primary\">\n\t\t\t\t\t<i class=\"fa-solid fa-cubes fa-sm fa-fw\" style=\"color: #181347;\"><\/i>\n\t\t\t\t<\/span>\n\t\t\t\t<p class=\"text-muted mb-2 fw-bold\">Step 3.<\/p>\n\t\t\t\t<h5 class=\"fw-bold\">Sicherheits- &amp; Compliance-Framework<\/h5>\n\t\t\t\t<p class=\"text-muted\">\n\t\t\t\t\tWir implementieren umfassende Datensicherheitsma\u00dfnahmen und Compliance-Protokolle zum Schutz Ihrer Assets bei gleichzeitiger Gew\u00e4hrleistung der Einhaltung von Vorschriften und des Vertrauens der Stakeholder.\t\t\t\t<\/p>\n\t\t\t\t\t\t\t\t\t\t\t<\/li>\n\t\t\t<\/ul>\n\n\t<\/div>\n\n<\/div>\n\n<\/div>\n\n<\/div>\n<\/section>\n\n\n\n<section id=\"knowledge-hub\" class=\"wp-block-group py-5 has-slate-50-background-color is-layout-constrained wp-block-group-is-layout-constrained\" data-mdb-animation-init=\"\" data-mdb-animation-start=\"onScroll\" data-mdb-animation=\"fade-in\" data-mdb-animation-offset=\"300\"><div class=\"wp-bootstrap-blocks-container container mb-0 pt-5\">\n\t\n<div class=\"wp-bootstrap-blocks-container container mb-0\">\n\t\n<div class=\"wp-bootstrap-blocks-row row text-center animation fade-in\">\n\t\n\n<div class=\"col-12\">\n\t\t\t\n\n<p class=\"text-uppercase mb-4 text-link-left-turquoise has-turquoise-color has-text-color has-link-color wp-elements-0037f80cf7590c356367f2ba8d27ad2a\"><a href=\"https:\/\/www.vollcom-digital.com\/de\/ressourcen\/\" data-type=\"page\" data-id=\"14615\">Daten Intelligence Wissenszentrum<\/a><\/p>\n\n\n\n<h2 class=\"wp-block-heading mb-4\">Zus\u00e4tzliche Ressourcen<\/h2>\n\n\n\n<p class=\"text-muted mb-5\">Bleiben Sie auf dem Laufenden mit unseren neuesten Erkenntnissen zu Technologiestrategie, datengetriebener Transformation und Sicherheits-Compliance, um Ihre Gesch\u00e4ftsf\u00e4higkeiten kontinuierlich zu verbessern.\u200b<\/p>\n\n\t<\/div>\n\n<\/div>\n\n<\/div>\n\n\n<div class=\"wp-bootstrap-blocks-container container mb-0 mb-5\">\n\t\n<div class=\"wp-bootstrap-blocks-row row\">\n\t\n\n<div class=\"col-12\">\n\t\t\t\n<p>No posts found for the selected category.<\/p>\n\t<\/div>\n\n<\/div>\n\n<\/div>\n\n<\/div>\n<\/section>\n\n\n\n<section id=\"contact\" class=\"wp-block-group py-5 mb-5 mb-lg-10 is-layout-constrained wp-block-group-is-layout-constrained\"><div class=\"wp-bootstrap-blocks-container container mb-0 mt-5\">\n\t\n<div class=\"wp-bootstrap-blocks-container container mb-0\">\n\t\n<div class=\"wp-bootstrap-blocks-row row align-items-center\">\n\t\n\n<div class=\"col-12 col-md-7 d-none d-md-flex justify-content-center\">\n\t\t\t\n\n<figure class=\"wp-block-image size-medium\"><img decoding=\"async\" width=\"360\" height=\"576\" src=\"https:\/\/www.vollcom-digital.com\/wp-content\/uploads\/2025\/02\/confident-businesswoman-holding-tablet-360x576.png\" alt=\"\" class=\"wp-image-14071\" style=\"object-fit:cover\" title=\"\" srcset=\"https:\/\/www.vollcom-digital.com\/wp-content\/uploads\/2025\/02\/confident-businesswoman-holding-tablet-360x576.png 360w, https:\/\/www.vollcom-digital.com\/wp-content\/uploads\/2025\/02\/confident-businesswoman-holding-tablet-150x240.png 150w, https:\/\/www.vollcom-digital.com\/wp-content\/uploads\/2025\/02\/confident-businesswoman-holding-tablet.png 512w\" sizes=\"(max-width: 360px) 100vw, 360px\" \/><\/figure>\n\n\t<\/div>\n\n\n\n<div class=\"col-12 col-md-5 mb-5 mb-lg-0\">\n\t\t\t\n\n<h2 class=\"wp-block-heading fw-bold mb-3\">Bereit, Ihr Unternehmen mit Daten Intelligence zu transformieren?<\/h2>\n\n\n\n<h3 class=\"wp-block-heading h4 text-opacity-75 mb-3\">Vereinbaren Sie Ihre strategische Beratung<\/h3>\n\n\n\n<p class=\"text-opacity-75 mb-5\">Lassen Sie uns besprechen, wie unsere Tech &amp; Daten Beratungsleistungen Ihre Technologie-Initiativen mit Gesch\u00e4ftszielen abstimmen, datengetriebene Transformation vorantreiben und umfassende Sicherheits-Compliance gew\u00e4hrleisten k\u00f6nnen.\u200b<\/p>\n\n\n<div class=\"wp-bootstrap-blocks-button\">\n\t<a\n\t\thref=\"https:\/\/www.vollcom-digital.com\/de\/erstgespraech\/\"\n\t\t\t\t\t\tclass=\"btn btn-lg btn-primary\"\n\t>\n\t\tKostenloses Erstberatungsgespr\u00e4ch vereinbaren\t<\/a>\n<\/div>\n\n\t<\/div>\n\n<\/div>\n\n<\/div>\n\n<\/div>\n<\/section>\n","protected":false},"excerpt":{"rendered":"","protected":false},"author":1,"featured_media":0,"parent":14619,"menu_order":4,"comment_status":"closed","ping_status":"closed","template":"","meta":{"inline_featured_image":false,"footnotes":""},"class_list":["post-14598","page","type-page","status-publish","hentry"],"_links":{"self":[{"href":"https:\/\/www.vollcom-digital.com\/de\/wp-json\/wp\/v2\/pages\/14598","targetHints":{"allow":["GET"]}}],"collection":[{"href":"https:\/\/www.vollcom-digital.com\/de\/wp-json\/wp\/v2\/pages"}],"about":[{"href":"https:\/\/www.vollcom-digital.com\/de\/wp-json\/wp\/v2\/types\/page"}],"author":[{"embeddable":true,"href":"https:\/\/www.vollcom-digital.com\/de\/wp-json\/wp\/v2\/users\/1"}],"replies":[{"embeddable":true,"href":"https:\/\/www.vollcom-digital.com\/de\/wp-json\/wp\/v2\/comments?post=14598"}],"version-history":[{"count":8,"href":"https:\/\/www.vollcom-digital.com\/de\/wp-json\/wp\/v2\/pages\/14598\/revisions"}],"predecessor-version":[{"id":15805,"href":"https:\/\/www.vollcom-digital.com\/de\/wp-json\/wp\/v2\/pages\/14598\/revisions\/15805"}],"up":[{"embeddable":true,"href":"https:\/\/www.vollcom-digital.com\/de\/wp-json\/wp\/v2\/pages\/14619"}],"wp:attachment":[{"href":"https:\/\/www.vollcom-digital.com\/de\/wp-json\/wp\/v2\/media?parent=14598"}],"curies":[{"name":"wp","href":"https:\/\/api.w.org\/{rel}","templated":true}]}}