{"id":14604,"date":"2025-01-01T11:01:42","date_gmt":"2025-01-01T10:01:42","guid":{"rendered":"https:\/\/www.vollcom-digital.com\/tech-data-consulting\/data-security-consulting\/"},"modified":"2025-11-27T17:40:28","modified_gmt":"2025-11-27T16:40:28","slug":"datensicherheit-compliance","status":"publish","type":"page","link":"https:\/\/www.vollcom-digital.com\/de\/dienstleistungen\/tech-data-consulting\/datensicherheit-compliance\/","title":{"rendered":"Datensicherheit &#038; Compliance"},"content":{"rendered":"\n<section id=\"intro\" class=\"wp-block-group py-5 mb-5 mb-lg-10 has-dark-blue-background-color is-layout-constrained wp-block-group-is-layout-constrained\"><div class=\"wp-bootstrap-blocks-container container mb-5 py-5 mt-5\">\n\t\n<div class=\"wp-bootstrap-blocks-container container mb-0\">\n\t\n<div class=\"wp-bootstrap-blocks-row row align-items-center\">\n\t\n\n<div class=\"col-12 col-md-5 mb-5 mb-lg-0\">\n\t\t\t\n\n<h1 class=\"wp-block-heading fw-bold mb-4 has-white-color has-text-color\">Datensicherheit &amp; Compliance-L\u00f6sungen<\/h1>\n\n\n\n<h2 class=\"wp-block-heading h4 text-opacity-75 mb-4 has-white-color has-text-color has-link-color wp-elements-aad06e5a8e9aa6848b12737056f680ed\">Umfassende Strategien zum Schutz Ihrer Daten-Assets und zur Gew\u00e4hrleistung regulatorischer Compliance<\/h2>\n\n\n\n<p class=\"text-opacity-75 mb-5 has-white-color has-text-color has-link-color wp-elements-f4e8ad129c25dae64292fb3865091e8a\">Navigieren Sie durch die komplexe Landschaft der Datenschutzvorschriften und sichern Sie gleichzeitig die wertvollsten Assets Ihres Unternehmens. Unsere Datensicherheit &amp; Compliance-Services bieten integrierte L\u00f6sungen, die sensible Informationen sch\u00fctzen, regulatorische Einhaltung gew\u00e4hrleisten und das Vertrauen der Stakeholder durch bew\u00e4hrte Sicherheitsframeworks und Compliance-Methoden aufrechterhalten.<\/p>\n\n\n<div class=\"wp-bootstrap-blocks-button\">\n\t<a\n\t\thref=\"https:\/\/www.vollcom-digital.com\/de\/erstgespraech\/\"\n\t\t\t\t\t\tclass=\"btn btn-lg btn-primary\"\n\t>\n\t\tCompliance-Bewertung anfordern\t<\/a>\n<\/div>\n\n\t<\/div>\n\n\n\n<div class=\"col-12 col-md-7 d-none d-md-flex justify-content-center\">\n\t\t\t\n\n<figure class=\"wp-block-image size-full\"><img decoding=\"async\" width=\"512\" height=\"250\" src=\"https:\/\/www.vollcom-digital.com\/wp-content\/uploads\/2025\/02\/business-presentation-data-discussion.png\" alt=\"Eine professionelle Diskussion mit einer Pr\u00e4sentation an einem Whiteboard.\" class=\"wp-image-14063\" style=\"object-fit:cover\" title=\"\" srcset=\"https:\/\/www.vollcom-digital.com\/wp-content\/uploads\/2025\/02\/business-presentation-data-discussion.png 512w, https:\/\/www.vollcom-digital.com\/wp-content\/uploads\/2025\/02\/business-presentation-data-discussion-150x73.png 150w\" sizes=\"(max-width: 512px) 100vw, 512px\" \/><\/figure>\n\n\t<\/div>\n\n<\/div>\n\n<\/div>\n\n<\/div>\n<\/section>\n\n\n\n<section id=\"usp\" class=\"wp-block-group mb-lg-10 mb-5 is-layout-constrained wp-block-group-is-layout-constrained\" data-mdb-animation-init=\"\" data-mdb-animation-start=\"onScroll\" data-mdb-animation=\"fade-in\" data-mdb-animation-offset=\"300\"><div class=\"wp-bootstrap-blocks-container container mb-0 mt-5\">\n\t\n<div class=\"wp-bootstrap-blocks-container container mb-0\">\n\t\n<div class=\"wp-bootstrap-blocks-row row text-center animation fade-in\">\n\t\n\n<div class=\"col-12\">\n\t\t\t\n\n<p class=\"text-uppercase mb-4 text-link-left-turquoise has-turquoise-color has-text-color\"><a href=\"https:\/\/www.vollcom-digital.com\/de\/ueber-uns\/\" data-type=\"page\" data-id=\"14614\">Tech &amp; Data Consulting<\/a><\/p>\n\n\n\n<h2 class=\"wp-block-heading mb-5\">Warum unsere Datensicherheit &amp; Compliance-Services w\u00e4hlen?<\/h2>\n\n\t<\/div>\n\n<\/div>\n\n<\/div>\n\n\n<div class=\"wp-bootstrap-blocks-container container mb-0\">\n\t\n<div class=\"wp-bootstrap-blocks-row row animation fade-in\">\n\t\n\n<div class=\"col-12 col-md-4 mb-5\">\n\t\t\t\n\n<div class=\"wp-block-group d-flex align-items-start is-layout-constrained wp-block-group-is-layout-constrained\">\n<div class=\"flex-shrink-0 mt-1\"><i class=\"fas fa-shield-alt fa-lg text-success fa-fw\"><\/i><\/div>\n\n\n\n<div class=\"wp-block-group flex-grow-1 ms-3 is-layout-constrained wp-block-group-is-layout-constrained\">\n<h3 class=\"wp-block-heading mb-1\">Integrierte Sicherheit &amp; Compliance<\/h3>\n\n\n\n<p class=\"text-muted mb-0\">Wir integrieren nahtlos robuste Sicherheitsma\u00dfnahmen mit umfassenden Compliance-Frameworks und stellen sicher, dass Ihre Datenschutzstrategien sowohl technische Sicherheitsanforderungen als auch regulatorische Mandate wie DSGVO, HIPAA, SOX und branchenspezifische Standards erf\u00fcllen.<\/p>\n<\/div>\n<\/div>\n\n\t<\/div>\n\n\n\n<div class=\"col-12 col-md-4 mb-5\">\n\t\t\t\n\n<div class=\"wp-block-group d-flex align-items-start is-layout-constrained wp-block-group-is-layout-constrained\">\n<div class=\"flex-shrink-0 mt-1\"><i class=\"fas fa-balance-scale fa-lg text-success fa-fw\"><\/i><\/div>\n\n\n\n<div class=\"wp-block-group flex-grow-1 ms-3 is-layout-constrained wp-block-group-is-layout-constrained\">\n<h3 class=\"wp-block-heading mb-1\">Regulatorische Expertise<\/h3>\n\n\n\n<p class=\"text-muted mb-0\">Unsere Compliance-Spezialisten bieten tiefgreifende Expertise in verschiedenen regulatorischen Frameworks und helfen Ihnen dabei, komplexe Anforderungen zu navigieren, w\u00e4hrend operative Effizienz aufrechterhalten und Auditrisiken reduziert werden.<\/p>\n<\/div>\n<\/div>\n\n\t<\/div>\n\n\n\n<div class=\"col-12 col-md-4\">\n\t\t\t\n\n<div class=\"wp-block-group d-flex align-items-start is-layout-constrained wp-block-group-is-layout-constrained\">\n<div class=\"flex-shrink-0 mt-1\"><i class=\"fas fa-cogs fa-lg text-success fa-fw\"><\/i><\/div>\n\n\n\n<div class=\"wp-block-group flex-grow-1 ms-3 is-layout-constrained wp-block-group-is-layout-constrained\">\n<h3 class=\"wp-block-heading mb-1\">Ma\u00dfgeschneiderte Implementierung<\/h3>\n\n\n\n<p class=\"text-muted mb-0\">Wir entwickeln und implementieren angepasste Datensicherheits- und Compliance-Strategien, die sich an Ihren spezifischen Branchenanforderungen, Gesch\u00e4ftszielen und Risikotoleranz orientieren und dabei Skalierbarkeit und Wartbarkeit gew\u00e4hrleisten.<\/p>\n<\/div>\n<\/div>\n\n\t<\/div>\n\n<\/div>\n\n<\/div>\n\n<\/div>\n<\/section>\n\n\n\n<section id=\"services\" class=\"wp-block-group py-5 mb-lg-10 mb-5 has-light-blue-background-color is-layout-constrained wp-block-group-is-layout-constrained\" data-mdb-animation-init=\"\" data-mdb-animation-start=\"onScroll\" data-mdb-animation=\"fade-in\" data-mdb-animation-offset=\"300\"><div class=\"wp-bootstrap-blocks-container container mb-0 pt-5\">\n\t\n<div class=\"wp-bootstrap-blocks-row row text-center animation fade-in\">\n\t\n\n<div class=\"col-12\">\n\t\t\t\n\n<h2 class=\"wp-block-heading mb-5\">Unsere Datensicherheit &amp; Compliance-Services<\/h2>\n\n\t<\/div>\n\n<\/div>\n\n<\/div>\n\n\n<div class=\"wp-bootstrap-blocks-container container mb-5\">\n\t\n<div class=\"wp-bootstrap-blocks-row row\">\n\t\n\n<div class=\"col-12 col-md-6 mb-5\">\n\t\t\t\n\n<div class=\"wp-block-group card h-100 hover-shadow is-layout-flow wp-block-group-is-layout-flow\">\n<div class=\"wp-block-group card-body is-layout-flow wp-block-group-is-layout-flow\">\n<div class=\"wp-block-group d-flex align-items-center mb-4 is-layout-flow wp-block-group-is-layout-flow\">\n<div class=\"flex-shrink-0\">\n<span class=\"fa-stack d-flex align-items-center\" style=\"width: 60px; height: 48px;\">\n  <svg class=\"fa-stack-2x\" viewBox=\"0 0 100 100\" aria-hidden=\"true\">\n    <polygon points=\"25,10 75,10 100,50 75,90 25,90 0,50\" fill=\"#E5EAF4\"><\/polygon>\n  <\/svg>\n  <i class=\"fa-solid fa-search fa-stack-1x has-dark-blue-color fa-inverse\"><\/i>\n<\/span>\n<\/div>\n\n\n\n<h3 class=\"wp-block-heading flex-grow-1 ms-3 card-title mb-0\">Compliance-L\u00fcckenanalyse &amp; -Bewertung<\/h3>\n<\/div>\n\n\n\n<p>Umfassende Evaluierung Ihrer aktuellen Datensicherheitslage gegen\u00fcber regulatorischen Anforderungen, Identifizierung von Compliance-L\u00fccken und Bereitstellung umsetzbarer Sanierungsroadmaps, die auf Ihre spezifische regulatorische Landschaft zugeschnitten sind.<\/p>\n<\/div>\n<\/div>\n\n\t<\/div>\n\n\n\n<div class=\"col-12 col-md-6 mb-5\">\n\t\t\t\n\n<div class=\"wp-block-group card h-100 hover-shadow is-layout-flow wp-block-group-is-layout-flow\">\n<div class=\"wp-block-group card-body is-layout-flow wp-block-group-is-layout-flow\">\n<div class=\"wp-block-group d-flex align-items-center mb-4 is-layout-flow wp-block-group-is-layout-flow\">\n<div class=\"flex-shrink-0\">\n<span class=\"fa-stack d-flex align-items-center\" style=\"width: 60px; height: 48px;\">\n  <svg class=\"fa-stack-2x\" viewBox=\"0 0 100 100\" aria-hidden=\"true\">\n    <polygon points=\"25,10 75,10 100,50 75,90 25,90 0,50\" fill=\"#E5EAF4\"><\/polygon>\n  <\/svg>\n  <i class=\"fa-solid fa-clipboard-check fa-stack-1x has-dark-blue-color fa-inverse\"><\/i>\n<\/span>\n<\/div>\n\n\n\n<h3 class=\"wp-block-heading flex-grow-1 ms-3 card-title mb-0\">Implementierung regulatorischer Frameworks<\/h3>\n<\/div>\n\n\n\n<p>Strategische Implementierung von Compliance-Frameworks einschlie\u00dflich DSGVO, HIPAA, SOX, PCI DSS und branchenspezifischen Vorschriften, um sicherzustellen, dass Ihr Unternehmen alle anwendbaren Datenschutz- und Privatsph\u00e4re-Anforderungen erf\u00fcllt.<\/p>\n<\/div>\n<\/div>\n\n\t<\/div>\n\n<\/div>\n\n\n<div class=\"wp-bootstrap-blocks-row row\">\n\t\n\n<div class=\"col-12 col-md-6 mb-5\">\n\t\t\t\n\n<div class=\"wp-block-group card h-100 hover-shadow is-layout-flow wp-block-group-is-layout-flow\">\n<div class=\"wp-block-group card-body is-layout-flow wp-block-group-is-layout-flow\">\n<div class=\"wp-block-group d-flex align-items-center mb-4 is-layout-flow wp-block-group-is-layout-flow\">\n<div class=\"flex-shrink-0\">\n<span class=\"fa-stack d-flex align-items-center\" style=\"width: 60px; height: 48px;\">\n  <svg class=\"fa-stack-2x\" viewBox=\"0 0 100 100\" aria-hidden=\"true\">\n    <polygon points=\"25,10 75,10 100,50 75,90 25,90 0,50\" fill=\"#E5EAF4\"><\/polygon>\n  <\/svg>\n  <i class=\"fa-solid fa-lock fa-stack-1x has-dark-blue-color fa-inverse\"><\/i>\n<\/span>\n<\/div>\n\n\n\n<h3 class=\"wp-block-heading flex-grow-1 ms-3 card-title mb-0\">Datenverschl\u00fcsselung &amp; Zugangskontrollen<\/h3>\n<\/div>\n\n\n\n<p>Implementierung von Verschl\u00fcsselungsl\u00f6sungen auf Unternehmensebene und ausgekl\u00fcgelten Zugangskontrollsystemen, die sensible Daten sch\u00fctzen und gleichzeitig die Einhaltung regulatorischer Anforderungen und Audit-Standards gew\u00e4hrleisten.<\/p>\n<\/div>\n<\/div>\n\n\t<\/div>\n\n\n\n<div class=\"col-12 col-md-6 mb-5\">\n\t\t\t\n\n<div class=\"wp-block-group card h-100 hover-shadow is-layout-flow wp-block-group-is-layout-flow\">\n<div class=\"wp-block-group card-body is-layout-flow wp-block-group-is-layout-flow\">\n<div class=\"wp-block-group d-flex align-items-center mb-4 is-layout-flow wp-block-group-is-layout-flow\">\n<div class=\"flex-shrink-0\">\n<span class=\"fa-stack d-flex align-items-center\" style=\"width: 60px; height: 48px;\">\n  <svg class=\"fa-stack-2x\" viewBox=\"0 0 100 100\" aria-hidden=\"true\">\n    <polygon points=\"25,10 75,10 100,50 75,90 25,90 0,50\" fill=\"#E5EAF4\"><\/polygon>\n  <\/svg>\n  <i class=\"fa-solid fa-chart-line fa-stack-1x has-dark-blue-color fa-inverse\"><\/i>\n<\/span>\n<\/div>\n\n\n\n<h3 class=\"wp-block-heading flex-grow-1 ms-3 card-title mb-0\">Kontinuierliches Monitoring &amp; Audit-Vorbereitung<\/h3>\n<\/div>\n\n\n\n<p>Einsatz fortschrittlicher \u00dcberwachungssysteme und Etablierung audit-bereiter Dokumentation und Prozesse, um laufende Compliance-Verifizierung und schnelle Reaktion auf regulatorische Anfragen zu gew\u00e4hrleisten.<\/p>\n<\/div>\n<\/div>\n\n\t<\/div>\n\n<\/div>\n\n\n<div class=\"wp-bootstrap-blocks-row row\">\n\t\n\n<div class=\"col-12 col-md-6 mb-5 mb-lg-0\">\n\t\t\t\n\n<div class=\"wp-block-group card h-100 hover-shadow is-layout-flow wp-block-group-is-layout-flow\">\n<div class=\"wp-block-group card-body is-layout-flow wp-block-group-is-layout-flow\">\n<div class=\"wp-block-group d-flex align-items-center mb-4 is-layout-flow wp-block-group-is-layout-flow\">\n<div class=\"flex-shrink-0\">\n<span class=\"fa-stack d-flex align-items-center\" style=\"width: 60px; height: 48px;\">\n  <svg class=\"fa-stack-2x\" viewBox=\"0 0 100 100\" aria-hidden=\"true\">\n    <polygon points=\"25,10 75,10 100,50 75,90 25,90 0,50\" fill=\"#E5EAF4\"><\/polygon>\n  <\/svg>\n  <i class=\"fa-solid fa-users fa-stack-1x has-dark-blue-color fa-inverse\"><\/i>\n<\/span>\n<\/div>\n\n\n\n<h3 class=\"wp-block-heading flex-grow-1 ms-3 card-title mb-0\">Compliance-Schulungen &amp; Sensibilisierungsprogramme<\/h3>\n<\/div>\n\n\n\n<p>Umfassende Schulungsprogramme, die Ihr Team \u00fcber regulatorische Anforderungen, Sicherheits-Best-Practices und Compliance-Verfahren aufkl\u00e4ren und eine Kultur des Datenschutzbewusstseins in Ihrem gesamten Unternehmen f\u00f6rdern.<\/p>\n<\/div>\n<\/div>\n\n\t<\/div>\n\n\n\n<div class=\"col-12 col-md-6\">\n\t\t\t\t<\/div>\n\n<\/div>\n\n<\/div>\n<\/section>\n\n\n\n<section id=\"benefits\" class=\"wp-block-group mb-5 mb-lg-10 is-layout-constrained wp-block-group-is-layout-constrained\" data-mdb-animation-init=\"\" data-mdb-animation-start=\"onScroll\" data-mdb-animation=\"fade-in\" data-mdb-animation-offset=\"300\"><div class=\"wp-bootstrap-blocks-container container mb-0\">\n\t\n<div class=\"wp-bootstrap-blocks-container container mb-0\">\n\t\n<div class=\"wp-bootstrap-blocks-row row text-center animation fade-in\">\n\t\n\n<div class=\"col-12\">\n\t\t\t\n\n<p class=\"text-uppercase mb-4 text-link-left-turquoise has-turquoise-color has-text-color has-link-color wp-elements-cd3451e382ed4a7ce1e2325303d7233a\"><a href=\"https:\/\/www.vollcom-digital.com\/de\/ueber-uns\/\" data-type=\"page\" data-id=\"14614\">Mehr \u00fcber uns<\/a><\/p>\n\n\n\n<h2 class=\"wp-block-heading mb-5\">Ihre Compliance- &amp; Sicherheitsvorteile<\/h2>\n\n\t<\/div>\n\n<\/div>\n\n<\/div>\n\n\n<div class=\"wp-bootstrap-blocks-container container mb-0\">\n\t\n<div class=\"wp-bootstrap-blocks-row row align-items-center\">\n\t\n\n<div class=\"col-12 col-md-12 col-lg-4\">\n\t\t\t\n<div class=\"wp-bootstrap-blocks-row row mb-4\">\n\t\n\n<div class=\"col-3\">\n\t\t\t\n\n<div class=\"d-flex align-items-center justify-content-center mx-auto\">\n<span class=\"fa-stack d-flex align-items-center\" style=\"width: 60px; height: 48px;\">\n  <svg class=\"fa-stack-2x\" viewBox=\"0 0 100 100\" aria-hidden=\"true\">\n    <polygon points=\"25,10 75,10 100,50 75,90 25,90 0,50\" fill=\"#E5EAF4\"><\/polygon>\n  <\/svg>\n  <i class=\"fa-solid fa-gavel fa-stack-1x has-dark-blue-color fa-inverse\"><\/i>\n<\/span><\/div>\n\n\t<\/div>\n\n\n\n<div class=\"col-9 mb-2\">\n\t\t\t\n\n<h3 class=\"wp-block-heading\">Regulatorische Compliance<\/h3>\n\n\n\n<p>Erreichen und aufrechterhalten Sie Compliance mit Branchenvorschriften, reduzieren Sie rechtliche Risiken und vermeiden Sie kostspielige Strafen, w\u00e4hrend Sie das Vertrauen der Stakeholder st\u00e4rken.<\/p>\n\n\t<\/div>\n\n<\/div>\n\n\n<div class=\"wp-bootstrap-blocks-row row mb-4\">\n\t\n\n<div class=\"col-3\">\n\t\t\t\n\n<div class=\"d-flex align-items-center justify-content-center mx-auto\">\n    <span class=\"fa-stack d-flex align-items-center\" style=\"width: 60px; height: 48px;\">\n        <svg class=\"fa-stack-2x\" viewBox=\"0 0 100 100\" aria-hidden=\"true\">\n            <polygon points=\"25,10 75,10 100,50 75,90 25,90 0,50\" fill=\"#E5EAF4\"><\/polygon>\n        <\/svg>\n        <i class=\"fa-solid fa-shield-alt fa-stack-1x has-dark-blue-color fa-inverse\"><\/i>\n    <\/span>\n<\/div>\n\n\t<\/div>\n\n\n\n<div class=\"col-9 mb-2\">\n\t\t\t\n\n<h3 class=\"wp-block-heading\">Verbesserter Datenschutz<\/h3>\n\n\n\n<p>Implementieren Sie robuste Sicherheitsma\u00dfnahmen, die sensible Daten vor Verst\u00f6\u00dfen, unbefugtem Zugriff und Cyber-Bedrohungen sch\u00fctzen und gleichzeitig die operative Effizienz aufrechterhalten.<\/p>\n\n\t<\/div>\n\n<\/div>\n\n\t<\/div>\n\n\n\n<div class=\"col-12 col-md-12 col-lg-4 text-center px-5 mb-5 mb-lg-0\">\n\t\t\t\n\n<figure class=\"wp-block-image size-full\"><img decoding=\"async\" width=\"512\" height=\"820\" src=\"https:\/\/www.vollcom-digital.com\/wp-content\/uploads\/2025\/02\/nighttime-coding-software-engineering.png\" alt=\"\" class=\"wp-image-14105\" title=\"\" srcset=\"https:\/\/www.vollcom-digital.com\/wp-content\/uploads\/2025\/02\/nighttime-coding-software-engineering.png 512w, https:\/\/www.vollcom-digital.com\/wp-content\/uploads\/2025\/02\/nighttime-coding-software-engineering-360x576.png 360w, https:\/\/www.vollcom-digital.com\/wp-content\/uploads\/2025\/02\/nighttime-coding-software-engineering-150x240.png 150w\" sizes=\"(max-width: 512px) 100vw, 512px\" \/><\/figure>\n\n\t<\/div>\n\n\n\n<div class=\"col-12 col-md-12 col-lg-4\">\n\t\t\t\n<div class=\"wp-bootstrap-blocks-row row mb-4\">\n\t\n\n<div class=\"col-3\">\n\t\t\t\n\n<div class=\"d-flex align-items-center justify-content-center mx-auto\">\n<span class=\"fa-stack d-flex align-items-center\" style=\"width: 60px; height: 48px;\">\n  <svg class=\"fa-stack-2x\" viewBox=\"0 0 100 100\" aria-hidden=\"true\">\n    <polygon points=\"25,10 75,10 100,50 75,90 25,90 0,50\" fill=\"#E5EAF4\"><\/polygon>\n  <\/svg>\n  <i class=\"fa-solid fa-chart-bar fa-stack-1x has-dark-blue-color fa-inverse\"><\/i>\n<\/span><\/div>\n\n\t<\/div>\n\n\n\n<div class=\"col-9 mb-2\">\n\t\t\t\n\n<h3 class=\"wp-block-heading\">Audit-Bereitschaft<\/h3>\n\n\n\n<p>Unterhalten Sie umfassende Dokumentation und \u00dcberwachungssysteme, die sicherstellen, dass Ihr Unternehmen stets f\u00fcr regulatorische Audits und Compliance-\u00dcberpr\u00fcfungen vorbereitet ist.<\/p>\n\n\t<\/div>\n\n<\/div>\n\n\t<\/div>\n\n<\/div>\n\n<\/div>\n\n<\/div>\n<\/section>\n\n\n\n<section id=\"process\" class=\"wp-block-group py-5 has-light-blue-background-color has-slate-50-background-color is-layout-constrained wp-block-group-is-layout-constrained\" data-mdb-animation-init=\"\" data-mdb-animation-start=\"onScroll\" data-mdb-animation=\"fade-in\" data-mdb-animation-offset=\"300\"><div class=\"wp-bootstrap-blocks-container container mb-0 mt-5 mb-5\">\n\t\n<div class=\"wp-bootstrap-blocks-container container mb-0\">\n\t\n<div class=\"wp-bootstrap-blocks-row row text-center animation fade-in\">\n\t\n\n<div class=\"col-12\">\n\t\t\t\n\n<p class=\"text-uppercase mb-4 text-link-left-turquoise has-turquoise-color has-text-color has-link-color wp-elements-cd3451e382ed4a7ce1e2325303d7233a\"><a href=\"https:\/\/www.vollcom-digital.com\/de\/ueber-uns\/\" data-type=\"page\" data-id=\"14614\">Mehr \u00fcber uns<\/a><\/p>\n\n\n\n<h2 class=\"wp-block-heading mb-5\">Unser Compliance-Implementierungsprozess<\/h2>\n\n\t<\/div>\n\n<\/div>\n\n<\/div>\n\n\n<div class=\"wp-bootstrap-blocks-container container mb-0\">\n\t\n<div class=\"wp-bootstrap-blocks-row row\">\n\t\n\n<div class=\"col-12\">\n\t\t\t\n\t<!-- STEPPER DEBUG: Function called with 5 steps -->\n\t<ul class=\"timeline-with-icons mb-7 ms-3\">\n\t\t\t\t\t<li class=\"timeline-item mb-5\" >\n\t\t\t\t<span class=\"timeline-icon badge-primary\">\n\t\t\t\t\t<i class=\"fa-solid fa-cubes fa-sm fa-fw\" style=\"color: #181347;\"><\/i>\n\t\t\t\t<\/span>\n\t\t\t\t<p class=\"text-muted mb-2 fw-bold\">Step 1.<\/p>\n\t\t\t\t<h5 class=\"fw-bold\">Compliance-Bewertung &amp; L\u00fcckenanalyse<\/h5>\n\t\t\t\t<p class=\"text-muted\">\n\t\t\t\t\tUmfassende Evaluierung Ihrer aktuellen Sicherheitslage gegen\u00fcber anwendbaren regulatorischen Frameworks, Identifizierung von Compliance-L\u00fccken und Sicherheitsschwachstellen.\t\t\t\t<\/p>\n\t\t\t\t\t\t\t\t\t\t\t<\/li>\n\t\t\t\t\t<li class=\"timeline-item mb-5\" >\n\t\t\t\t<span class=\"timeline-icon badge-primary\">\n\t\t\t\t\t<i class=\"fa-solid fa-cubes fa-sm fa-fw\" style=\"color: #181347;\"><\/i>\n\t\t\t\t<\/span>\n\t\t\t\t<p class=\"text-muted mb-2 fw-bold\">Step 2.<\/p>\n\t\t\t\t<h5 class=\"fw-bold\">Regulatorische Strategie &amp; Framework-Design<\/h5>\n\t\t\t\t<p class=\"text-muted\">\n\t\t\t\t\tEntwicklung ma\u00dfgeschneiderter Compliance-Strategien und Sicherheits-Frameworks, die identifizierte L\u00fccken adressieren und sich an Ihren Gesch\u00e4ftszielen und regulatorischen Anforderungen orientieren.\t\t\t\t<\/p>\n\t\t\t\t\t\t\t\t\t\t\t<\/li>\n\t\t\t\t\t<li class=\"timeline-item mb-5\" >\n\t\t\t\t<span class=\"timeline-icon badge-primary\">\n\t\t\t\t\t<i class=\"fa-solid fa-cubes fa-sm fa-fw\" style=\"color: #181347;\"><\/i>\n\t\t\t\t<\/span>\n\t\t\t\t<p class=\"text-muted mb-2 fw-bold\">Step 3.<\/p>\n\t\t\t\t<h5 class=\"fw-bold\">Sicherheits- &amp; Compliance-Implementierung<\/h5>\n\t\t\t\t<p class=\"text-muted\">\n\t\t\t\t\tBereitstellung integrierter Sicherheits- und Compliance-L\u00f6sungen, einschlie\u00dflich technischer Kontrollen, Richtlinien, Verfahren und \u00dcberwachungssysteme.\t\t\t\t<\/p>\n\t\t\t\t\t\t\t\t\t\t\t<\/li>\n\t\t\t\t\t<li class=\"timeline-item mb-5\" >\n\t\t\t\t<span class=\"timeline-icon badge-primary\">\n\t\t\t\t\t<i class=\"fa-solid fa-cubes fa-sm fa-fw\" style=\"color: #181347;\"><\/i>\n\t\t\t\t<\/span>\n\t\t\t\t<p class=\"text-muted mb-2 fw-bold\">Step 4.<\/p>\n\t\t\t\t<h5 class=\"fw-bold\">Schulungs- &amp; Sensibilisierungsprogramme<\/h5>\n\t\t\t\t<p class=\"text-muted\">\n\t\t\t\t\tImplementierung umfassender Schulungsprogramme, um sicherzustellen, dass Ihr Team Compliance-Anforderungen und Sicherheitsprotokolle versteht und aufrechterhalten kann.\t\t\t\t<\/p>\n\t\t\t\t\t\t\t\t\t\t\t<\/li>\n\t\t\t\t\t<li class=\"timeline-item mb-5\" >\n\t\t\t\t<span class=\"timeline-icon badge-primary\">\n\t\t\t\t\t<i class=\"fa-solid fa-cubes fa-sm fa-fw\" style=\"color: #181347;\"><\/i>\n\t\t\t\t<\/span>\n\t\t\t\t<p class=\"text-muted mb-2 fw-bold\">Step 5.<\/p>\n\t\t\t\t<h5 class=\"fw-bold\">Laufendes Monitoring &amp; Wartung<\/h5>\n\t\t\t\t<p class=\"text-muted\">\n\t\t\t\t\tKontinuierliche \u00dcberwachung, regelm\u00e4\u00dfige Bewertungen und proaktive Updates zur Gew\u00e4hrleistung nachhaltiger Compliance und Anpassung an sich entwickelnde regulatorische Anforderungen.\t\t\t\t<\/p>\n\t\t\t\t\t\t\t\t\t\t\t<\/li>\n\t\t\t<\/ul>\n\n\t<\/div>\n\n<\/div>\n\n<\/div>\n\n<\/div>\n<\/section>\n\n\n\n<section id=\"resources\" class=\"wp-block-group py-5 mb-5 mb-lg-10 has-slate-50-background-color is-layout-constrained wp-block-group-is-layout-constrained\" data-mdb-animation-init=\"\" data-mdb-animation-start=\"onScroll\" data-mdb-animation=\"fade-in\" data-mdb-animation-offset=\"300\"><div class=\"wp-bootstrap-blocks-container container mb-0 pt-5\">\n\t\n<div class=\"wp-bootstrap-blocks-container container mb-0\">\n\t\n<div class=\"wp-bootstrap-blocks-row row text-center animation fade-in\">\n\t\n\n<div class=\"col-12\">\n\t\t\t\n\n<p class=\"text-uppercase mb-4 text-link-left-turquoise has-turquoise-color has-text-color has-link-color wp-elements-6d91893d3485a99719070f9d89ef7859\"><a href=\"https:\/\/www.vollcom-digital.com\/de\/ressourcen\/\" data-type=\"page\" data-id=\"14615\">Compliance &amp; Sicherheits-Wissenszentrum<\/a><\/p>\n\n\n\n<h2 class=\"wp-block-heading mb-4\">Compliance &amp; Sicherheits-Ressourcen<\/h2>\n\n\n\n<p class=\"text-muted mb-5\">Erkunden Sie unsere umfassenden Ressourcen zu Datensicherheitsvorschriften, Compliance-Frameworks und branchenweiten Best Practices, um den sich entwickelnden Anforderungen einen Schritt voraus zu bleiben.<\/p>\n\n\t<\/div>\n\n<\/div>\n\n<\/div>\n\n\n<div class=\"wp-bootstrap-blocks-container container mb-0\">\n\t\n<div class=\"wp-bootstrap-blocks-row row\">\n\t\n\n<div class=\"col-12\">\n\t\t\t\n<p>No posts found for the selected category.<\/p>\n\t<\/div>\n\n<\/div>\n\n<\/div>\n\n<\/div>\n<\/section>\n\n\n\n<section id=\"contact\" class=\"wp-block-group py-5 has-light-blue-background-color is-layout-constrained wp-block-group-is-layout-constrained\"><div class=\"wp-bootstrap-blocks-container container mb-0 mt-5 mb-5\">\n\t\n<div class=\"wp-bootstrap-blocks-container container mb-0\">\n\t\n<div class=\"wp-bootstrap-blocks-row row align-items-center\">\n\t\n\n<div class=\"col-12 col-md-7 d-none d-md-flex justify-content-center\">\n\t\t\t\n\n<figure class=\"wp-block-image size-medium\"><img decoding=\"async\" width=\"360\" height=\"576\" src=\"https:\/\/www.vollcom-digital.com\/wp-content\/uploads\/2025\/02\/confident-businesswoman-holding-tablet-360x576.png\" alt=\"\" class=\"wp-image-14071\" style=\"object-fit:cover\" title=\"\" srcset=\"https:\/\/www.vollcom-digital.com\/wp-content\/uploads\/2025\/02\/confident-businesswoman-holding-tablet-360x576.png 360w, https:\/\/www.vollcom-digital.com\/wp-content\/uploads\/2025\/02\/confident-businesswoman-holding-tablet-150x240.png 150w, https:\/\/www.vollcom-digital.com\/wp-content\/uploads\/2025\/02\/confident-businesswoman-holding-tablet.png 512w\" sizes=\"(max-width: 360px) 100vw, 360px\" \/><\/figure>\n\n\t<\/div>\n\n\n\n<div class=\"col-12 col-md-5 mb-5 mb-lg-0\">\n\t\t\t\n\n<h2 class=\"wp-block-heading fw-bold mb-3\">Bereit, Ihre Daten zu sichern &amp; Compliance zu erreichen?<\/h2>\n\n\n\n<h3 class=\"wp-block-heading h4 text-opacity-75 mb-3\">Starten Sie heute Ihre Compliance-Reise<\/h3>\n\n\n\n<p class=\"text-opacity-75 mb-5\">Kontaktieren Sie uns, um zu besprechen, wie unsere Datensicherheit &amp; Compliance-Services die wertvollen Daten-Assets Ihres Unternehmens sch\u00fctzen und gleichzeitig vollst\u00e4ndige regulatorische Einhaltung gew\u00e4hrleisten und das Vertrauen der Stakeholder st\u00e4rken k\u00f6nnen.<\/p>\n\n\n<div class=\"wp-bootstrap-blocks-button\">\n\t<a\n\t\thref=\"https:\/\/www.vollcom-digital.com\/de\/erstgespraech\/\"\n\t\t\t\t\t\tclass=\"btn btn-lg btn-primary\"\n\t>\n\t\tCompliance-Bewertung anfordern\t<\/a>\n<\/div>\n\n\t<\/div>\n\n<\/div>\n\n<\/div>\n\n<\/div>\n<\/section>\n","protected":false},"excerpt":{"rendered":"","protected":false},"author":1,"featured_media":0,"parent":14598,"menu_order":3,"comment_status":"closed","ping_status":"closed","template":"","meta":{"inline_featured_image":false,"footnotes":""},"class_list":["post-14604","page","type-page","status-publish","hentry"],"_links":{"self":[{"href":"https:\/\/www.vollcom-digital.com\/de\/wp-json\/wp\/v2\/pages\/14604","targetHints":{"allow":["GET"]}}],"collection":[{"href":"https:\/\/www.vollcom-digital.com\/de\/wp-json\/wp\/v2\/pages"}],"about":[{"href":"https:\/\/www.vollcom-digital.com\/de\/wp-json\/wp\/v2\/types\/page"}],"author":[{"embeddable":true,"href":"https:\/\/www.vollcom-digital.com\/de\/wp-json\/wp\/v2\/users\/1"}],"replies":[{"embeddable":true,"href":"https:\/\/www.vollcom-digital.com\/de\/wp-json\/wp\/v2\/comments?post=14604"}],"version-history":[{"count":8,"href":"https:\/\/www.vollcom-digital.com\/de\/wp-json\/wp\/v2\/pages\/14604\/revisions"}],"predecessor-version":[{"id":15814,"href":"https:\/\/www.vollcom-digital.com\/de\/wp-json\/wp\/v2\/pages\/14604\/revisions\/15814"}],"up":[{"embeddable":true,"href":"https:\/\/www.vollcom-digital.com\/de\/wp-json\/wp\/v2\/pages\/14598"}],"wp:attachment":[{"href":"https:\/\/www.vollcom-digital.com\/de\/wp-json\/wp\/v2\/media?parent=14604"}],"curies":[{"name":"wp","href":"https:\/\/api.w.org\/{rel}","templated":true}]}}