{"id":14609,"date":"2024-12-12T16:34:23","date_gmt":"2024-12-12T15:34:23","guid":{"rendered":"https:\/\/www.vollcom-digital.com\/legal-notice\/"},"modified":"2025-12-01T08:48:31","modified_gmt":"2025-12-01T07:48:31","slug":"impressum","status":"publish","type":"page","link":"https:\/\/www.vollcom-digital.com\/de\/impressum\/","title":{"rendered":"Impressum"},"content":{"rendered":"\n<section id=\"intro\" class=\"wp-block-group py-5 mb-lg-10 mb-5 has-dark-blue-background-color is-layout-constrained wp-block-group-is-layout-constrained\"><div class=\"wp-bootstrap-blocks-container container mb-0 py-5\">\n\t\n<div class=\"wp-bootstrap-blocks-container container mb-0\">\n\t\n<div class=\"wp-bootstrap-blocks-row row align-items-center\">\n\t\n\n<div class=\"col-12 mb-5 mb-lg-0\">\n\t\t\t\n\n<h1 class=\"wp-block-heading fw-bold has-white-color has-text-color\">Impressum<\/h1>\n\n\t<\/div>\n\n<\/div>\n\n<\/div>\n\n<\/div>\n<\/section>\n\n\n\n<section class=\"wp-block-group mb-5 mb-lg-10 is-layout-constrained wp-block-group-is-layout-constrained\" data-mdb-animation-init=\"\" data-mdb-animation-start=\"onScroll\" data-mdb-animation=\"fade-in\" data-mdb-animation-offset=\"300\"><div class=\"wp-bootstrap-blocks-container container mb-5 mt-5\">\n\t\n<div class=\"wp-bootstrap-blocks-container container mb-0\">\n\t\n<div class=\"wp-bootstrap-blocks-row row mb-3\">\n\t\n\n<div class=\"col-12\">\n\t\t\t\n\n<p>Dieses Impressum gilt f\u00fcr alle Webseiten der Vollcom Digital GmbH sowie alle Subdomains und unsere offiziellen Profile auf den folgenden Plattformen:<\/p>\n\n\n\n<ul class=\"wp-block-list\">\n<li>Threads<\/li>\n\n\n\n<li>Facebook<\/li>\n\n\n\n<li>X (ehemals Twitter)<\/li>\n\n\n\n<li>Instagram<\/li>\n\n\n\n<li>Medium<\/li>\n\n\n\n<li>LinkedIn<\/li>\n\n\n\n<li>YouTube<\/li>\n\n\n\n<li>GitHub<\/li>\n<\/ul>\n\n\n\n<div style=\"height:48px\" aria-hidden=\"true\" class=\"wp-block-spacer\"><\/div>\n\n\n\n<h2 class=\"wp-block-heading\" id=\"Company-Information\">Unternehmensangaben<\/h2>\n\n\n\n<p>Vollcom Digital GmbH<\/p>\n\n\n\n<p>c\/o WeWork<\/p>\n\n\n\n<p>Oskar-von-Miller-Ring 20<\/p>\n\n\n\n<p>80333 M\u00fcnchen<\/p>\n\n\n\n<p>Deutschland<\/p>\n\n\n\n<p>Handelsregister: HRB 226675<\/p>\n\n\n\n<p>Registergericht: Amtsgericht M\u00fcnchen<\/p>\n\n\n\n<p>Vertreten durch: Manuel Heck, Gesch\u00e4ftsf\u00fchrer<\/p>\n\n\n\n<div style=\"height:48px\" aria-hidden=\"true\" class=\"wp-block-spacer\"><\/div>\n\n\n\n<h2 class=\"wp-block-heading\" id=\"Contact\">Kontakt<\/h2>\n\n\n\n<p>Telefon: +49 (0)89 125 034 06<\/p>\n\n\n\n<p>Fax: +49 (0)89 693 139 290<\/p>\n\n\n\n<p>E-Mail: info[at]vollcom-digital.com<\/p>\n\n\n\n<div style=\"height:48px\" aria-hidden=\"true\" class=\"wp-block-spacer\"><\/div>\n\n\n\n<h2 class=\"wp-block-heading\" id=\"Postal-Address\">Postanschrift<\/h2>\n\n\n\n<p>Vollcom Digital GmbH<\/p>\n\n\n\n<p>c\/o WeWork<\/p>\n\n\n\n<p>Oskar-von-Miller-Ring 20<\/p>\n\n\n\n<p>80333 M\u00fcnchen<\/p>\n\n\n\n<p>Deutschland<\/p>\n\n\n\n<div style=\"height:48px\" aria-hidden=\"true\" class=\"wp-block-spacer\"><\/div>\n\n\n\n<h2 class=\"wp-block-heading\" id=\"VAT-Identification-Number\">Umsatzsteuer-Identifikationsnummer<\/h2>\n\n\n\n<p>Umsatzsteuer-ID gem\u00e4\u00df \u00a727a Umsatzsteuergesetz: DE306901851<\/p>\n\n\n\n<div style=\"height:48px\" aria-hidden=\"true\" class=\"wp-block-spacer\"><\/div>\n\n\n\n<h2 class=\"wp-block-heading\" id=\"Professional-Liability-Insurance\">Berufshaftpflichtversicherung<\/h2>\n\n\n\n<p>Name und Sitz des Versicherers:<\/p>\n\n\n\n<p>HISCOX<\/p>\n\n\n\n<p>Arnulfstra\u00dfe 31<\/p>\n\n\n\n<p>80636 M\u00fcnchen<\/p>\n\n\n\n<p>Deutschland<\/p>\n\n\n\n<p>Geltungsbereich des Versicherungsschutzes: Weltweit<\/p>\n\n\n\n<div style=\"height:48px\" aria-hidden=\"true\" class=\"wp-block-spacer\"><\/div>\n\n\n\n<h2 class=\"wp-block-heading\" id=\"Editorially-Responsible\">Redaktionell verantwortlich<\/h2>\n\n\n\n<p>Manuel Heck<\/p>\n\n\n\n<p>Vollcom Digital GmbH<\/p>\n\n\n\n<p>c\/o WeWork<\/p>\n\n\n\n<p>Oskar-von-Miller-Ring 20<\/p>\n\n\n\n<p>80333 M\u00fcnchen<\/p>\n\n\n\n<p>Deutschland<\/p>\n\n\n\n<div style=\"height:48px\" aria-hidden=\"true\" class=\"wp-block-spacer\"><\/div>\n\n\n\n<h2 class=\"wp-block-heading\" id=\"EU-Dispute-Resolution\">EU-Streitschlichtung<\/h2>\n\n\n\n<p>Die Europ\u00e4ische Kommission stellt eine Plattform zur Online-Streitbeilegung (OS) bereit:<\/p>\n\n\n\n<figure class=\"wp-block-embed\"><div class=\"wp-block-embed__wrapper\">\nhttps:\/\/ec.europa.eu\/consumers\/odr\n<\/div><\/figure>\n\n\n\n<p>Unsere E-Mail-Adresse finden Sie oben im Impressum.<\/p>\n\n\n\n<div style=\"height:48px\" aria-hidden=\"true\" class=\"wp-block-spacer\"><\/div>\n\n\n\n<h2 class=\"wp-block-heading\" id=\"Consumer-Dispute-Resolution\/Universal-Arbitration-Board\">Verbraucherstreitbeilegung\/Universalschlichtungsstelle<\/h2>\n\n\n\n<p>Wir sind bereit, an einem Streitbeilegungsverfahren vor einer Verbraucherschlichtungsstelle teilzunehmen. Zust\u00e4ndig ist die Universalschlichtungsstelle des Zentrums f\u00fcr Schlichtung e.V., Stra\u00dfburger Stra\u00dfe 8, 77694 Kehl am Rhein (<a href=\"https:\/\/www.verbraucher-schlichter.de\/\" rel=\"nofollow noopener\" target=\"_blank\">https:\/\/www.verbraucher-schlichter.de<\/a>).<\/p>\n\n\n\n<div style=\"height:48px\" aria-hidden=\"true\" class=\"wp-block-spacer\"><\/div>\n\n\n\n<h2 class=\"wp-block-heading\" id=\"Central-Contact-Point-under-the-Digital-Services-Act-(DSA)-(Regulation-(EU)-2022\/265)\">Zentrale Kontaktstelle nach dem Digital Services Act (DSA) (Verordnung (EU) 2022\/265)<\/h2>\n\n\n\n<p>Unsere zentrale Kontaktstelle f\u00fcr Nutzer und Beh\u00f6rden nach Art. 11 und 12 DSA erreichen Sie wie folgt:<\/p>\n\n\n\n<p>E-Mail: dsa-contact[at]vollcom-digital.com<\/p>\n\n\n\n<p>Die verf\u00fcgbaren Kontaktsprachen sind: Deutsch, Englisch<\/p>\n\n\t<\/div>\n\n<\/div>\n\n<\/div>\n\n<\/div>\n<\/section>\n","protected":false},"excerpt":{"rendered":"","protected":false},"author":1,"featured_media":0,"parent":0,"menu_order":5,"comment_status":"closed","ping_status":"closed","template":"","meta":{"inline_featured_image":false,"footnotes":""},"class_list":["post-14609","page","type-page","status-publish","hentry"],"_links":{"self":[{"href":"https:\/\/www.vollcom-digital.com\/de\/wp-json\/wp\/v2\/pages\/14609","targetHints":{"allow":["GET"]}}],"collection":[{"href":"https:\/\/www.vollcom-digital.com\/de\/wp-json\/wp\/v2\/pages"}],"about":[{"href":"https:\/\/www.vollcom-digital.com\/de\/wp-json\/wp\/v2\/types\/page"}],"author":[{"embeddable":true,"href":"https:\/\/www.vollcom-digital.com\/de\/wp-json\/wp\/v2\/users\/1"}],"replies":[{"embeddable":true,"href":"https:\/\/www.vollcom-digital.com\/de\/wp-json\/wp\/v2\/comments?post=14609"}],"version-history":[{"count":6,"href":"https:\/\/www.vollcom-digital.com\/de\/wp-json\/wp\/v2\/pages\/14609\/revisions"}],"predecessor-version":[{"id":15827,"href":"https:\/\/www.vollcom-digital.com\/de\/wp-json\/wp\/v2\/pages\/14609\/revisions\/15827"}],"wp:attachment":[{"href":"https:\/\/www.vollcom-digital.com\/de\/wp-json\/wp\/v2\/media?parent=14609"}],"curies":[{"name":"wp","href":"https:\/\/api.w.org\/{rel}","templated":true}]}}