{"id":14610,"date":"2024-12-12T16:32:37","date_gmt":"2024-12-12T15:32:37","guid":{"rendered":"https:\/\/www.vollcom-digital.com\/contact-us\/"},"modified":"2025-12-01T08:44:36","modified_gmt":"2025-12-01T07:44:36","slug":"kontakt","status":"publish","type":"page","link":"https:\/\/www.vollcom-digital.com\/de\/ueber-uns\/kontakt\/","title":{"rendered":"Kontakt"},"content":{"rendered":"\n<section id=\"intro\" class=\"wp-block-group py-5 mb-5 mb-lg-10 has-dark-blue-background-color is-layout-constrained wp-block-group-is-layout-constrained\"><div class=\"wp-bootstrap-blocks-container container mb-5 py-5 mt-5\">\n\t\n<div class=\"wp-bootstrap-blocks-container container mb-0\">\n\t\n<div class=\"wp-bootstrap-blocks-row row align-items-center\">\n\t\n\n<div class=\"col-12 col-md-5 mb-5 mb-lg-0\">\n\t\t\t\n\n<h1 class=\"wp-block-heading fw-bold mb-4 has-white-color has-text-color\">Kontakt<\/h1>\n\n\n\n<h2 class=\"wp-block-heading h4 text-opacity-75 mb-4 has-white-color has-text-color has-link-color wp-elements-8e9bc8b015a89c6ccd70c67393c35bd7\">Ihr Partner f\u00fcr ma\u00dfgeschneiderte Datenl\u00f6sungen<\/h2>\n\n\n\n<p class=\"text-opacity-75 mb-5 has-white-color has-text-color has-link-color wp-elements-1b49b6791e7b7d4372f7dfd020ab6196\">Bei Vollcom Digital sind wir darauf spezialisiert, Unternehmen durch datengetriebenes Marketing, fortschrittliche Analytik &amp; KI, Data Engineering sowie Tech- &amp; Datenberatung zu st\u00e4rken. Unsere Mission ist es, die Kraft von Daten und modernsten Technologien zu nutzen, um Ihr Unternehmen voranzubringen. Ob Sie eine digitale Transformation anstreben, innovative Softwareentwicklung suchen oder Cybersicherheitsma\u00dfnahmen verbessern m\u00f6chten \u2013 unser Team ist bereit, ma\u00dfgeschneiderte IT-L\u00f6sungen zu entwickeln, die sich an Ihren strategischen Zielen orientieren und nachhaltiges Wachstum f\u00f6rdern.<\/p>\n\n\n<div class=\"wp-bootstrap-blocks-button\">\n\t<a\n\t\thref=\"https:\/\/www.vollcom-digital.com\/de\/erstgespraech\/\"\n\t\t\t\t\t\tclass=\"btn btn-lg btn-primary\"\n\t>\n\t\tKostenloses Erstberatungsgespr\u00e4ch vereinbaren\t<\/a>\n<\/div>\n\n\t<\/div>\n\n\n\n<div class=\"col-12 col-md-7 d-none d-md-flex justify-content-center\">\n\t\t\t\n\n<figure class=\"wp-block-image size-full\"><img decoding=\"async\" width=\"512\" height=\"326\" src=\"https:\/\/www.vollcom-digital.com\/wp-content\/uploads\/2025\/02\/startup-team-celebrating-success.png\" alt=\"Ein Startup-Team feiert den Erfolg in ihrem Arbeitsbereich.\" class=\"wp-image-14131\" style=\"object-fit:cover\" title=\"\" srcset=\"https:\/\/www.vollcom-digital.com\/wp-content\/uploads\/2025\/02\/startup-team-celebrating-success.png 512w, https:\/\/www.vollcom-digital.com\/wp-content\/uploads\/2025\/02\/startup-team-celebrating-success-150x96.png 150w\" sizes=\"(max-width: 512px) 100vw, 512px\" \/><\/figure>\n\n\t<\/div>\n\n<\/div>\n\n<\/div>\n\n<\/div>\n<\/section>\n\n\n\n<section id=\"usp\" class=\"wp-block-group mb-lg-10 mb-5 is-layout-constrained wp-block-group-is-layout-constrained\" data-mdb-animation-init=\"\" data-mdb-animation-start=\"onScroll\" data-mdb-animation=\"fade-in\" data-mdb-animation-offset=\"300\"><div class=\"wp-bootstrap-blocks-container container mb-0 mt-5\">\n\t\n<div class=\"wp-bootstrap-blocks-container container mb-0\">\n\t\n<div class=\"wp-bootstrap-blocks-row row text-center animation fade-in\">\n\t\n\n<div class=\"col-12\">\n\t\t\t\n\n<p class=\"text-uppercase mb-4 text-link-left-turquoise has-turquoise-color has-text-color\"><a href=\"https:\/\/www.vollcom-digital.com\/de\/ueber-uns\/\" data-type=\"page\" data-id=\"14614\">\u00dcber das Unternehmen<\/a><\/p>\n\n\n\n<h2 class=\"wp-block-heading mb-5\">Warum Vollcom Digital w\u00e4hlen?<\/h2>\n\n\t<\/div>\n\n<\/div>\n\n<\/div>\n\n\n<div class=\"wp-bootstrap-blocks-container container mb-0\">\n\t\n<div class=\"wp-bootstrap-blocks-row row animation fade-in\">\n\t\n\n<div class=\"col-12 col-md-4 mb-5\">\n\t\t\t\n\n<div class=\"wp-block-group d-flex align-items-start is-layout-constrained wp-block-group-is-layout-constrained\">\n<div class=\"flex-shrink-0 mt-1\"><i class=\"fas fa-check-circle fa-lg text-success fa-fw\"><\/i><\/div>\n\n\n\n<div class=\"wp-block-group flex-grow-1 ms-3 is-layout-constrained wp-block-group-is-layout-constrained\">\n<h3 class=\"wp-block-heading mb-1\">Unverbindliche Erstberatung<\/h3>\n\n\n\n<p class=\"text-muted mb-0\">Wir analysieren Ihre Anforderungen und schlagen ma\u00dfgeschneiderte L\u00f6sungen vor.<\/p>\n<\/div>\n<\/div>\n\n\t<\/div>\n\n\n\n<div class=\"col-12 col-md-4 mb-5\">\n\t\t\t\n\n<div class=\"wp-block-group d-flex align-items-start is-layout-constrained wp-block-group-is-layout-constrained\">\n<div class=\"flex-shrink-0 mt-1\"><i class=\"fas fa-check-circle fa-lg text-success fa-fw\"><\/i><\/div>\n\n\n\n<div class=\"wp-block-group flex-grow-1 ms-3 is-layout-constrained wp-block-group-is-layout-constrained\">\n<h3 class=\"wp-block-heading mb-1\">Schnelle &amp; direkte Kommunikation<\/h3>\n\n\n\n<p class=\"text-muted mb-0\">Unser Team steht Ihnen f\u00fcr Anfragen und Support zur Verf\u00fcgung.<\/p>\n<\/div>\n<\/div>\n\n\t<\/div>\n\n\n\n<div class=\"col-12 col-md-4\">\n\t\t\t\n\n<div class=\"wp-block-group d-flex align-items-start is-layout-constrained wp-block-group-is-layout-constrained\">\n<div class=\"flex-shrink-0 mt-1\"><i class=\"fas fa-check-circle fa-lg text-success fa-fw\"><\/i><\/div>\n\n\n\n<div class=\"wp-block-group flex-grow-1 ms-3 is-layout-constrained wp-block-group-is-layout-constrained\">\n<h3 class=\"wp-block-heading mb-1\">Branchenspezifische L\u00f6sungen<\/h3>\n\n\n\n<p class=\"text-muted mb-0\">Wir bedienen Branchen wie IT, Finanzwesen, E-Commerce, Gesundheitswesen und weitere.<\/p>\n<\/div>\n<\/div>\n\n\t<\/div>\n\n<\/div>\n\n<\/div>\n\n<\/div>\n<\/section>\n\n\n\n<section id=\"location\" class=\"wp-block-group py-5 has-light-blue-background-color mb-5 mb-lg-10 is-layout-constrained wp-block-group-is-layout-constrained\" data-mdb-animation-init=\"\" data-mdb-animation-start=\"onScroll\" data-mdb-animation=\"fade-in\" data-mdb-animation-offset=\"300\"><div class=\"wp-bootstrap-blocks-container container mb-5 mt-5\">\n\t\n<div class=\"wp-bootstrap-blocks-container container mb-0\">\n\t\n<div class=\"wp-bootstrap-blocks-row row d-flex align-items-center\">\n\t\n\n<div class=\"col-12 col-md-6 mb-5 mb-md-0\">\n\t\t\t\n\n<figure class=\"wp-block-image size-full\"><img decoding=\"async\" width=\"512\" height=\"471\" src=\"https:\/\/www.vollcom-digital.com\/wp-content\/uploads\/2025\/02\/corporate-office-building-exterior.png\" alt=\"Blick auf ein Firmengeb\u00e4ude von au\u00dfen.\" class=\"wp-image-14073\" title=\"\" srcset=\"https:\/\/www.vollcom-digital.com\/wp-content\/uploads\/2025\/02\/corporate-office-building-exterior.png 512w, https:\/\/www.vollcom-digital.com\/wp-content\/uploads\/2025\/02\/corporate-office-building-exterior-150x138.png 150w\" sizes=\"(max-width: 512px) 100vw, 512px\" \/><\/figure>\n\n\t<\/div>\n\n\n\n<div class=\"col-12 col-md-6\">\n\t\t\t\n\n<h2 class=\"wp-block-heading has-text-align-left\">Unser Standort<\/h2>\n\n\n\n<p class=\"has-text-align-left\">Vollcom Digital GmbH<\/p>\n\n\n\n<p>Salvatorplatz 3<\/p>\n\n\n\n<p>c\/o Mindspace<\/p>\n\n\n\n<p>80333 M\u00fcnchen<\/p>\n\n\n\n<p>Deutschland<\/p>\n\n\n\n<div style=\"height:48px\" aria-hidden=\"true\" class=\"wp-block-spacer\"><\/div>\n\n\n\n<h2 class=\"wp-block-heading\">Kontaktinformationen<\/h2>\n\n\n\n<p><strong>E-Mail:<\/strong> info[at]vollcom-digital.com<\/p>\n\n\n\n<p><strong>Telefon:<\/strong> +49 (0)89 125 034 06<\/p>\n\n\n\n<p><strong>Erreichbarkeit:<\/strong> Montag \u2013 Freitag 09:00 \u2013 17:00<\/p>\n\n\t<\/div>\n\n<\/div>\n\n<\/div>\n\n<\/div>\n<\/section>\n\n\n\n<section id=\"appointment\" class=\"wp-block-group mb-5 mb-lg-10 is-layout-constrained wp-block-group-is-layout-constrained\" data-mdb-animation-init=\"\" data-mdb-animation-start=\"onScroll\" data-mdb-animation=\"fade-in\" data-mdb-animation-offset=\"300\"><div class=\"wp-bootstrap-blocks-container container mb-5 mt-5\">\n\t\n<div class=\"wp-bootstrap-blocks-container container mb-5\">\n\t\n<div class=\"wp-bootstrap-blocks-row row d-flex align-items-center animation fade-in\">\n\t\n\n<div class=\"col-12 col-md-7 mb-5 mb-md-0\">\n\t\t\t\n\n<h2 class=\"wp-block-heading has-text-align-left\">Buchen Sie Ihre kostenlose Beratung<\/h2>\n\n\n\n<h3 class=\"wp-block-heading has-text-align-left lead mb-5\">Vereinbaren Sie einen Termin nach Ihren W\u00fcnschen<\/h3>\n\n\n<div class=\"wp-bootstrap-blocks-button\">\n\t<a\n\t\thref=\"https:\/\/www.vollcom-digital.com\/de\/erstgespraech\/\"\n\t\t\t\t\t\tclass=\"btn btn btn-lg shadow-0 btn-primary\"\n\t>\n\t\tKostenloses Erstberatungsgespr\u00e4ch vereinbaren\t<\/a>\n<\/div>\n\n\t<\/div>\n\n\n\n<div class=\"col-12 col-md-5 d-flex justify-content-center mb-5 mb-md-0\">\n\t\t\t\n\n<figure class=\"wp-block-image size-full\"><img decoding=\"async\" width=\"512\" height=\"471\" src=\"https:\/\/www.vollcom-digital.com\/wp-content\/uploads\/2025\/02\/modern-office-lounge-interior.png\" alt=\"Eine stilvolle B\u00fcro-Lounge mit modernem Dekor.\" class=\"wp-image-14103\" title=\"\" srcset=\"https:\/\/www.vollcom-digital.com\/wp-content\/uploads\/2025\/02\/modern-office-lounge-interior.png 512w, https:\/\/www.vollcom-digital.com\/wp-content\/uploads\/2025\/02\/modern-office-lounge-interior-150x138.png 150w\" sizes=\"(max-width: 512px) 100vw, 512px\" \/><\/figure>\n\n\t<\/div>\n\n<\/div>\n\n<\/div>\n\n<\/div>\n<\/section>\n\n\n\n<section id=\"careers\" class=\"wp-block-group py-5 has-light-blue-background-color is-layout-constrained wp-block-group-is-layout-constrained\" data-mdb-animation-init=\"\" data-mdb-animation-start=\"onScroll\" data-mdb-animation=\"fade-in\" data-mdb-animation-offset=\"300\"><div class=\"wp-bootstrap-blocks-container container mb-5 mt-5\">\n\t\n<div class=\"wp-bootstrap-blocks-container container mb-0\">\n\t\n<div class=\"wp-bootstrap-blocks-row row d-flex align-items-center\">\n\t\n\n<div class=\"col-12 col-md-6 mb-5 mb-md-0\">\n\t\t\t\n\n<figure class=\"wp-block-image size-full\"><img decoding=\"async\" width=\"512\" height=\"471\" src=\"https:\/\/www.vollcom-digital.com\/wp-content\/uploads\/2025\/02\/business-meeting-room-setup.png\" alt=\"Ein professioneller Besprechungsraum mit klassischer Einrichtung.\" class=\"wp-image-14059\" title=\"\" srcset=\"https:\/\/www.vollcom-digital.com\/wp-content\/uploads\/2025\/02\/business-meeting-room-setup.png 512w, https:\/\/www.vollcom-digital.com\/wp-content\/uploads\/2025\/02\/business-meeting-room-setup-150x138.png 150w\" sizes=\"(max-width: 512px) 100vw, 512px\" \/><\/figure>\n\n\t<\/div>\n\n\n\n<div class=\"col-12 col-md-6\">\n\t\t\t\n\n<p class=\"has-text-align-left text-uppercase mb-4 text-link-left-turquoise has-turquoise-color has-text-color\"><a href=\"https:\/\/www.vollcom-digital.com\/de\/ueber-uns\/karriere\/\" data-type=\"page\" data-id=\"14613\">Karrierem\u00f6glichkeiten<\/a><\/p>\n\n\n\n<h2 class=\"wp-block-heading has-text-align-left mb-4\">Werden Sie Teil unseres Teams<\/h2>\n\n\n\n<p class=\"has-text-align-left\">Wir suchen stets nach Talenten in den Bereichen IT, Cloud-Technologien, MarTech und Cybersicherheit. Entdecken Sie unsere aktuellen Stellenausschreibungen und bewerben Sie sich direkt, um Teil unseres innovativen Teams zu werden.<\/p>\n\n\t<\/div>\n\n<\/div>\n\n<\/div>\n\n<\/div>\n<\/section>\n","protected":false},"excerpt":{"rendered":"","protected":false},"author":1,"featured_media":0,"parent":14614,"menu_order":2,"comment_status":"closed","ping_status":"closed","template":"","meta":{"inline_featured_image":false,"footnotes":""},"class_list":["post-14610","page","type-page","status-publish","hentry"],"_links":{"self":[{"href":"https:\/\/www.vollcom-digital.com\/de\/wp-json\/wp\/v2\/pages\/14610","targetHints":{"allow":["GET"]}}],"collection":[{"href":"https:\/\/www.vollcom-digital.com\/de\/wp-json\/wp\/v2\/pages"}],"about":[{"href":"https:\/\/www.vollcom-digital.com\/de\/wp-json\/wp\/v2\/types\/page"}],"author":[{"embeddable":true,"href":"https:\/\/www.vollcom-digital.com\/de\/wp-json\/wp\/v2\/users\/1"}],"replies":[{"embeddable":true,"href":"https:\/\/www.vollcom-digital.com\/de\/wp-json\/wp\/v2\/comments?post=14610"}],"version-history":[{"count":7,"href":"https:\/\/www.vollcom-digital.com\/de\/wp-json\/wp\/v2\/pages\/14610\/revisions"}],"predecessor-version":[{"id":15824,"href":"https:\/\/www.vollcom-digital.com\/de\/wp-json\/wp\/v2\/pages\/14610\/revisions\/15824"}],"up":[{"embeddable":true,"href":"https:\/\/www.vollcom-digital.com\/de\/wp-json\/wp\/v2\/pages\/14614"}],"wp:attachment":[{"href":"https:\/\/www.vollcom-digital.com\/de\/wp-json\/wp\/v2\/media?parent=14610"}],"curies":[{"name":"wp","href":"https:\/\/api.w.org\/{rel}","templated":true}]}}