{"id":14616,"date":"2024-12-12T16:20:40","date_gmt":"2024-12-12T15:20:40","guid":{"rendered":"https:\/\/www.vollcom-digital.com\/resources\/it-blog\/"},"modified":"2025-11-27T17:48:18","modified_gmt":"2025-11-27T16:48:18","slug":"blog","status":"publish","type":"page","link":"https:\/\/www.vollcom-digital.com\/de\/ressourcen\/blog\/","title":{"rendered":"Blog"},"content":{"rendered":"\n<section id=\"intro\" class=\"wp-block-group py-5 mb-5 mb-lg-10 has-dark-blue-background-color is-layout-constrained wp-block-group-is-layout-constrained\"><div class=\"wp-bootstrap-blocks-container container mb-5 py-5 mt-5\">\n\t\n<div class=\"wp-bootstrap-blocks-container container mb-0\">\n\t\n<div class=\"wp-bootstrap-blocks-row row align-items-center\">\n\t\n\n<div class=\"col-12 col-md-5 mb-5 mb-lg-0\">\n\t\t\t\n\n<h1 class=\"wp-block-heading fw-bold mb-4 has-white-color has-text-color\">IT-Blog<\/h1>\n\n\n\n<h2 class=\"wp-block-heading h4 text-opacity-75 mb-4 has-white-color has-text-color has-link-color wp-elements-3ce7c63850ca94fba72fd0030ece4f5d\">Bleiben Sie informiert \u00fcber IT-Strategie, Digitalisierung &amp; Technologie-Trends<\/h2>\n\n\n\n<p class=\"text-opacity-75 mb-5 has-white-color has-text-color has-link-color wp-elements-d159df0ce1fd57530936d49d8ecc9aa3\">In der sich stetig weiterentwickelnden digitalen Landschaft ist es entscheidend, auf dem neuesten Stand zu bleiben. Unser IT-Blog bietet Ihnen fundierte Analysen, praktische Einblicke und die neuesten Entwicklungen in den Bereichen IT-Beratung, Cybersicherheit, Cloud Computing, Data Engineering, Softwareentwicklung, MarTech und AdTech.<\/p>\n\n\n<div class=\"wp-bootstrap-blocks-button\">\n\t<a\n\t\thref=\"#resources\"\n\t\t\t\t\t\tclass=\"btn btn-lg btn-primary\"\n\t>\n\t\tUnsere Artikel ansehen\t<\/a>\n<\/div>\n\n\t<\/div>\n\n\n\n<div class=\"col-12 col-md-7 d-none d-md-flex justify-content-center\">\n\t\t\t\n\n<figure class=\"wp-block-image size-full\"><img decoding=\"async\" width=\"512\" height=\"326\" src=\"https:\/\/www.vollcom-digital.com\/wp-content\/uploads\/2025\/02\/senior-developer-working-on-laptop.png\" alt=\"Ein Senior-Softwareentwickler arbeitet an einem MacBook.\" class=\"wp-image-14119\" style=\"object-fit:cover\" title=\"\" srcset=\"https:\/\/www.vollcom-digital.com\/wp-content\/uploads\/2025\/02\/senior-developer-working-on-laptop.png 512w, https:\/\/www.vollcom-digital.com\/wp-content\/uploads\/2025\/02\/senior-developer-working-on-laptop-150x96.png 150w\" sizes=\"(max-width: 512px) 100vw, 512px\" \/><\/figure>\n\n\t<\/div>\n\n<\/div>\n\n<\/div>\n\n<\/div>\n<\/section>\n\n\n\n<section id=\"featured\" class=\"wp-block-group mb-5 mb-lg-10 is-layout-constrained wp-block-group-is-layout-constrained\" data-mdb-animation-init=\"\" data-mdb-animation-start=\"onScroll\" data-mdb-animation=\"fade-in\" data-mdb-animation-offset=\"300\"><div class=\"wp-bootstrap-blocks-container container mb-0\">\n\t\n<div class=\"wp-bootstrap-blocks-row row text-center animation fade-in\">\n\t\n\n<div class=\"col-12\">\n\t\t\t\n\n<h2 class=\"wp-block-heading mb-5\">Ausgew\u00e4hlte Artikel<\/h2>\n\n\t<\/div>\n\n<\/div>\n\n<\/div>\n\n\n<div class=\"wp-bootstrap-blocks-container container mb-0\">\n\t\n<div class=\"wp-bootstrap-blocks-row row text-md-center animation fade-in\">\n\t\n\n<div class=\"col-12\">\n\t\t\t\n<div class=\"d-flex flex-column flex-lg-row\"><div class=\"col-12 col-lg-8 pe-lg-4 mb-4 mb-lg-0\"><div class=\"card h-100\"><div class=\"bg-image hover-overlay ripple\"><img decoding=\"async\" width=\"1024\" height=\"1024\" src=\"https:\/\/www.vollcom-digital.com\/wp-content\/uploads\/2025\/09\/optimize-product-feeds.jpg\" class=\"card-img-top wp-post-image\" alt=\"\" srcset=\"https:\/\/www.vollcom-digital.com\/wp-content\/uploads\/2025\/09\/optimize-product-feeds.jpg 1024w, https:\/\/www.vollcom-digital.com\/wp-content\/uploads\/2025\/09\/optimize-product-feeds-576x576.jpg 576w, https:\/\/www.vollcom-digital.com\/wp-content\/uploads\/2025\/09\/optimize-product-feeds-375x375.jpg 375w, https:\/\/www.vollcom-digital.com\/wp-content\/uploads\/2025\/09\/optimize-product-feeds-768x768.jpg 768w, https:\/\/www.vollcom-digital.com\/wp-content\/uploads\/2025\/09\/optimize-product-feeds-96x96.jpg 96w, https:\/\/www.vollcom-digital.com\/wp-content\/uploads\/2025\/09\/optimize-product-feeds-150x150.jpg 150w, https:\/\/www.vollcom-digital.com\/wp-content\/uploads\/2025\/09\/optimize-product-feeds-300x300.jpg 300w, https:\/\/www.vollcom-digital.com\/wp-content\/uploads\/2025\/09\/optimize-product-feeds-600x600.jpg 600w\" sizes=\"(max-width: 1024px) 100vw, 1024px\" title=\"\"><a href=\"https:\/\/www.vollcom-digital.com\/de\/blog\/datengetriebenes-marketing\/marketingstrategie\/optimierung-von-produktfeeds\/\"><div class=\"mask\" style=\"background-color: hsla(0, 0%, 98%, 0.3)\"><\/div><\/a><\/div><div class=\"card-body\"><div class=\"mb-2\"><a href=\"https:\/\/www.vollcom-digital.com\/de\/blog\/category\/datengetriebenes-marketing\/marketingstrategie\/\" class=\"card-subtitle has-turquoise-color\">Marketingstrategie<\/a><\/div><a href=\"https:\/\/www.vollcom-digital.com\/de\/blog\/datengetriebenes-marketing\/marketingstrategie\/optimierung-von-produktfeeds\/\" class=\"text-reset\"><h3 class=\"card-title\">Beste M\u00f6glichkeiten zur Optimierung von Produktfeeds<\/h3><p class=\"card-text\">F\u00fcr jedes E-Commerce-Unternehmen sind Produktdaten das Fundament der Marketingstrategie. Ihre Pr\u00e4zision, Struktur und Pr\u00e4sentation in Kan\u00e4len wie Google Shopping, Facebook&#8230;<\/p><\/a><\/div><\/div><\/div><div class=\"col-12 col-lg-4 d-flex flex-column\"><div class=\"card horizontal-card mb-4\"><div class=\"row g-0\"><div class=\"col-md-4\"><div class=\"bg-image hover-overlay ripple\"><div class=\"bg-image rounded-start\" style=\"background-image: url(https:\/\/www.vollcom-digital.com\/wp-content\/uploads\/2025\/09\/shopping-feed-management.jpg); min-height: 160px; max-height: 240px;\"><\/div><a href=\"https:\/\/www.vollcom-digital.com\/de\/blog\/datengetriebenes-marketing\/marketingstrategie\/produktfeeds\/\" class=\"text-reset\"><div class=\"mask\" style=\"background-color: hsla(0, 0%, 98%, 0.3)\"><\/div><\/a><\/div><\/div><div class=\"col-md-8\"><div class=\"card-body\"><div class=\"mb-2\"><a href=\"https:\/\/www.vollcom-digital.com\/de\/blog\/category\/datengetriebenes-marketing\/marketingstrategie\/\" class=\"card-subtitle has-turquoise-color\">Marketingstrategie<\/a><\/div><a href=\"https:\/\/www.vollcom-digital.com\/de\/blog\/datengetriebenes-marketing\/marketingstrategie\/produktfeeds\/\" class=\"text-reset\"><h3 class=\"h5 card-title\">Beste Verwaltung von Produktfeeds f\u00fcr den E-Commerce<\/h3><\/a><\/div><\/div><\/div><\/div><div class=\"card horizontal-card mb-4\"><div class=\"row g-0\"><div class=\"col-md-4\"><div class=\"bg-image hover-overlay ripple\"><div class=\"bg-image rounded-start\" style=\"background-image: url(https:\/\/www.vollcom-digital.com\/wp-content\/uploads\/2025\/08\/Best-AI-Implementation-Strategies-for-E-Commerce.jpg); min-height: 160px; max-height: 240px;\"><\/div><a href=\"https:\/\/www.vollcom-digital.com\/de\/blog\/ki-analytik\/ki-implementierung\/die-besten-ki-strategien-fuer-den-e-commerce\/\" class=\"text-reset\"><div class=\"mask\" style=\"background-color: hsla(0, 0%, 98%, 0.3)\"><\/div><\/a><\/div><\/div><div class=\"col-md-8\"><div class=\"card-body\"><div class=\"mb-2\"><a href=\"https:\/\/www.vollcom-digital.com\/de\/blog\/category\/ki-analytik\/ki-implementierung\/\" class=\"card-subtitle has-turquoise-color\">KI-Implementierung<\/a><\/div><a href=\"https:\/\/www.vollcom-digital.com\/de\/blog\/ki-analytik\/ki-implementierung\/die-besten-ki-strategien-fuer-den-e-commerce\/\" class=\"text-reset\"><h3 class=\"h5 card-title\">Die besten KI-Strategien f\u00fcr den E-Commerce<\/h3><\/a><\/div><\/div><\/div><\/div><div class=\"card horizontal-card mb-4\"><div class=\"row g-0\"><div class=\"col-md-4\"><div class=\"bg-image hover-overlay ripple\"><div class=\"bg-image rounded-start\" style=\"background-image: url(https:\/\/www.vollcom-digital.com\/wp-content\/uploads\/2025\/08\/Best-Practices-for-Successful-AI-Implementation.jpg); min-height: 160px; max-height: 240px;\"><\/div><a href=\"https:\/\/www.vollcom-digital.com\/de\/blog\/ki-analytik\/ki-implementierung\/bewaehrte-praktiken-fuer-eine-erfolgreiche-ki-implementierung\/\" class=\"text-reset\"><div class=\"mask\" style=\"background-color: hsla(0, 0%, 98%, 0.3)\"><\/div><\/a><\/div><\/div><div class=\"col-md-8\"><div class=\"card-body\"><div class=\"mb-2\"><a href=\"https:\/\/www.vollcom-digital.com\/de\/blog\/category\/ki-analytik\/ki-implementierung\/\" class=\"card-subtitle has-turquoise-color\">KI-Implementierung<\/a><\/div><a href=\"https:\/\/www.vollcom-digital.com\/de\/blog\/ki-analytik\/ki-implementierung\/bewaehrte-praktiken-fuer-eine-erfolgreiche-ki-implementierung\/\" class=\"text-reset\"><h3 class=\"h5 card-title\">Bew\u00e4hrte Praktiken f\u00fcr eine erfolgreiche KI-Implementierung<\/h3><\/a><\/div><\/div><\/div><\/div><\/div>\n\t<\/div>\n\n<\/div>\n\n<\/div>\n<\/section>\n\n\n\n<section id=\"resources\" class=\"wp-block-group py-5 has-slate-50-background-color is-layout-constrained wp-block-group-is-layout-constrained\" data-mdb-animation-init=\"\" data-mdb-animation-start=\"onScroll\" data-mdb-animation=\"fade-in\" data-mdb-animation-offset=\"300\"><div class=\"wp-bootstrap-blocks-container container mb-0 pt-5\">\n\t\n<div class=\"wp-bootstrap-blocks-container container mb-0\">\n\t\n<div class=\"wp-bootstrap-blocks-row row text-center animation fade-in\">\n\t\n\n<div class=\"col-12\">\n\t\t\t\n\n<p class=\"text-uppercase mb-4 text-link-left-turquoise has-turquoise-color has-text-color has-link-color wp-elements-9c3a062a9252401199c4a7d7de0fe6b9\"><a href=\"https:\/\/www.vollcom-digital.com\/de\/ressourcen\/\" data-type=\"page\" data-id=\"14615\">Data Intelligence Wissenszentrum<\/a><\/p>\n\n\n\n<h2 class=\"wp-block-heading mb-5\">Entdecken Sie unsere neuesten Blog-Beitr\u00e4ge<\/h2>\n\n\t<\/div>\n\n<\/div>\n\n<\/div>\n\n\n<div class=\"wp-bootstrap-blocks-container container mb-0 mb-5\">\n\t\n<div class=\"wp-bootstrap-blocks-row row\">\n\t\n\n<div class=\"col-12\">\n\t\t\t\n<div class=\"row row-cols-1 row-cols-md-2 g-4\">\t\t\t<article id=\"post15666\"\n\t\t\t\tclass=\"col post-15666 post type-post status-publish format-standard has-post-thumbnail hentry category-marketingstrategie\">\n\t\t\t\t<div class=\"card h-100\">\n\t\t\t\t\t\t\t\t<div class=\"bg-image hover-overlay ripple\">\n\t\t\t\t\t\t\t<picture>\n\t\t\t\t<source media=\"(max-width: 600px)\"\n\t\t\t\t\tsrcset=\"https:\/\/www.vollcom-digital.com\/wp-content\/uploads\/2025\/09\/optimize-product-feeds-576x432.jpg\">\n\t\t\t\t<source media=\"(max-width: 992px)\"\n\t\t\t\t\tsrcset=\"https:\/\/www.vollcom-digital.com\/wp-content\/uploads\/2025\/09\/optimize-product-feeds-768x576.jpg\">\n\t\t\t\t<img decoding=\"async\" src=\"https:\/\/www.vollcom-digital.com\/wp-content\/uploads\/2025\/09\/optimize-product-feeds-768x576.jpg\" class=\"card-img-top\" alt=\"Beste M\u00f6glichkeiten zur Optimierung von Produktfeeds\" width=\"576\" height=\"324\" loading=\"lazy\" title=\"\">\n\t\t\t<\/picture>\n\t\t\t\t\t\t\t\t\t<a href=\"https:\/\/www.vollcom-digital.com\/de\/blog\/datengetriebenes-marketing\/marketingstrategie\/optimierung-von-produktfeeds\/\"\n\t\t\t\taria-label=\"Read more about Beste M\u00f6glichkeiten zur Optimierung von Produktfeeds\">\n\t\t\t\t<div class=\"mask\" style=\"background-color: hsla(0, 0%, 98%, 0.3)\"><\/div>\n\t\t\t<\/a>\n\t\t\t\t\t<\/div>\n\t\t\t\t\t\t\t\t\t\t<div class=\"card-body\">\n\t\t\t\t\t\t\t<div class=\"mb-2\">\n\t\t\t\t<a class=\"card-subtitle has-turquoise-color\"\n\t\t\t\t\thref=\"https:\/\/www.vollcom-digital.com\/de\/blog\/category\/datengetriebenes-marketing\/marketingstrategie\/\"\n\t\t\t\t\taria-label=\"View all posts in Marketingstrategie\">\n\t\t\t\t\tMarketingstrategie\t\t\t\t<\/a>\n\t\t\t<\/div>\n\t\t\t\t\t\t\t\t\t<a class=\"text-body\"\n\t\t\t\thref=\"https:\/\/www.vollcom-digital.com\/de\/blog\/datengetriebenes-marketing\/marketingstrategie\/optimierung-von-produktfeeds\/\"\n\t\t\t\taria-label=\"Read full article: Beste M\u00f6glichkeiten zur Optimierung von Produktfeeds\">\n\t\t\t\t\t\t\t<h3 class=\"card-title\">Beste M\u00f6glichkeiten zur Optimierung von Produktfeeds<\/h3>\n\t\t\t\t\t\t\t\t\t<p class=\"card-text\">\n\t\t\t\tF\u00fcr jedes E-Commerce-Unternehmen sind Produktdaten das Fundament der Marketingstrategie. Ihre Pr\u00e4zision, Struktur und Pr\u00e4sentation in Kan\u00e4len wie Google Shopping, Facebook&#8230;\t\t\t<\/p>\n\t\t\t\t\t<\/a>\n\t\t\t\t\t<\/div>\n\t\t\t\t\t\t\t\t\t\t<div class=\"card-footer bg-body-tertiary d-flex justify-content-between\">\n\t\t\t\t<small>\n\t\t\t\t\t<time datetime=\"2025-09-17T06:28:46+02:00\"\n\t\t\t\t\t\taria-label=\"Published on Sep 17, 2025\">\n\t\t\t\t\t\tSep 17, 2025\t\t\t\t\t<\/time>\n\t\t\t\t<\/small>\n\t\t\t<\/div>\n\t\t\t\t\t\t<\/div>\n\t\t\t<\/article>\n\t\t\t\t\t<article id=\"post15657\"\n\t\t\t\tclass=\"col post-15657 post type-post status-publish format-standard has-post-thumbnail hentry category-marketingstrategie tag-datenbasierte-produktlistings tag-feed-management-tools-de tag-feed-performance-analyse tag-mehrkanal-vertriebsstrategie tag-shopping-feed-optimierung\">\n\t\t\t\t<div class=\"card h-100\">\n\t\t\t\t\t\t\t\t<div class=\"bg-image hover-overlay ripple\">\n\t\t\t\t\t\t\t<picture>\n\t\t\t\t<source media=\"(max-width: 600px)\"\n\t\t\t\t\tsrcset=\"https:\/\/www.vollcom-digital.com\/wp-content\/uploads\/2025\/09\/shopping-feed-management-576x432.jpg\">\n\t\t\t\t<source media=\"(max-width: 992px)\"\n\t\t\t\t\tsrcset=\"https:\/\/www.vollcom-digital.com\/wp-content\/uploads\/2025\/09\/shopping-feed-management-768x576.jpg\">\n\t\t\t\t<img decoding=\"async\" src=\"https:\/\/www.vollcom-digital.com\/wp-content\/uploads\/2025\/09\/shopping-feed-management-768x576.jpg\" class=\"card-img-top\" alt=\"Beste Verwaltung von Produktfeeds f\u00fcr den E-Commerce\" width=\"576\" height=\"324\" loading=\"lazy\" title=\"\">\n\t\t\t<\/picture>\n\t\t\t\t\t\t\t\t\t<a href=\"https:\/\/www.vollcom-digital.com\/de\/blog\/datengetriebenes-marketing\/marketingstrategie\/produktfeeds\/\"\n\t\t\t\taria-label=\"Read more about Beste Verwaltung von Produktfeeds f\u00fcr den E-Commerce\">\n\t\t\t\t<div class=\"mask\" style=\"background-color: hsla(0, 0%, 98%, 0.3)\"><\/div>\n\t\t\t<\/a>\n\t\t\t\t\t<\/div>\n\t\t\t\t\t\t\t\t\t\t<div class=\"card-body\">\n\t\t\t\t\t\t\t<div class=\"mb-2\">\n\t\t\t\t<a class=\"card-subtitle has-turquoise-color\"\n\t\t\t\t\thref=\"https:\/\/www.vollcom-digital.com\/de\/blog\/category\/datengetriebenes-marketing\/marketingstrategie\/\"\n\t\t\t\t\taria-label=\"View all posts in Marketingstrategie\">\n\t\t\t\t\tMarketingstrategie\t\t\t\t<\/a>\n\t\t\t<\/div>\n\t\t\t\t\t\t\t\t\t<a class=\"text-body\"\n\t\t\t\thref=\"https:\/\/www.vollcom-digital.com\/de\/blog\/datengetriebenes-marketing\/marketingstrategie\/produktfeeds\/\"\n\t\t\t\taria-label=\"Read full article: Beste Verwaltung von Produktfeeds f\u00fcr den E-Commerce\">\n\t\t\t\t\t\t\t<h3 class=\"card-title\">Beste Verwaltung von Produktfeeds f\u00fcr den E-Commerce<\/h3>\n\t\t\t\t\t\t\t\t\t<p class=\"card-text\">\n\t\t\t\tEffizientes Feedmanagement f\u00fcr E-Commerce: Optimieren Sie Produktfeeds, steigern Sie Sichtbarkeit auf Google Shopping, Amazon und Preisvergleichsseiten.\t\t\t<\/p>\n\t\t\t\t\t<\/a>\n\t\t\t\t\t<\/div>\n\t\t\t\t\t\t\t\t\t\t<div class=\"card-footer bg-body-tertiary d-flex justify-content-between\">\n\t\t\t\t<small>\n\t\t\t\t\t<time datetime=\"2025-09-11T15:30:00+02:00\"\n\t\t\t\t\t\taria-label=\"Published on Sep 11, 2025\">\n\t\t\t\t\t\tSep 11, 2025\t\t\t\t\t<\/time>\n\t\t\t\t<\/small>\n\t\t\t<\/div>\n\t\t\t\t\t\t<\/div>\n\t\t\t<\/article>\n\t\t\t\t\t<article id=\"post15624\"\n\t\t\t\tclass=\"col post-15624 post type-post status-publish format-standard has-post-thumbnail hentry category-ki-implementierung tag-bestands-lieferketten-intelligenz tag-dynamische-preisoptimierung tag-ki-implementierung tag-ki-strategien-im-e-commerce tag-personalisierung-empfehlungssysteme\">\n\t\t\t\t<div class=\"card h-100\">\n\t\t\t\t\t\t\t\t<div class=\"bg-image hover-overlay ripple\">\n\t\t\t\t\t\t\t<picture>\n\t\t\t\t<source media=\"(max-width: 600px)\"\n\t\t\t\t\tsrcset=\"https:\/\/www.vollcom-digital.com\/wp-content\/uploads\/2025\/08\/Best-AI-Implementation-Strategies-for-E-Commerce-576x432.jpg\">\n\t\t\t\t<source media=\"(max-width: 992px)\"\n\t\t\t\t\tsrcset=\"https:\/\/www.vollcom-digital.com\/wp-content\/uploads\/2025\/08\/Best-AI-Implementation-Strategies-for-E-Commerce-768x576.jpg\">\n\t\t\t\t<img decoding=\"async\" src=\"https:\/\/www.vollcom-digital.com\/wp-content\/uploads\/2025\/08\/Best-AI-Implementation-Strategies-for-E-Commerce-768x576.jpg\" class=\"card-img-top\" alt=\"Die besten KI-Strategien f\u00fcr den E-Commerce\" width=\"576\" height=\"324\" loading=\"lazy\" title=\"\">\n\t\t\t<\/picture>\n\t\t\t\t\t\t\t\t\t<a href=\"https:\/\/www.vollcom-digital.com\/de\/blog\/ki-analytik\/ki-implementierung\/die-besten-ki-strategien-fuer-den-e-commerce\/\"\n\t\t\t\taria-label=\"Read more about Die besten KI-Strategien f\u00fcr den E-Commerce\">\n\t\t\t\t<div class=\"mask\" style=\"background-color: hsla(0, 0%, 98%, 0.3)\"><\/div>\n\t\t\t<\/a>\n\t\t\t\t\t<\/div>\n\t\t\t\t\t\t\t\t\t\t<div class=\"card-body\">\n\t\t\t\t\t\t\t<div class=\"mb-2\">\n\t\t\t\t<a class=\"card-subtitle has-turquoise-color\"\n\t\t\t\t\thref=\"https:\/\/www.vollcom-digital.com\/de\/blog\/category\/ki-analytik\/ki-implementierung\/\"\n\t\t\t\t\taria-label=\"View all posts in KI-Implementierung\">\n\t\t\t\t\tKI-Implementierung\t\t\t\t<\/a>\n\t\t\t<\/div>\n\t\t\t\t\t\t\t\t\t<a class=\"text-body\"\n\t\t\t\thref=\"https:\/\/www.vollcom-digital.com\/de\/blog\/ki-analytik\/ki-implementierung\/die-besten-ki-strategien-fuer-den-e-commerce\/\"\n\t\t\t\taria-label=\"Read full article: Die besten KI-Strategien f\u00fcr den E-Commerce\">\n\t\t\t\t\t\t\t<h3 class=\"card-title\">Die besten KI-Strategien f\u00fcr den E-Commerce<\/h3>\n\t\t\t\t\t\t\t\t\t<p class=\"card-text\">\n\t\t\t\tWie KI E-Commerce revolutioniert: Von personalisierten Empfehlungen \u00fcber dynamische Preisoptimierung bis zu intelligentem Bestandsmanagement f\u00fcr Umsatzwachstum.\t\t\t<\/p>\n\t\t\t\t\t<\/a>\n\t\t\t\t\t<\/div>\n\t\t\t\t\t\t\t\t\t\t<div class=\"card-footer bg-body-tertiary d-flex justify-content-between\">\n\t\t\t\t<small>\n\t\t\t\t\t<time datetime=\"2025-08-27T17:18:13+02:00\"\n\t\t\t\t\t\taria-label=\"Published on Aug 27, 2025\">\n\t\t\t\t\t\tAug 27, 2025\t\t\t\t\t<\/time>\n\t\t\t\t<\/small>\n\t\t\t<\/div>\n\t\t\t\t\t\t<\/div>\n\t\t\t<\/article>\n\t\t\t\t\t<article id=\"post15567\"\n\t\t\t\tclass=\"col post-15567 post type-post status-publish format-standard has-post-thumbnail hentry category-ki-implementierung\">\n\t\t\t\t<div class=\"card h-100\">\n\t\t\t\t\t\t\t\t<div class=\"bg-image hover-overlay ripple\">\n\t\t\t\t\t\t\t<picture>\n\t\t\t\t<source media=\"(max-width: 600px)\"\n\t\t\t\t\tsrcset=\"https:\/\/www.vollcom-digital.com\/wp-content\/uploads\/2025\/08\/Best-Practices-for-Successful-AI-Implementation-576x432.jpg\">\n\t\t\t\t<source media=\"(max-width: 992px)\"\n\t\t\t\t\tsrcset=\"https:\/\/www.vollcom-digital.com\/wp-content\/uploads\/2025\/08\/Best-Practices-for-Successful-AI-Implementation-768x576.jpg\">\n\t\t\t\t<img decoding=\"async\" src=\"https:\/\/www.vollcom-digital.com\/wp-content\/uploads\/2025\/08\/Best-Practices-for-Successful-AI-Implementation-768x576.jpg\" class=\"card-img-top\" alt=\"Bew\u00e4hrte Praktiken f\u00fcr eine erfolgreiche KI-Implementierung\" width=\"576\" height=\"324\" loading=\"lazy\" title=\"\">\n\t\t\t<\/picture>\n\t\t\t\t\t\t\t\t\t<a href=\"https:\/\/www.vollcom-digital.com\/de\/blog\/ki-analytik\/ki-implementierung\/bewaehrte-praktiken-fuer-eine-erfolgreiche-ki-implementierung\/\"\n\t\t\t\taria-label=\"Read more about Bew\u00e4hrte Praktiken f\u00fcr eine erfolgreiche KI-Implementierung\">\n\t\t\t\t<div class=\"mask\" style=\"background-color: hsla(0, 0%, 98%, 0.3)\"><\/div>\n\t\t\t<\/a>\n\t\t\t\t\t<\/div>\n\t\t\t\t\t\t\t\t\t\t<div class=\"card-body\">\n\t\t\t\t\t\t\t<div class=\"mb-2\">\n\t\t\t\t<a class=\"card-subtitle has-turquoise-color\"\n\t\t\t\t\thref=\"https:\/\/www.vollcom-digital.com\/de\/blog\/category\/ki-analytik\/ki-implementierung\/\"\n\t\t\t\t\taria-label=\"View all posts in KI-Implementierung\">\n\t\t\t\t\tKI-Implementierung\t\t\t\t<\/a>\n\t\t\t<\/div>\n\t\t\t\t\t\t\t\t\t<a class=\"text-body\"\n\t\t\t\thref=\"https:\/\/www.vollcom-digital.com\/de\/blog\/ki-analytik\/ki-implementierung\/bewaehrte-praktiken-fuer-eine-erfolgreiche-ki-implementierung\/\"\n\t\t\t\taria-label=\"Read full article: Bew\u00e4hrte Praktiken f\u00fcr eine erfolgreiche KI-Implementierung\">\n\t\t\t\t\t\t\t<h3 class=\"card-title\">Bew\u00e4hrte Praktiken f\u00fcr eine erfolgreiche KI-Implementierung<\/h3>\n\t\t\t\t\t\t\t\t\t<p class=\"card-text\">\n\t\t\t\tK\u00fcnstliche Intelligenz (KI) ist essenziell f\u00fcr Unternehmen, um Effizienz zu steigern und wettbewerbsf\u00e4hig zu bleiben. Erfahren Sie, wie Sie KI&#8230;\t\t\t<\/p>\n\t\t\t\t\t<\/a>\n\t\t\t\t\t<\/div>\n\t\t\t\t\t\t\t\t\t\t<div class=\"card-footer bg-body-tertiary d-flex justify-content-between\">\n\t\t\t\t<small>\n\t\t\t\t\t<time datetime=\"2025-08-12T11:14:46+02:00\"\n\t\t\t\t\t\taria-label=\"Published on Aug 12, 2025\">\n\t\t\t\t\t\tAug 12, 2025\t\t\t\t\t<\/time>\n\t\t\t\t<\/small>\n\t\t\t<\/div>\n\t\t\t\t\t\t<\/div>\n\t\t\t<\/article>\n\t\t<\/div>\n\t<\/div>\n\n<\/div>\n\n<\/div>\n\n<\/div>\n<\/section>\n\n\n\n<section id=\"contact\" class=\"wp-block-group py-5 is-layout-constrained wp-block-group-is-layout-constrained\"><div class=\"wp-bootstrap-blocks-container container mb-5 py-5 mt-5\">\n\t\n<div class=\"wp-bootstrap-blocks-container container mb-0\">\n\t\n<div class=\"wp-bootstrap-blocks-row row align-items-center\">\n\t\n\n<div class=\"col-12 col-md-7 d-none d-md-flex justify-content-center\">\n\t\t\t\n\n<figure class=\"wp-block-image size-medium\"><img decoding=\"async\" width=\"360\" height=\"576\" src=\"https:\/\/www.vollcom-digital.com\/wp-content\/uploads\/2025\/02\/confident-businesswoman-holding-tablet-360x576.png\" alt=\"\" class=\"wp-image-14071\" style=\"object-fit:cover\" title=\"\" srcset=\"https:\/\/www.vollcom-digital.com\/wp-content\/uploads\/2025\/02\/confident-businesswoman-holding-tablet-360x576.png 360w, https:\/\/www.vollcom-digital.com\/wp-content\/uploads\/2025\/02\/confident-businesswoman-holding-tablet-150x240.png 150w, https:\/\/www.vollcom-digital.com\/wp-content\/uploads\/2025\/02\/confident-businesswoman-holding-tablet.png 512w\" sizes=\"(max-width: 360px) 100vw, 360px\" \/><\/figure>\n\n\t<\/div>\n\n\n\n<div class=\"col-12 col-md-5 mb-5 mb-lg-0\">\n\t\t\t\n\n<h2 class=\"wp-block-heading mb-4\">Erhalten Sie Ihre kostenlose Data Intelligence Beratung<\/h2>\n\n\n\n<h3 class=\"wp-block-heading h4 text-opacity-75 mb-4\">Verwandeln Sie Ihre Daten in strategischen Gesch\u00e4ftswert<\/h3>\n\n\n\n<p class=\"text-opacity-75 mb-5\">Unsere Data Intelligence Experten analysieren Ihre aktuelle Dateninfrastruktur und liefern Ihnen umsetzbare Empfehlungen zur Verbesserung Ihrer Business Intelligence F\u00e4higkeiten.<\/p>\n\n\n<div class=\"wp-bootstrap-blocks-button\">\n\t<a\n\t\thref=\"https:\/\/www.vollcom-digital.com\/de\/erstgespraech\/\"\n\t\t\t\t\t\tclass=\"btn btn-lg btn-primary\"\n\t>\n\t\tKostenloses Erstgespr\u00e4ch vereinbaren\t<\/a>\n<\/div>\n\n\t<\/div>\n\n<\/div>\n\n<\/div>\n\n<\/div>\n<\/section>\n","protected":false},"excerpt":{"rendered":"","protected":false},"author":1,"featured_media":0,"parent":14615,"menu_order":1,"comment_status":"closed","ping_status":"closed","template":"","meta":{"inline_featured_image":false,"footnotes":""},"class_list":["post-14616","page","type-page","status-publish","hentry"],"_links":{"self":[{"href":"https:\/\/www.vollcom-digital.com\/de\/wp-json\/wp\/v2\/pages\/14616","targetHints":{"allow":["GET"]}}],"collection":[{"href":"https:\/\/www.vollcom-digital.com\/de\/wp-json\/wp\/v2\/pages"}],"about":[{"href":"https:\/\/www.vollcom-digital.com\/de\/wp-json\/wp\/v2\/types\/page"}],"author":[{"embeddable":true,"href":"https:\/\/www.vollcom-digital.com\/de\/wp-json\/wp\/v2\/users\/1"}],"replies":[{"embeddable":true,"href":"https:\/\/www.vollcom-digital.com\/de\/wp-json\/wp\/v2\/comments?post=14616"}],"version-history":[{"count":5,"href":"https:\/\/www.vollcom-digital.com\/de\/wp-json\/wp\/v2\/pages\/14616\/revisions"}],"predecessor-version":[{"id":15818,"href":"https:\/\/www.vollcom-digital.com\/de\/wp-json\/wp\/v2\/pages\/14616\/revisions\/15818"}],"up":[{"embeddable":true,"href":"https:\/\/www.vollcom-digital.com\/de\/wp-json\/wp\/v2\/pages\/14615"}],"wp:attachment":[{"href":"https:\/\/www.vollcom-digital.com\/de\/wp-json\/wp\/v2\/media?parent=14616"}],"curies":[{"name":"wp","href":"https:\/\/api.w.org\/{rel}","templated":true}]}}