{"id":15525,"date":"2025-08-01T12:37:04","date_gmt":"2025-08-01T10:37:04","guid":{"rendered":"https:\/\/www.vollcom-digital.com\/?page_id=15525"},"modified":"2025-11-27T16:15:35","modified_gmt":"2025-11-27T15:15:35","slug":"ga4-dsgvo-server-tracking","status":"publish","type":"page","link":"https:\/\/www.vollcom-digital.com\/de\/ga4-dsgvo-server-tracking\/","title":{"rendered":"DSGVO-konformes Google Analytics 4"},"content":{"rendered":"\n<section id=\"intro\" class=\"wp-block-group py-5 has-dark-blue-background-color is-layout-constrained wp-block-group-is-layout-constrained\"><div class=\"wp-bootstrap-blocks-container container mb-5 py-5 mt-5\">\n\t\n<div class=\"wp-bootstrap-blocks-container container mb-0\">\n\t\n<div class=\"wp-bootstrap-blocks-row row align-items-center\">\n\t\n\n<div class=\"col-12 col-md-5 mb-5 mb-lg-0\">\n\t\t\t\n\n<h2 class=\"wp-block-heading fw-bold mb-4 has-white-color has-text-color\">DSGVO-konformes Google Analytics 4<\/h2>\n\n\n\n<h2 class=\"wp-block-heading h4 text-opacity-75 mb-4 has-white-color has-text-color has-link-color wp-elements-e20378ff18cdef19a0f2c97f360c0141\">Erfassen Sie mehr Ihrer Daten, null rechtliches Risiko<\/h2>\n\n\n\n<p class=\"text-opacity-75 mb-5 has-white-color has-text-color has-link-color wp-elements-557225fe26b8941fee8144f3b1fadd8e\">Verlieren Sie nicht l\u00e4nger bis zu 30% Ihrer Analytics-Daten durch Cookie-Einwilligungen und Ad-Blocker. Unsere fortschrittliche Server-seitige Tracking-L\u00f6sung in deutschen Rechenzentren sorgt f\u00fcr vollst\u00e4ndige Marketing-Einblicke bei voller DSGVO-Konformit\u00e4t.<\/p>\n\n\n<div class=\"wp-bootstrap-blocks-button\">\n\t<a\n\t\thref=\"#contact-form\"\n\t\t\t\t\t\tclass=\"btn btn-lg btn-primary\"\n\t>\n\t\tKostenlose Tracking-Analyse anfordern\t<\/a>\n<\/div>\n\n\t<\/div>\n\n\n\n<div class=\"col-12 col-md-7 d-none d-md-flex justify-content-center\">\n\t\t\t\n\n<figure class=\"wp-block-image size-large\"><img decoding=\"async\" src=\"https:\/\/www.vollcom-digital.com\/wp-content\/uploads\/2025\/02\/software-developer-coding-workspace.png\" alt=\"Google Analytics 4 Dashboard mit vollst\u00e4ndiger Datenerfassung und DSGVO-Konformit\u00e4t\" title=\"\"><\/figure>\n\n\t<\/div>\n\n<\/div>\n\n<\/div>\n\n<\/div>\n<\/section>\n\n\n\n<section id=\"services\" class=\"wp-block-group py-5 mb-5 mb-lg-10 has-light-blue-background-color is-layout-constrained wp-block-group-is-layout-constrained\" data-mdb-animation-init=\"\" data-mdb-animation-start=\"onScroll\" data-mdb-animation=\"fade-in\" data-mdb-animation-offset=\"300\"><div class=\"wp-bootstrap-blocks-container container mb-0 mt-5\">\n\t\n<div class=\"wp-bootstrap-blocks-container container mb-0\">\n\t\n<div class=\"wp-bootstrap-blocks-row row text-center animation fade-in\">\n\t\n\n<div class=\"col-12\">\n\t\t\t\n\n<h2 class=\"wp-block-heading mb-5\">Komplettes GA4 &amp; GTM Setup-Paket<\/h2>\n\n\t<\/div>\n\n<\/div>\n\n<\/div>\n\n\n<div class=\"wp-bootstrap-blocks-container container mb-0\">\n\t\n<div class=\"wp-bootstrap-blocks-row row\">\n\t\n\n<div class=\"col-12 col-lg-4 mb-5\">\n\t\t\t\n\n<div class=\"wp-block-group card h-100 hover-shadow is-layout-flow wp-block-group-is-layout-flow\">\n<div class=\"wp-block-group card-body is-layout-flow wp-block-group-is-layout-flow\">\n<div class=\"wp-block-group d-flex align-items-center mb-4 is-layout-flow wp-block-group-is-layout-flow\">\n<div class=\"flex-shrink-0\">\n<span class=\"fa-stack d-flex align-items-center\" style=\"width: 60px; height: 48px;\">\n  <svg class=\"fa-stack-2x\" viewBox=\"0 0 100 100\" aria-hidden=\"true\">\n    <polygon points=\"25,10 75,10 100,50 75,90 25,90 0,50\" fill=\"#E5EAF4\"><\/polygon>\n  <\/svg>\n  <i class=\"fa-solid fa-server fa-stack-1x has-dark-blue-color fa-inverse\"><\/i>\n<\/span><\/div>\n\n\n\n<h2 class=\"wp-block-heading flex-grow-1 ms-3 card-title mb-0\">Server-seitiges Tracking<\/h2>\n<\/div>\n\n\n\n<p class=\"mb-0\">Fortschrittliche GTM-Bereitstellung mit Terraform und Proxy-Routing f\u00fcr Google-Skripte. Exklusiv in deutschen Rechenzentren f\u00fcr vollst\u00e4ndige DSGVO-Konformit\u00e4t.<\/p>\n<\/div>\n\n\n\n<div class=\"wp-block-group card-footer has-dark-blue-background-color is-layout-flow wp-block-group-is-layout-flow\">\n<p class=\"mb-0 has-white-color has-text-color has-link-color wp-elements-c6d3309dfe39cae545fa0a0eb629ee1b\">\u2713 Deutsche Cloud-Hosting<\/p>\n<\/div>\n<\/div>\n\n\t<\/div>\n\n\n\n<div class=\"col-12 col-lg-4 mb-5\">\n\t\t\t\n\n<div class=\"wp-block-group card h-100 hover-shadow is-layout-flow wp-block-group-is-layout-flow\">\n<div class=\"wp-block-group card-body is-layout-flow wp-block-group-is-layout-flow\">\n<div class=\"wp-block-group d-flex align-items-center mb-4 is-layout-flow wp-block-group-is-layout-flow\">\n<div class=\"flex-shrink-0\">\n<span class=\"fa-stack d-flex align-items-center\" style=\"width: 60px; height: 48px;\">\n  <svg class=\"fa-stack-2x\" viewBox=\"0 0 100 100\" aria-hidden=\"true\">\n    <polygon points=\"25,10 75,10 100,50 75,90 25,90 0,50\" fill=\"#E5EAF4\"><\/polygon>\n  <\/svg>\n  <i class=\"fa-solid fa-shield-alt fa-stack-1x has-dark-blue-color fa-inverse\"><\/i>\n<\/span><\/div>\n\n\n\n<h2 class=\"wp-block-heading flex-grow-1 ms-3 card-title mb-0\">DSGVO-konform<\/h2>\n<\/div>\n\n\n\n<p class=\"mb-0\">Advanced Consent Mode Implementation gew\u00e4hrleistet rechtliche Konformit\u00e4t bei maximaler Datenerfassung. Vollst\u00e4ndige Dokumentation f\u00fcr Audits inklusive.<\/p>\n<\/div>\n\n\n\n<div class=\"wp-block-group card-footer has-dark-blue-background-color is-layout-flow wp-block-group-is-layout-flow\">\n<p class=\"mb-0 has-white-color has-text-color has-link-color wp-elements-e99289f471ac59b1d82cab79427c23bb\">\u2713 Rechtssicherheit<\/p>\n<\/div>\n<\/div>\n\n\t<\/div>\n\n\n\n<div class=\"col-12 col-lg-4 mb-5\">\n\t\t\t\n\n<div class=\"wp-block-group card h-100 hover-shadow is-layout-flow wp-block-group-is-layout-flow\">\n<div class=\"wp-block-group card-body is-layout-flow wp-block-group-is-layout-flow\">\n<div class=\"wp-block-group d-flex align-items-center mb-4 is-layout-flow wp-block-group-is-layout-flow\">\n<div class=\"flex-shrink-0\"><span class=\"fa-stack d-flex align-items-center\" style=\"width: 60px; height: 48px;\">\n  <svg class=\"fa-stack-2x\" viewBox=\"0 0 100 100\" aria-hidden=\"true\">\n    <polygon points=\"25,10 75,10 100,50 75,90 25,90 0,50\" fill=\"#E5EAF4\"><\/polygon>\n  <\/svg>\n  <i class=\"fa-solid fa-chart-line fa-stack-1x has-dark-blue-color fa-inverse\"><\/i>\n<\/span><\/div>\n\n\n\n<h2 class=\"wp-block-heading flex-grow-1 ms-3 card-title mb-0\">Bis zu 30% mehr Daten<\/h2>\n<\/div>\n\n\n\n<p class=\"mb-0\">Verlorene Analytics-Daten durch First-Party-Tracking zur\u00fcckgewinnen. Erfassen Sie Nutzer, die Marketing-Cookies ablehnen, unter Wahrung ihrer Datenschutz-Entscheidungen.<\/p>\n<\/div>\n\n\n\n<div class=\"wp-block-group card-footer has-dark-blue-background-color is-layout-constrained wp-block-group-is-layout-constrained\">\n<p class=\"mb-0 has-white-color has-text-color has-link-color wp-elements-94962cc5c31f6b118e034ea35bb74281\">\u2713 Vollst\u00e4ndige Einblicke<\/p>\n<\/div>\n<\/div>\n\n\t<\/div>\n\n<\/div>\n\n<\/div>\n\n<\/div>\n<\/section>\n\n\n\n<section id=\"benefits\" class=\"wp-block-group mb-5 mb-lg-10 is-layout-constrained wp-block-group-is-layout-constrained\" data-mdb-animation-init=\"\" data-mdb-animation-start=\"onScroll\" data-mdb-animation=\"fade-in\" data-mdb-animation-offset=\"300\"><div class=\"wp-bootstrap-blocks-container container mb-0\">\n\t\n<div class=\"wp-bootstrap-blocks-container container mb-0\">\n\t\n<div class=\"wp-bootstrap-blocks-row row text-center animation fade-in\">\n\t\n\n<div class=\"col-12\">\n\t\t\t\n\n<p class=\"text-uppercase mb-4 text-link-left-turquoise has-turquoise-color has-text-color has-link-color wp-elements-c686e7ca3cab8755e10446c563927e14\">BEGRENZTE VERF\u00dcGBARKEIT<\/p>\n\n\n\n<h2 class=\"wp-block-heading mb-5\">Warum Ihr Unternehmen das jetzt braucht<\/h2>\n\n\t<\/div>\n\n<\/div>\n\n<\/div>\n\n\n<div class=\"wp-bootstrap-blocks-container container mb-0\">\n\t\n<div class=\"wp-bootstrap-blocks-row row align-items-center\">\n\t\n\n<div class=\"col-12 col-md-12 col-lg-4\">\n\t\t\t\n<div class=\"wp-bootstrap-blocks-row row mb-4\">\n\t\n\n<div class=\"col-3\">\n\t\t\t\n\n<div class=\"d-flex align-items-center justify-content-center mx-auto\">\n<span class=\"fa-stack d-flex align-items-center\" style=\"width: 60px; height: 48px;\">\n  <svg class=\"fa-stack-2x\" viewBox=\"0 0 100 100\" aria-hidden=\"true\">\n    <polygon points=\"25,10 75,10 100,50 75,90 25,90 0,50\" fill=\"#E5EAF4\"><\/polygon>\n  <\/svg>\n  <i class=\"fa-solid fa-exclamation-triangle fa-stack-1x has-dark-blue-color fa-inverse\"><\/i>\n<\/span><\/div>\n\n\t<\/div>\n\n\n\n<div class=\"col-9 mb-2\">\n\t\t\t\n\n<h2 class=\"wp-block-heading\">DSGVO-Strafen vermeiden<\/h2>\n\n\n\n<p>Standard GA4-Implementierungen riskieren Nicht-Konformit\u00e4t. Sch\u00fctzen Sie Ihr Unternehmen vor m\u00f6glichen Strafen bis zu 20 Millionen Euro.<\/p>\n\n\t<\/div>\n\n<\/div>\n\n\n<div class=\"wp-bootstrap-blocks-row row mb-4\">\n\t\n\n<div class=\"col-3\">\n\t\t\t\n\n<div class=\"d-flex align-items-center justify-content-center mx-auto\">\n    <span class=\"fa-stack d-flex align-items-center\" style=\"width: 60px; height: 48px;\">\n        <svg class=\"fa-stack-2x\" viewBox=\"0 0 100 100\" aria-hidden=\"true\">\n            <polygon points=\"25,10 75,10 100,50 75,90 25,90 0,50\" fill=\"#E5EAF4\"><\/polygon>\n        <\/svg>\n        <i class=\"fa-solid fa-eye-slash fa-stack-1x has-dark-blue-color fa-inverse\"><\/i>\n    <\/span>\n<\/div>\n\n\t<\/div>\n\n\n\n<div class=\"col-9 mb-2\">\n\t\t\t\n\n<h2 class=\"wp-block-heading\">Datenverlust stoppen<\/h2>\n\n\n\n<p>Cookie-Banner und Ad-Blocker verbergen bis zu 30% Ihrer Besucherdaten. Treffen Sie fundierte Entscheidungen mit vollst\u00e4ndigen Einblicken.<\/p>\n\n\t<\/div>\n\n<\/div>\n\n\t<\/div>\n\n\n\n<div class=\"col-12 col-md-12 col-lg-4 text-center px-5 mb-5 mb-lg-0\">\n\t\t\t\n\n<figure class=\"wp-block-image size-full\"><img decoding=\"async\" src=\"https:\/\/www.vollcom-digital.com\/wp-content\/uploads\/2025\/02\/nighttime-coding-software-engineering.png\" alt=\"Server-seitiges Tracking Implementierung Visualisierung\" title=\"\"><\/figure>\n\n\t<\/div>\n\n\n\n<div class=\"col-12 col-md-12 col-lg-4\">\n\t\t\t\n<div class=\"wp-bootstrap-blocks-row row mb-4\">\n\t\n\n<div class=\"col-3\">\n\t\t\t\n\n<div class=\"d-flex align-items-center justify-content-center mx-auto\">\n<span class=\"fa-stack d-flex align-items-center\" style=\"width: 60px; height: 48px;\">\n  <svg class=\"fa-stack-2x\" viewBox=\"0 0 100 100\" aria-hidden=\"true\">\n    <polygon points=\"25,10 75,10 100,50 75,90 25,90 0,50\" fill=\"#E5EAF4\"><\/polygon>\n  <\/svg>\n  <i class=\"fa-solid fa-tachometer-alt fa-stack-1x has-dark-blue-color fa-inverse\"><\/i>\n<\/span><\/div>\n\n\t<\/div>\n\n\n\n<div class=\"col-9 mb-2\">\n\t\t\t\n\n<h2 class=\"wp-block-heading\">Schnellere Website<\/h2>\n\n\n\n<p>Server-seitige Verarbeitung reduziert Client-seitige Skripte und verbessert Ladezeiten sowie Nutzererfahrung.<\/p>\n\n\t<\/div>\n\n<\/div>\n\n\n<div class=\"wp-bootstrap-blocks-row row mb-4\">\n\t\n\n<div class=\"col-3\">\n\t\t\t\n\n<div class=\"d-flex align-items-center justify-content-center mx-auto\">\n<span class=\"fa-stack d-flex align-items-center\" style=\"width: 60px; height: 48px;\">\n  <svg class=\"fa-stack-2x\" viewBox=\"0 0 100 100\" aria-hidden=\"true\">\n    <polygon points=\"25,10 75,10 100,50 75,90 25,90 0,50\" fill=\"#E5EAF4\"><\/polygon>\n  <\/svg>\n  <i class=\"fa-solid fa-chart-bar fa-stack-1x has-dark-blue-color fa-inverse\"><\/i>\n<\/span><\/div>\n\n\t<\/div>\n\n\n\n<div class=\"col-9 mb-2\">\n\t\t\t\n\n<h2 class=\"wp-block-heading\">Bessere ROI-Messung<\/h2>\n\n\n\n<p>Pr\u00e4zises Conversion-Tracking bedeutet, dass Sie endlich wissen, welche Kampagnen wirklich Ergebnisse bringen.<\/p>\n\n\t<\/div>\n\n<\/div>\n\n\t<\/div>\n\n<\/div>\n\n<\/div>\n\n<\/div>\n<\/section>\n\n\n\n<section id=\"process\" class=\"wp-block-group py-5 has-light-blue-background-color has-slate-50-background-color is-layout-constrained wp-block-group-is-layout-constrained\" data-mdb-animation-init=\"\" data-mdb-animation-start=\"onScroll\" data-mdb-animation=\"fade-in\" data-mdb-animation-offset=\"300\"><div class=\"wp-bootstrap-blocks-container container mb-5 mt-5\">\n\t\n<div class=\"wp-bootstrap-blocks-container container mb-5\">\n\t\n<div class=\"wp-bootstrap-blocks-row row text-md-center\">\n\t\n\n<div class=\"col-12\">\n\t\t\t\n\n<p class=\"text-uppercase mb-4 text-link-left-turquoise has-turquoise-color has-text-color has-link-color wp-elements-13a83cfdd19fb4c85aad420d8d9aeb43\">EINFACHER PROZESS<\/p>\n\n\n\n<h2 class=\"wp-block-heading\">Ihr Weg zu konformen Analytics<\/h2>\n\n\t<\/div>\n\n<\/div>\n\n<\/div>\n\n\n<div class=\"wp-bootstrap-blocks-container container mb-0\">\n\t\n<div class=\"wp-bootstrap-blocks-row row\">\n\t\n\n<div class=\"col-12\">\n\t\t\t\n\t<!-- STEPPER DEBUG: Function called with 3 steps -->\n\t<ul class=\"timeline-with-icons mb-7 ms-3\">\n\t\t\t\t\t<li class=\"timeline-item mb-5\" >\n\t\t\t\t<span class=\"timeline-icon badge-primary\">\n\t\t\t\t\t<i class=\"fa-solid fa-search fa-sm fa-fw\" style=\"color: #181347;\"><\/i>\n\t\t\t\t<\/span>\n\t\t\t\t<p class=\"text-muted mb-2 fw-bold\">Step 1.<\/p>\n\t\t\t\t<h5 class=\"fw-bold\">Kostenlose Tracking-Analyse<\/h5>\n\t\t\t\t<p class=\"text-muted\">\n\t\t\t\t\tWir analysieren Ihr aktuelles Setup und zeigen Ihnen genau, wie viele Daten Sie verlieren und welche Compliance-Risiken bestehen.\t\t\t\t<\/p>\n\t\t\t\t\t\t\t\t\t\t\t<\/li>\n\t\t\t\t\t<li class=\"timeline-item mb-5\" >\n\t\t\t\t<span class=\"timeline-icon badge-primary\">\n\t\t\t\t\t<i class=\"fa-solid fa-cogs fa-sm fa-fw\" style=\"color: #181347;\"><\/i>\n\t\t\t\t<\/span>\n\t\t\t\t<p class=\"text-muted mb-2 fw-bold\">Step 2.<\/p>\n\t\t\t\t<h5 class=\"fw-bold\">Professionelle Implementierung<\/h5>\n\t\t\t\t<p class=\"text-muted\">\n\t\t\t\t\tUnsere zertifizierten Experten implementieren Ihre komplette Server-seitige Tracking-Infrastruktur in deutschen Rechenzentren innerhalb von 5-10 Tagen.\t\t\t\t<\/p>\n\t\t\t\t\t\t\t\t\t\t\t<\/li>\n\t\t\t\t\t<li class=\"timeline-item mb-5\" >\n\t\t\t\t<span class=\"timeline-icon badge-primary\">\n\t\t\t\t\t<i class=\"fa-solid fa-check-circle fa-sm fa-fw\" style=\"color: #181347;\"><\/i>\n\t\t\t\t<\/span>\n\t\t\t\t<p class=\"text-muted mb-2 fw-bold\">Step 3.<\/p>\n\t\t\t\t<h5 class=\"fw-bold\">Testing &amp; \u00dcbergabe<\/h5>\n\t\t\t\t<p class=\"text-muted\">\n\t\t\t\t\tGr\u00fcndliche Tests stellen sicher, dass alles perfekt funktioniert. Sie erhalten vollst\u00e4ndige Dokumentation und optionale Schulung.\t\t\t\t<\/p>\n\t\t\t\t\t\t\t\t\t\t\t<\/li>\n\t\t\t<\/ul>\n\n\t<\/div>\n\n<\/div>\n\n<\/div>\n\n<\/div>\n<\/section>\n\n\n\n<section id=\"faq\" class=\"wp-block-group py-5 has-slate-50-background-color is-layout-constrained wp-block-group-is-layout-constrained\" data-mdb-animation-init=\"\" data-mdb-animation-start=\"onScroll\" data-mdb-animation=\"fade-in\" data-mdb-animation-offset=\"300\"><div class=\"wp-bootstrap-blocks-container container mb-0 pt-5\">\n\t\n<div class=\"wp-bootstrap-blocks-container container mb-0\">\n\t\n<div class=\"wp-bootstrap-blocks-row row text-center animation fade-in\">\n\t\n\n<div class=\"col-12\">\n\t\t\t\n\n<h2 class=\"wp-block-heading mb-4\">H\u00e4ufig gestellte Fragen<\/h2>\n\n\t<\/div>\n\n<\/div>\n\n<\/div>\n\n\n<div class=\"wp-bootstrap-blocks-container container mb-0 mb-5\">\n\t\n<div class=\"wp-bootstrap-blocks-row row\">\n\t\n\n<div class=\"col-12 col-lg-6 mb-4\">\n\t\t\t\n\n<div class=\"wp-block-group card h-100 is-layout-flow wp-block-group-is-layout-flow\">\n<div class=\"wp-block-group card-body is-layout-flow wp-block-group-is-layout-flow\">\n<h2 class=\"wp-block-heading\">Ist das DSGVO-konform?<\/h2>\n\n\n\n<p>Ja, absolut. Durch die Verarbeitung von Daten \u00fcber deutsche Server und die Implementierung eines ordnungsgem\u00e4\u00dfen Consent-Managements stellen wir die vollst\u00e4ndige Einhaltung der DSGVO-Anforderungen sicher. Alle Daten bleiben unter Ihrer Kontrolle und wir liefern vollst\u00e4ndige Dokumentation f\u00fcr Audits.<\/p>\n<\/div>\n<\/div>\n\n\t<\/div>\n\n\n\n<div class=\"col-12 col-lg-6 mb-4\">\n\t\t\t\n\n<div class=\"wp-block-group card h-100 is-layout-flow wp-block-group-is-layout-flow\">\n<div class=\"wp-block-group card-body is-layout-flow wp-block-group-is-layout-flow\">\n<h2 class=\"wp-block-heading\">Wie viel Datenr\u00fcckgewinnung kann ich erwarten?<\/h2>\n\n\n\n<p>Die meisten Kunden sehen eine 30-50% Steigerung der erfassten Conversions. Mit Server-seitigem Tracking und ordnungsgem\u00e4\u00dfer Consent Mode Implementierung k\u00f6nnen Sie Daten auch von Nutzern erfassen, die Cookies f\u00fcr Marketingzwecke ablehnen.<\/p>\n<\/div>\n<\/div>\n\n\t<\/div>\n\n<\/div>\n\n<\/div>\n\n<\/div>\n<\/section>\n\n\n\n<section id=\"contact-form\" class=\"wp-block-group py-5 mb-5 mb-lg-10 is-layout-constrained wp-block-group-is-layout-constrained\"><div class=\"wp-bootstrap-blocks-container container mb-0 mt-5\">\n\t\n<div class=\"wp-bootstrap-blocks-container container mb-0\">\n\t\n<div class=\"wp-bootstrap-blocks-row row align-items-center\">\n\t\n\n<div class=\"col-12 col-md-7 d-none d-md-flex justify-content-center\">\n\t\t\t\n\n<figure class=\"wp-block-image size-medium\"><img decoding=\"async\" src=\"https:\/\/www.vollcom-digital.com\/wp-content\/uploads\/2025\/02\/confident-businesswoman-holding-tablet-360x576.png\" alt=\"Analytics-Experte bereit, bei Ihrem GA4-Setup zu helfen\" title=\"\"><\/figure>\n\n\t<\/div>\n\n\n\n<div class=\"col-12 col-md-5 mb-5 mb-lg-0\">\n\t\t\t\n\n<h2 class=\"wp-block-heading fw-bold mb-3\">Begrenzte Verf\u00fcgbarkeit &#8211; Nur 5 Pl\u00e4tze pro Monat<\/h2>\n\n\n\n<h2 class=\"wp-block-heading h4 text-opacity-75 mb-3\">Jetzt kostenlose Tracking-Analyse sichern<\/h2>\n\n\n\n<p class=\"text-opacity-75 mb-5\">Entdecken Sie, wie viele Daten Sie verlieren und erhalten Sie einen ma\u00dfgeschneiderten Implementierungsplan. Unverbindlich.<\/p>\n\n\n<div class=\"wp-bootstrap-blocks-button\">\n\t<a\n\t\thref=\"https:\/\/www.vollcom-digital.com\/de\/erstgespraech\/\"\n\t\t\t\t\t\tclass=\"btn btn-lg btn-primary\"\n\t>\n\t\tKostenloses Erstgespr\u00e4ch vereinbaren\t<\/a>\n<\/div>\n\n\n\n<p class=\"has-text-align-center mt-3\" style=\"font-size:14px\"><em>Ihre Daten werden gem\u00e4\u00df unserer Datenschutzrichtlinie verarbeitet. Wir verwenden Ihre Informationen nur, um Ihnen Informationen \u00fcber unsere GA4-Setup-Services zuzusenden.<\/em><\/p>\n\n\t<\/div>\n\n<\/div>\n\n<\/div>\n\n<\/div>\n<\/section>\n","protected":false},"excerpt":{"rendered":"","protected":false},"author":1,"featured_media":0,"parent":0,"menu_order":0,"comment_status":"closed","ping_status":"closed","template":"","meta":{"inline_featured_image":false,"footnotes":""},"class_list":["post-15525","page","type-page","status-publish","hentry"],"_links":{"self":[{"href":"https:\/\/www.vollcom-digital.com\/de\/wp-json\/wp\/v2\/pages\/15525","targetHints":{"allow":["GET"]}}],"collection":[{"href":"https:\/\/www.vollcom-digital.com\/de\/wp-json\/wp\/v2\/pages"}],"about":[{"href":"https:\/\/www.vollcom-digital.com\/de\/wp-json\/wp\/v2\/types\/page"}],"author":[{"embeddable":true,"href":"https:\/\/www.vollcom-digital.com\/de\/wp-json\/wp\/v2\/users\/1"}],"replies":[{"embeddable":true,"href":"https:\/\/www.vollcom-digital.com\/de\/wp-json\/wp\/v2\/comments?post=15525"}],"version-history":[{"count":3,"href":"https:\/\/www.vollcom-digital.com\/de\/wp-json\/wp\/v2\/pages\/15525\/revisions"}],"predecessor-version":[{"id":15780,"href":"https:\/\/www.vollcom-digital.com\/de\/wp-json\/wp\/v2\/pages\/15525\/revisions\/15780"}],"wp:attachment":[{"href":"https:\/\/www.vollcom-digital.com\/de\/wp-json\/wp\/v2\/media?parent=15525"}],"curies":[{"name":"wp","href":"https:\/\/api.w.org\/{rel}","templated":true}]}}